{"id":40648,"date":"2025-05-31T13:19:01","date_gmt":"2025-05-31T11:19:01","guid":{"rendered":"https:\/\/pawz.rs\/?post_type=product&#038;p=40648"},"modified":"2025-06-29T19:50:00","modified_gmt":"2025-06-29T17:50:00","slug":"craftia-vida-nativa-nordica-sterilised-salmon-with-butternut-squash-adult-cat","status":"publish","type":"product","link":"https:\/\/pawz.rs\/en\/craftia-vida-nativa-nordica-sterilised-salmon-with-butternut-squash-adult-cat\/","title":{"rendered":"Craftia Vida Nativa Nordica Sterilised Salmon With Butternut Squash Adult Cat"},"content":{"rendered":"<p><strong>Craftia Vida Nativa Nordica Sterilised Salmon With Butternut Squash Adult Cat<\/strong><\/p>\n<p>Losos i muskatna tikva su prava poslastica i podr\u017eavaju zdravlje va\u0161eg ljubimca na mnogo na\u010dina: losos je odli\u010dan izvor lako svarljivih proteina i odli\u010dan je za zdravlje ko\u017ee i sjajnu dlaku, dok muskatna tikva i jabuka pru\u017eaju osnovu za zdrav probavni sistem i op\u0161te blagostanje.<\/p>\n<p><strong>SASTAV<\/strong><br \/>\nDehidrirani protein lososa (23%), krompir, skrob gra\u0161ka, losos (12%), riblje ulje (iz lososa), hidrolizovani riblji protein, pile\u0107a mast, dehidrirana jaja, suvi rezanci \u0161e\u0107erne repe, bra\u0161no lucerke, laneno seme, vlakna gra\u0161ka, su\u0161ena muskatna tikva (0,5%), su\u0161ena jabuka (0,5%), monokalcijum fosfat, kalijum hlorid, inulin cikorije (0,4%), ekstrakt kvasca (izvor mano-oligosaharida) (0,2%), frukto-oligosaharidi (0,2%), suvi pivski kvasac, kalcijum karbonat, natrijum hlorid, \u0161pargla, brokoli, spana\u0107, Ascophyllum Nodosum, su\u0161ena nana, neven, psilijum, juka mohave.<\/p>\n<p><strong>NUTRITIVNI SASTOJCI ADITIVI PO KG<br \/>\n<\/strong>Vitamin A 17000IJ; vitamin D3 1700IJ; vitamin E 200mg; vitamin C 170mg; niacinamid 51mg; D-pantenol 21,2mg; vitamin B2 10,6mg; vitamin B6 6,3mg; vitamin B1 10,6mg; biotin 0,51mg; folna kiselina 0,51mg; vitamin B12 0,09mg; holin hlorid 2620mg; cink (cink helat glicin hidrata): 84,60mg; mangan (mangan helat glicin hidrata): 18,00mg; gvo\u017e\u0111e [gvo\u017e\u0111e-(II)-helat glicin hidrata]: 64,80mg; bakar [bakar-(II)-helat glicin hidrata]: 12,60mg; jod (kalcijum jodat anhidrovani): 1,80mg; selen (L-selenometionin): 0,30mg; tehni\u010dki \u010dist DL-metionin 4500mg; taurin 1780mg. L-karnitin 200mg.<\/p>\n<p>Antioksidanti: ekstrakti tokoferola iz biljnih ulja.<br \/>\nTehnolo\u0161ki dodaci: mikrokristalna celuloza.<strong><br \/>\n<\/strong><\/p>\n<p><strong>ANALITI\u010cKI SASTAV<br \/>\n<\/strong>Sirovi proteini 35,70%; sirova mast 9,70%; sirova vlakna 4,80%; sirovi pepeo 7,60%; kalcijum 1,05%; fosfor 0,75%; omega-6 0,95%; omega-3 0,60%.<\/p>\n<p><strong>UPUTSTVO ZA HRANJENJE<\/strong><br \/>\nProizvod dati bez dodataka, prate\u0107i preporu\u010dene dnevne koli\u010dine navedene u tabeli.<\/p>\n<p>Preporu\u010dene dnevne koli\u010dine nazna\u010dene na pakovanju su okvirne i potrebno ih je prilagoditi, kako bi se postigla prava telesna te\u017eina. Predla\u017eemo da pratite te\u017einu Va\u0161eg ku\u0107nog ljubimca i po potrebi prilagodite obroke.<\/p>\n<p>Preporu\u010dene dnevne koli\u010dine mogu se menjati u zavisnosti od rase, okru\u017eenja, fizi\u010dke aktivnosti ili temperamenta i indeksa te\u017eine (stanja uhranjenosti) Va\u0161eg ku\u0107nog ljubimca.<\/p>\n<p>Preporu\u010dujemo hranjenje dva puta dnevno. Sve\u017ea i \u010dista voda mora da bude stalno dostupna.<\/p>\n<p>Pri prvom hranjenju novom hranom uvodite je postepeno. Zapo\u010dnite me\u0161anjem 25% nove hrane sa 75% stare. Polako povec\u0301avajte koli\u010dinu nove hrane proporcionalno tokom sledec\u0301ih 5\u20137 dana.<\/p>\n<p>Poslu\u017eiti hranu u suvom obliku uz dostupnu sve\u017eu vodu.<br \/>\nZbog zdravlja Va\u0161eg ljubimca redovno konsultujte veterinara.<\/p>\n<p>Proizvod \u010duvati na suvom, tamnom i hladnom mestu.<\/p>\n<p>Proizvo\u0111a\u010d: Kraftia, Srbija<br \/>\nZemlja porekla: Srbija<\/p>\n\n    <div class=\"xs_social_share_widget xs_share_url after_content \t\tmain_content  wslu-style-1 wslu-share-box-shaped wslu-fill-colored wslu-none wslu-share-horizontal wslu-theme-font-no wslu-main_content\">\n\n\t\t\n        <ul>\n\t\t\t        <\/ul>\n    <\/div> \n","protected":false},"excerpt":{"rendered":"<p>Kompletna hrana za odrasle sterilisane ma\u010dke sa lososom i tikvicom<\/p>","protected":false},"featured_media":40822,"comment_status":"open","ping_status":"closed","template":"","meta":{"_acf_changed":false},"pwb-brand":[1268],"product_cat":[23,21,149],"product_tag":[],"class_list":{"0":"post-40648","1":"product","2":"type-product","3":"status-publish","4":"has-post-thumbnail","6":"pwb-brand-kraftia","7":"product_cat-macke","8":"product_cat-hrana-za-macke","9":"product_cat-granule-za-macke","11":"first","12":"instock","13":"taxable","14":"shipping-taxable","15":"purchasable","16":"product-type-variable","17":"has-default-attributes"},"acf":[],"brands":[{"id":1268,"name":"Kraftia","slug":"kraftia"}],"_links":{"self":[{"href":"https:\/\/pawz.rs\/en\/wp-json\/wp\/v2\/product\/40648","targetHints":{"allow":["GET"]}}],"collection":[{"href":"https:\/\/pawz.rs\/en\/wp-json\/wp\/v2\/product"}],"about":[{"href":"https:\/\/pawz.rs\/en\/wp-json\/wp\/v2\/types\/product"}],"replies":[{"embeddable":true,"href":"https:\/\/pawz.rs\/en\/wp-json\/wp\/v2\/comments?post=40648"}],"wp:featuredmedia":[{"embeddable":true,"href":"https:\/\/pawz.rs\/en\/wp-json\/wp\/v2\/media\/40822"}],"wp:attachment":[{"href":"https:\/\/pawz.rs\/en\/wp-json\/wp\/v2\/media?parent=40648"}],"wp:term":[{"taxonomy":"pwb-brand","embeddable":true,"href":"https:\/\/pawz.rs\/en\/wp-json\/wp\/v2\/pwb-brand?post=40648"},{"taxonomy":"product_cat","embeddable":true,"href":"https:\/\/pawz.rs\/en\/wp-json\/wp\/v2\/product_cat?post=40648"},{"taxonomy":"product_tag","embeddable":true,"href":"https:\/\/pawz.rs\/en\/wp-json\/wp\/v2\/product_tag?post=40648"}],"curies":[{"name":"wp","href":"https:\/\/api.w.org\/{rel}","templated":true}]}}