{"id":40654,"date":"2025-05-31T13:18:45","date_gmt":"2025-05-31T11:18:45","guid":{"rendered":"https:\/\/pawz.rs\/?post_type=product&#038;p=40654"},"modified":"2025-06-29T19:50:02","modified_gmt":"2025-06-29T17:50:02","slug":"craftia-vida-nativa-highlands-lamb-with-brown-rice-adult-cat","status":"publish","type":"product","link":"https:\/\/pawz.rs\/en\/craftia-vida-nativa-highlands-lamb-with-brown-rice-adult-cat\/","title":{"rendered":"Craftia Vida Nativa Highlands Lamb With Brown Rice Adult Cat"},"content":{"rendered":"<p><strong>Craftia Vida Nativa Highlands Lamb With Brown Rice Adult Cat<\/strong><\/p>\n<p>Jagnjetina i sme\u0111i pirina\u010d su izuzetno hranljiva kombinacija za ljubimce. Sa jagnjetinom koja je klju\u010dna za izgradnju i odr\u017eavanje zdravih mi\u0161i\u0107a, ko\u017ee i dlake, i sme\u0111im pirin\u010dem koji podr\u017eava metabolizam ljubimaca, ova receptura je pravi izbor, a uz to i ukusan.<\/p>\n<p><strong>SASTAV<\/strong><br \/>\nJagnjetina i sme\u0111i pirina\u010d su izuzetno hranljiva kombinacija za ljubimce. Sa jagnjetinom koja je klju\u010dna za izgradnju i odr\u017eavanje zdravih mi\u0161i\u0107a, ko\u017ee i dlake, i sme\u0111im pirin\u010dem koji podr\u017eava metabolizam ljubimaca, ova receptura je pravi izbor, a uz to i ukusan.<\/p>\n<p><strong>NUTRITIVNI SASTOJCI ADITIVI PO KG<br \/>\n<\/strong>Vitamin A 16000IJ; vitamin D3 1600IJ; vitamin E 190mg; vitamin C 160mg; niacinamid 48mg; D-pantenol 20mg; vitamin B2 10mg; vitamin B6 6mg; vitamin B1 10mg; biotin 0,48mg; folna kiselina 0,48mg; vitamin B12 0,08mg; holin hlorid 2420mg; cink (cink helat glicin hidrata): 79,90mg; mangan (mangan helat glicin hidrata): 17,00mg; gvo\u017e\u0111e [gvo\u017e\u0111e-(II)-helat glicin hidrata]: 61,20mg; bakar [bakar-(II)-helat glicin hidrata]: 11,90mg; jod (kalcijum jodat anhidrovani): 1,70mg; selen (L-selenometionin): 0,29mg; tehni\u010dki \u010dist DL-metionin 2800mg; taurin 1680mg.<\/p>\n<p>Antioksidanti: ekstrakti tokoferola iz biljnih ulja.<strong><br \/>\n<\/strong><\/p>\n<p><strong>ANALITI\u010cKI SASTAV<br \/>\n<\/strong>Sirovi proteini 32,70%; sirova mast 13,30%; sirova vlakna 2%; sirovi pepeo 7,50%; kalcijum 1,20%; fosfor 0,90%; omega-6 1,30%; omega-3 0,60%.<\/p>\n<p><strong>UPUTSTVO ZA HRANJENJE<\/strong><br \/>\nProizvod dati bez dodataka, prate\u0107i preporu\u010dene dnevne koli\u010dine navedene u tabeli.<\/p>\n<p>Preporu\u010dene dnevne koli\u010dine nazna\u010dene na pakovanju su okvirne i potrebno ih je prilagoditi, kako bi se postigla prava telesna te\u017eina. Predla\u017eemo da pratite te\u017einu Va\u0161eg ku\u0107nog ljubimca i po potrebi prilagodite obroke.<\/p>\n<p>Preporu\u010dene dnevne koli\u010dine mogu se menjati u zavisnosti od rase, okru\u017eenja, fizi\u010dke aktivnosti ili temperamenta i indeksa te\u017eine (stanja uhranjenosti) Va\u0161eg ku\u0107nog ljubimca.<\/p>\n<p>Preporu\u010dujemo hranjenje dva puta dnevno. Sve\u017ea i \u010dista voda mora da bude stalno dostupna.<\/p>\n<p>Pri prvom hranjenju novom hranom uvodite je postepeno. Zapo\u010dnite me\u0161anjem 25% nove hrane sa 75% stare. Polako povec\u0301avajte koli\u010dinu nove hrane proporcionalno tokom sledec\u0301ih 5\u20137 dana.<\/p>\n<p>Poslu\u017eiti hranu u suvom obliku uz dostupnu sve\u017eu vodu.<br \/>\nZbog zdravlja Va\u0161eg ljubimca redovno konsultujte veterinara.<\/p>\n<p>Proizvod \u010duvati na suvom, tamnom i hladnom mestu.<\/p>\n<p>Proizvo\u0111a\u010d: Kraftia, Srbija<br \/>\nZemlja porekla: Srbija<\/p>\n\n    <div class=\"xs_social_share_widget xs_share_url after_content \t\tmain_content  wslu-style-1 wslu-share-box-shaped wslu-fill-colored wslu-none wslu-share-horizontal wslu-theme-font-no wslu-main_content\">\n\n\t\t\n        <ul>\n\t\t\t        <\/ul>\n    <\/div> \n","protected":false},"excerpt":{"rendered":"<p>Kompletna hrana za odrasle ma\u010dke sa jagnjetinom i sme\u0111im pirin\u010dom. Izuzetno hranljiva kombinacija za ljubimce.<\/p>","protected":false},"featured_media":40776,"comment_status":"open","ping_status":"closed","template":"","meta":{"_acf_changed":false},"pwb-brand":[1268],"product_cat":[23,21,149],"product_tag":[],"class_list":{"0":"post-40654","1":"product","2":"type-product","3":"status-publish","4":"has-post-thumbnail","6":"pwb-brand-kraftia","7":"product_cat-macke","8":"product_cat-hrana-za-macke","9":"product_cat-granule-za-macke","11":"first","12":"instock","13":"taxable","14":"shipping-taxable","15":"purchasable","16":"product-type-variable","17":"has-default-attributes"},"acf":[],"brands":[{"id":1268,"name":"Kraftia","slug":"kraftia"}],"_links":{"self":[{"href":"https:\/\/pawz.rs\/en\/wp-json\/wp\/v2\/product\/40654","targetHints":{"allow":["GET"]}}],"collection":[{"href":"https:\/\/pawz.rs\/en\/wp-json\/wp\/v2\/product"}],"about":[{"href":"https:\/\/pawz.rs\/en\/wp-json\/wp\/v2\/types\/product"}],"replies":[{"embeddable":true,"href":"https:\/\/pawz.rs\/en\/wp-json\/wp\/v2\/comments?post=40654"}],"wp:featuredmedia":[{"embeddable":true,"href":"https:\/\/pawz.rs\/en\/wp-json\/wp\/v2\/media\/40776"}],"wp:attachment":[{"href":"https:\/\/pawz.rs\/en\/wp-json\/wp\/v2\/media?parent=40654"}],"wp:term":[{"taxonomy":"pwb-brand","embeddable":true,"href":"https:\/\/pawz.rs\/en\/wp-json\/wp\/v2\/pwb-brand?post=40654"},{"taxonomy":"product_cat","embeddable":true,"href":"https:\/\/pawz.rs\/en\/wp-json\/wp\/v2\/product_cat?post=40654"},{"taxonomy":"product_tag","embeddable":true,"href":"https:\/\/pawz.rs\/en\/wp-json\/wp\/v2\/product_tag?post=40654"}],"curies":[{"name":"wp","href":"https:\/\/api.w.org\/{rel}","templated":true}]}}