{"id":40658,"date":"2025-05-31T13:18:44","date_gmt":"2025-05-31T11:18:44","guid":{"rendered":"https:\/\/pawz.rs\/?post_type=product&#038;p=40658"},"modified":"2025-06-29T19:50:02","modified_gmt":"2025-06-29T17:50:02","slug":"craftia-vida-nativa-freedom-chicken-with-blueberry-adult-dog-medium-large-breed","status":"publish","type":"product","link":"https:\/\/pawz.rs\/en\/craftia-vida-nativa-freedom-chicken-with-blueberry-adult-dog-medium-large-breed\/","title":{"rendered":"Craftia Vida Nativa Freedom Chicken With Blueberry Adult Dog Medium &#038; Large Breed"},"content":{"rendered":"<p><strong>Craftia Vida Nativa Freedom Chicken With Blueberry Adult Dog Medium &amp; Large Breed<\/strong><\/p>\n<p>Piletina i borovnice su ukusna i zdrava kombinacija. Ovaj spoj je sjajan izvor proteina, neophodnih za jake kosti i zdrave zglobove, dok superhrana kao \u0161to su borovnice obezbe\u0111uje i vlakna i antioksidante, koji poma\u017eu u ja\u010danju imunog sistema.<\/p>\n<p><strong>SASTAV<\/strong><br \/>\nDehidrirani pile\u0107i protein (19%), krompir, skrob gra\u0161ka, sirova piletina (11%), pile\u0107a mast, hidrolizovani \u017eivinski protein, dehidrirana jaja, laneno seme, riblje ulje (iz lososa), borovnica (4%), brokoli (4%), \u0161pargla, spana\u0107, suvi rezanci \u0161e\u0107erne repe, bra\u0161no lucerke, vlakna gra\u0161ka, kalcijum karbonat, monokalcijum fosfat, kalijum hlorid, natrijum hlorid, suvi pivski kvasac, inulin cikorije (0,4%), ekstrakt kvasca (izvor mano-oligosaharida) (0,2%), frukto-oligosaharidi (0,2%), Ascophyllum Nodosum, glukozamin (0,04%), hondroitin sulfat (0,04%), su\u0161ena nana, neven, psilijum, juka mohave.<\/p>\n<p><strong>NUTRITIVNI SASTOJCI ADITIVI PO KG<br \/>\n<\/strong>Vitamin A 16000IJ; vitamin D3 1600IJ; vitamin E 190mg; vitamin C 160mg; niacinamid 48mg; D-pantenol 20mg; vitamin B2 10mg; vitamin B6 6mg; vitamin B1 10mg; biotin 0,48mg; folna kiselina 0,48mg; vitamin B12 0,08mg; holin hlorid 2420mg; cink (cink helat glicin hidrata): 75,20mg; mangan (mangan helat glicin hidrata): 16,00mg; gvo\u017e\u0111e [gvo\u017e\u0111e-(II)-helat glicin hidrata]: 57,60mg; bakar [bakar-(II)-helat glicin hidrata]: 11,20mg; jod (kalcijum jodat anhidrovani): 1,60mg; selen (L-selenometionin): 0,27mg; tehni\u010dki \u010dist DL-metionin 2300mg; taurin 720mg; L-cistein 300mg; L-karnitin 150mg.<\/p>\n<p>Antioksidanti: ekstrakti tokoferola iz biljnih ulja.<strong><br \/>\n<\/strong><\/p>\n<p><strong>ANALITI\u010cKI SASTAV<br \/>\n<\/strong>Sirovi proteini 26%; sirova mast 13,70%; sirova vlakna 2,50%; sirovi pepeo 8%; kalcijum 1,10%; fosfor 0,90%; omega-6 2,10%; omega-3 0,60%.<\/p>\n<p><strong>UPUTSTVO ZA HRANJENJE<\/strong><br \/>\nProizvod dati bez dodataka, prate\u0107i preporu\u010dene dnevne koli\u010dine navedene u tabeli. Preporu\u010dene dnevne koli\u010dine nazna\u010dene na pakovanju su okvirne i potrebno ih je prilagoditi, kako bi se postigla prava telesna te\u017eina. Predla\u017eemo da pratite te\u017einu Va\u0161eg ku\u0107nog ljubimca i po potrebi prilagodite obroke.<\/p>\n<p>Preporu\u010dene dnevne koli\u010dine mogu se menjati u zavisnosti od rase, okru\u017eenja, fizi\u010dke aktivnosti ili temperamenta i indeksa te\u017eine (stanja uhranjenosti) Va\u0161eg ku\u0107nog ljubimca. Preporu\u010dujemo hranjenje dva puta dnevno. Sve\u017ea i \u010dista voda mora da bude stalno dostupna.<\/p>\n<p>Pri prvom hranjenju novom hranom uvodite je postepeno. Zapo\u010dnite me\u0161anjem 25% nove hrane sa 75% stare. Polako povec\u0301avajte koli\u010dinu nove hrane proporcionalno tokom sledec\u0301ih 5\u20137 dana.<\/p>\n<p>Poslu\u017eiti hranu u suvom obliku uz dostupnu sve\u017eu vodu.<br \/>\nZbog zdravlja Va\u0161eg ljubimca redovno konsultujte veterinara.<\/p>\n<p>Proizvod \u010duvati na suvom, tamnom i hladnom mestu.<\/p>\n<p>Proizvo\u0111a\u010d: Kraftia, Srbija<br \/>\nZemlja porekla: Srbija<\/p>\n\n    <div class=\"xs_social_share_widget xs_share_url after_content \t\tmain_content  wslu-style-1 wslu-share-box-shaped wslu-fill-colored wslu-none wslu-share-horizontal wslu-theme-font-no wslu-main_content\">\n\n\t\t\n        <ul>\n\t\t\t        <\/ul>\n    <\/div> \n","protected":false},"excerpt":{"rendered":"<p>Bogata i zdrava receptura sa piletinom i borovnicom. Kompletna hrana za odrasle pse srednjih i velikih rasa<\/p>","protected":false},"featured_media":40732,"comment_status":"open","ping_status":"closed","template":"","meta":{"_acf_changed":false},"pwb-brand":[1268],"product_cat":[47,48,49],"product_tag":[],"class_list":{"0":"post-40658","1":"product","2":"type-product","3":"status-publish","4":"has-post-thumbnail","6":"pwb-brand-kraftia","7":"product_cat-psi","8":"product_cat-hrana-za-pse","9":"product_cat-granule-za-pse","11":"first","12":"instock","13":"taxable","14":"shipping-taxable","15":"purchasable","16":"product-type-variable","17":"has-default-attributes"},"acf":[],"brands":[{"id":1268,"name":"Kraftia","slug":"kraftia"}],"_links":{"self":[{"href":"https:\/\/pawz.rs\/en\/wp-json\/wp\/v2\/product\/40658","targetHints":{"allow":["GET"]}}],"collection":[{"href":"https:\/\/pawz.rs\/en\/wp-json\/wp\/v2\/product"}],"about":[{"href":"https:\/\/pawz.rs\/en\/wp-json\/wp\/v2\/types\/product"}],"replies":[{"embeddable":true,"href":"https:\/\/pawz.rs\/en\/wp-json\/wp\/v2\/comments?post=40658"}],"wp:featuredmedia":[{"embeddable":true,"href":"https:\/\/pawz.rs\/en\/wp-json\/wp\/v2\/media\/40732"}],"wp:attachment":[{"href":"https:\/\/pawz.rs\/en\/wp-json\/wp\/v2\/media?parent=40658"}],"wp:term":[{"taxonomy":"pwb-brand","embeddable":true,"href":"https:\/\/pawz.rs\/en\/wp-json\/wp\/v2\/pwb-brand?post=40658"},{"taxonomy":"product_cat","embeddable":true,"href":"https:\/\/pawz.rs\/en\/wp-json\/wp\/v2\/product_cat?post=40658"},{"taxonomy":"product_tag","embeddable":true,"href":"https:\/\/pawz.rs\/en\/wp-json\/wp\/v2\/product_tag?post=40658"}],"curies":[{"name":"wp","href":"https:\/\/api.w.org\/{rel}","templated":true}]}}