{"id":40688,"date":"2025-05-31T13:18:33","date_gmt":"2025-05-31T11:18:33","guid":{"rendered":"https:\/\/pawz.rs\/?post_type=product&#038;p=40688"},"modified":"2025-06-29T19:50:04","modified_gmt":"2025-06-29T17:50:04","slug":"craftia-vida-super-sterilised-chicken-with-super-veggies-adult-cat","status":"publish","type":"product","link":"https:\/\/pawz.rs\/en\/craftia-vida-super-sterilised-chicken-with-super-veggies-adult-cat\/","title":{"rendered":"Craftia Vida Super Sterilised Chicken With Super Veggies Adult Cat"},"content":{"rendered":"<p><strong>Craftia Vida Super Sterilised Chicken With Super Veggies Adult Cat<\/strong><\/p>\n<p>Slasna kombinacija sa piletinom koja je bogata proteinima, kao i aminokiselinama i glukozaminom, koji su neophodni za zdrave zglobove. Povrc\u0301e poput \u0161argarepe i jabuke je tu da podr\u017ei zdravlje o\u010diju i rad creva.<\/p>\n<p><strong>SASTAV<\/strong><br \/>\nDehidrirani pile\u0107i protein (26%), kukuruz, p\u0161enica, dehidrirani \u017eivotinjski protein, \u017eivinska mast, hidrolizovani proteini \u017eivine, sirova piletina (4%), suvi rezanci \u0161e\u0107erne repe, pirina\u010d, bra\u0161no od lucerke, vlakna gra\u0161ka, su\u0161ena jabuka (0,5%), su\u0161ena \u0161argarepa (0,5%), spana\u0107, bundeva, borovnica, monokalcijum fosfat, kalijum hlorid, inulin cikorije (0,2%), suvi pivski kvasac, ekstrakt kvasca (izvor mano-oligosaharida) (0,1%), frukto-oligosaharidi (0,1%), kalcijum karbonat, natrijum hlorid, neven, psilijum, juka mohave.<\/p>\n<p><strong>NUTRITIVNI SASTOJCI ADITIVI PO KG<br \/>\n<\/strong>Vitamin A 17000IJ; vitamin D3 1700IJ; vitamin E 200mg; vitamin C 170mg; niacinamid 51mg; D-pantenol 21,2mg; vitamin B2 10,6mg; vitamin B6 6,3mg; vitamin B1 10,6mg; biotin 0,51mg; folna kiselina 0,51mg; vitamin B12 0,09mg; holin hlorid 2640mg; cink (cink oksid): 90,00mg; Mangan [mangan (II) oksid]: 21,60mg; gvo\u017e\u0111e [gvo\u017e\u0111e (II) sulfat monohidrat]: 57,60mg; bakar [bakar (II) sulfat pentahidrat]: 13,50mg; jod (kalcijum jodat anhidrovani): 1,80mg; Selen (natrijum selenit): 0,32mg; DL-metionin, tehni\u010dki \u010dist 3600mg; taurin 1800mg, L-karnitin 200mg.<\/p>\n<p>Antioksidanti: ekstrakti tokoferola iz biljnih ulja.<br \/>\nTehnolo\u0161ki dodaci: mikrokristalna celuloza.<strong><br \/>\n<\/strong><\/p>\n<p><strong>ANALITI\u010cKI SASTAV<br \/>\n<\/strong>Sirovi proteini 34%; sirova mast 10%; sirova vlakna 5,50%; sirovi pepeo 7,90%; kalcijum 1,40%; fosfor 0,90%.<\/p>\n<p><strong>UPUTSTVO ZA HRANJENJE<\/strong><br \/>\nProizvod dati bez dodataka, prate\u0107i preporu\u010dene dnevne koli\u010dine navedene u tabeli.<\/p>\n<p>Preporu\u010dene dnevne koli\u010dine nazna\u010dene na pakovanju su okvirne i potrebno ih je prilagoditi, kako bi se postigla prava telesna te\u017eina. Predla\u017eemo da pratite te\u017einu Va\u0161eg ku\u0107nog ljubimca i po potrebi prilagodite obroke.<\/p>\n<p>Preporu\u010dene dnevne koli\u010dine mogu se menjati u zavisnosti od rase, okru\u017eenja, fizi\u010dke aktivnosti ili temperamenta i indeksa te\u017eine (stanja uhranjenosti) Va\u0161eg ku\u0107nog ljubimca.<\/p>\n<p>Preporu\u010dujemo hranjenje dva puta dnevno. Sve\u017ea i \u010dista voda mora da bude stalno dostupna.<\/p>\n<p>Pri prvom hranjenju novom hranom uvodite je postepeno. Zapo\u010dnite me\u0161anjem 25% nove hrane sa 75% stare. Polako povec\u0301avajte koli\u010dinu nove hrane proporcionalno tokom sledec\u0301ih 5\u20137 dana.<\/p>\n<p>Poslu\u017eiti hranu u suvom obliku uz dostupnu sve\u017eu vodu.<br \/>\nZbog zdravlja Va\u0161eg ljubimca redovno konsultujte veterinara.<\/p>\n<p>Proizvod \u010duvati na suvom, tamnom i hladnom mestu.<\/p>\n<p>Proizvo\u0111a\u010d: Kraftia, Srbija<br \/>\nZemlja porekla: Srbija<\/p>\n\n    <div class=\"xs_social_share_widget xs_share_url after_content \t\tmain_content  wslu-style-1 wslu-share-box-shaped wslu-fill-colored wslu-none wslu-share-horizontal wslu-theme-font-no wslu-main_content\">\n\n\t\t\n        <ul>\n\t\t\t        <\/ul>\n    <\/div> \n","protected":false},"excerpt":{"rendered":"<p>Kombinacija sa piletinom i povr\u0107em poput \u0161argarepe i jabuke je tu da podr\u017ei zdravlje o\u010diju i rad creva. Kompletna hrana za odrasle sterilisane ma\u010dke.<\/p>","protected":false},"featured_media":40767,"comment_status":"open","ping_status":"closed","template":"","meta":{"_acf_changed":false},"pwb-brand":[1268],"product_cat":[23,21,149],"product_tag":[],"class_list":{"0":"post-40688","1":"product","2":"type-product","3":"status-publish","4":"has-post-thumbnail","6":"pwb-brand-kraftia","7":"product_cat-macke","8":"product_cat-hrana-za-macke","9":"product_cat-granule-za-macke","11":"first","12":"instock","13":"taxable","14":"shipping-taxable","15":"purchasable","16":"product-type-variable","17":"has-default-attributes"},"acf":[],"brands":[{"id":1268,"name":"Kraftia","slug":"kraftia"}],"_links":{"self":[{"href":"https:\/\/pawz.rs\/en\/wp-json\/wp\/v2\/product\/40688","targetHints":{"allow":["GET"]}}],"collection":[{"href":"https:\/\/pawz.rs\/en\/wp-json\/wp\/v2\/product"}],"about":[{"href":"https:\/\/pawz.rs\/en\/wp-json\/wp\/v2\/types\/product"}],"replies":[{"embeddable":true,"href":"https:\/\/pawz.rs\/en\/wp-json\/wp\/v2\/comments?post=40688"}],"wp:featuredmedia":[{"embeddable":true,"href":"https:\/\/pawz.rs\/en\/wp-json\/wp\/v2\/media\/40767"}],"wp:attachment":[{"href":"https:\/\/pawz.rs\/en\/wp-json\/wp\/v2\/media?parent=40688"}],"wp:term":[{"taxonomy":"pwb-brand","embeddable":true,"href":"https:\/\/pawz.rs\/en\/wp-json\/wp\/v2\/pwb-brand?post=40688"},{"taxonomy":"product_cat","embeddable":true,"href":"https:\/\/pawz.rs\/en\/wp-json\/wp\/v2\/product_cat?post=40688"},{"taxonomy":"product_tag","embeddable":true,"href":"https:\/\/pawz.rs\/en\/wp-json\/wp\/v2\/product_tag?post=40688"}],"curies":[{"name":"wp","href":"https:\/\/api.w.org\/{rel}","templated":true}]}}