{"id":40706,"date":"2025-05-31T13:18:38","date_gmt":"2025-05-31T11:18:38","guid":{"rendered":"https:\/\/pawz.rs\/?post_type=product&#038;p=40706"},"modified":"2025-06-29T19:50:03","modified_gmt":"2025-06-29T17:50:03","slug":"craftia-vida-super-with-salmon-fish-super-veggies-adult-dog-medium-large-breed","status":"publish","type":"product","link":"https:\/\/pawz.rs\/en\/craftia-vida-super-with-salmon-fish-super-veggies-adult-dog-medium-large-breed\/","title":{"rendered":"Craftia Vida Super With Salmon, Fish &#038; Super Veggies Adult Dog Medium &#038; Large Breed"},"content":{"rendered":"<p><strong>Craftia Vida Super With Salmon, Fish &amp; Super Veggies Adult Dog Medium &amp; Large Breed<\/strong><\/p>\n<p>Losos i riba su puni kvalitetnih hranljivih materija odli\u010dnih za mi\u0161ic\u0301e, kosti, ko\u017eu i sjajnu dlaku. Morske delicije su podr\u017eane sastojcima poput spanac\u0301a i \u0161argarepe koji obezbe\u0111uju neophodne vitamine.<\/p>\n<p><strong>SASTAV<\/strong><br \/>\nKukuruz, p\u0161enica, dehidrirani animalni protein, \u017eivotinjska mast, bra\u0161no od lososa (4%), riblje bra\u0161no (4%), sirova piletina (4%), pirina\u010d, \u0161argarepa (4%), spana\u0107 (4%), bundeva, borovnica, jabuka, suvi rezanci \u0161e\u0107erne repe, bra\u0161no lucerke, vlakna gra\u0161ka, kalcijum karbonat, monokalcijum fosfat, kalijum hlorid, natrijum hlorid, suvi pivski kvasac, inulin cikorije (0,2%), ekstrakt kvasca (izvor mano-oligosaharida) (0,1%), fruktooligosaharidi (0,1%), glukozamin (0,04%), hondroitin sulfat (0,04%), neven, psilijum, juka mohave.<\/p>\n<p><strong>NUTRITIVNI SASTOJCI ADITIVI PO KG<br \/>\n<\/strong>Vitamin A 13000IJ; vitamin D3 1300IJ; vitamin E 150mg; vitamin C 130mg; niacinamid 39mg; D-pantenol 16,2mg; vitamin B2 8,1mg; vitamin B6 4,9mg; vitamin B1 8,1mg; biotin 0,39mg; folna kiselina 0,39mg; vitamin B12 0,07mg; holin hlorid 1550mg; cink (cink oksid): 90,00mg; mangan [mangan (II) oksid]: 21,60mg; gvo\u017e\u0111e [gvo\u017e\u0111e (II) sulfat monohidrat]: 57,60mg; bakar [bakar (II) sulfat pentahidrat]: 13,50mg; jod (kalcijum jodat anhidrovani): 1,80mg; selen (natrijum selenit): 0,32mg; DL-metionin, tehni\u010dki \u010dist 1700mg.<\/p>\n<p>Antioksidanti: ekstrakti tokoferola iz biljnih ulja.<strong><br \/>\n<\/strong><\/p>\n<p><strong>ANALITI\u010cKI SASTAV<br \/>\n<\/strong>Sirovi proteini 23%; sirova mast 11%; sirova vlakna 3%; sirovi pepeo 8,80%; kalcijum 1,25%; fosfor 0,90%.<\/p>\n<p><strong>UPUTSTVO ZA HRANJENJE<\/strong><br \/>\nProizvod dati bez dodataka, prate\u0107i preporu\u010dene dnevne koli\u010dine navedene u tabeli.<\/p>\n<p>Preporu\u010dene dnevne koli\u010dine nazna\u010dene na pakovanju su okvirne i potrebno ih je prilagoditi, kako bi se postigla prava telesna te\u017eina. Predla\u017eemo da pratite te\u017einu Va\u0161eg ku\u0107nog ljubimca i po potrebi prilagodite obroke.<\/p>\n<p>Preporu\u010dene dnevne koli\u010dine mogu se menjati u zavisnosti od rase, okru\u017eenja, fizi\u010dke aktivnosti ili temperamenta i indeksa te\u017eine (stanja uhranjenosti) Va\u0161eg ku\u0107nog ljubimca.<\/p>\n<p>Preporu\u010dujemo hranjenje dva puta dnevno. Sve\u017ea i \u010dista voda mora da bude stalno dostupna.<\/p>\n<p>Pri prvom hranjenju novom hranom uvodite je postepeno. Zapo\u010dnite me\u0161anjem 25% nove hrane sa 75% stare. Polako povec\u0301avajte koli\u010dinu nove hrane proporcionalno tokom sledec\u0301ih 5\u20137 dana.<\/p>\n<p>Poslu\u017eiti hranu u suvom obliku uz dostupnu sve\u017eu vodu.<br \/>\nZbog zdravlja Va\u0161eg ljubimca redovno konsultujte veterinara.<\/p>\n<p>Proizvod \u010duvati na suvom, tamnom i hladnom mestu.<\/p>\n<p>Proizvo\u0111a\u010d: Kraftia, Srbija<br \/>\nZemlja porekla: Srbija<\/p>\n\n    <div class=\"xs_social_share_widget xs_share_url after_content \t\tmain_content  wslu-style-1 wslu-share-box-shaped wslu-fill-colored wslu-none wslu-share-horizontal wslu-theme-font-no wslu-main_content\">\n\n\t\t\n        <ul>\n\t\t\t        <\/ul>\n    <\/div> \n","protected":false},"excerpt":{"rendered":"<p>Recept sa lososom i ribom odli\u010dnim za mi\u0161ic\u0301e, kosti, ko\u017eu i sjajnu dlaku. Kompletna hrana za odrasle pse srednjih i velikih rasa.<\/p>","protected":false},"featured_media":40761,"comment_status":"open","ping_status":"closed","template":"","meta":{"_acf_changed":false},"pwb-brand":[1268],"product_cat":[49,48,47],"product_tag":[],"class_list":{"0":"post-40706","1":"product","2":"type-product","3":"status-publish","4":"has-post-thumbnail","6":"pwb-brand-kraftia","7":"product_cat-granule-za-pse","8":"product_cat-hrana-za-pse","9":"product_cat-psi","11":"first","12":"instock","13":"taxable","14":"shipping-taxable","15":"purchasable","16":"product-type-variable","17":"has-default-attributes"},"acf":[],"brands":[{"id":1268,"name":"Kraftia","slug":"kraftia"}],"_links":{"self":[{"href":"https:\/\/pawz.rs\/en\/wp-json\/wp\/v2\/product\/40706","targetHints":{"allow":["GET"]}}],"collection":[{"href":"https:\/\/pawz.rs\/en\/wp-json\/wp\/v2\/product"}],"about":[{"href":"https:\/\/pawz.rs\/en\/wp-json\/wp\/v2\/types\/product"}],"replies":[{"embeddable":true,"href":"https:\/\/pawz.rs\/en\/wp-json\/wp\/v2\/comments?post=40706"}],"wp:featuredmedia":[{"embeddable":true,"href":"https:\/\/pawz.rs\/en\/wp-json\/wp\/v2\/media\/40761"}],"wp:attachment":[{"href":"https:\/\/pawz.rs\/en\/wp-json\/wp\/v2\/media?parent=40706"}],"wp:term":[{"taxonomy":"pwb-brand","embeddable":true,"href":"https:\/\/pawz.rs\/en\/wp-json\/wp\/v2\/pwb-brand?post=40706"},{"taxonomy":"product_cat","embeddable":true,"href":"https:\/\/pawz.rs\/en\/wp-json\/wp\/v2\/product_cat?post=40706"},{"taxonomy":"product_tag","embeddable":true,"href":"https:\/\/pawz.rs\/en\/wp-json\/wp\/v2\/product_tag?post=40706"}],"curies":[{"name":"wp","href":"https:\/\/api.w.org\/{rel}","templated":true}]}}