{"id":40709,"date":"2025-05-31T13:18:39","date_gmt":"2025-05-31T11:18:39","guid":{"rendered":"https:\/\/pawz.rs\/?post_type=product&#038;p=40709"},"modified":"2025-06-29T19:50:03","modified_gmt":"2025-06-29T17:50:03","slug":"craftia-dogsy-chicken-with-rice-adult-dog-medium-large-breed","status":"publish","type":"product","link":"https:\/\/pawz.rs\/en\/craftia-dogsy-chicken-with-rice-adult-dog-medium-large-breed\/","title":{"rendered":"Craftia Dogsy Chicken With Rice Adult Dog Medium &#038; Large Breed"},"content":{"rendered":"<p><strong>Craftia Dogsy Chicken With Rice Adult Dog Medium &amp; Large Breed<\/strong><\/p>\n<p>Recept bogat piletinom, sa pirin\u010dem. Kompletna hrana za odrasle pse srednjih i velikih rasa.<\/p>\n<p><strong>SASTAV<\/strong><br \/>\nkukuruz, p\u0161eni\u010dno sto\u010dno bra\u0161no, pile\u0107e mesno bra\u0161no (25%), \u017eivotinjska mast, pirina\u010d (4%), mesno bra\u0161no, suvi rezanci \u0161e\u0107erne repe, bra\u0161no lucerke, sirova piletina (1%), vlakna gra\u0161ka, kalcijum karbonat, monokalcijum fosfat, su\u0161ena borovnica (0.5%), kalijum hlorid, natrijum hlorid, neven, suvi pivski kvasac, inulin cikorije, ekstrakt kvasca (izvor mano-oligosaharida), psilijum, Yucca Schidigera.<\/p>\n<p><strong>NUTRITIVNI SASTOJCI ADITIVI PO KG<br \/>\n<\/strong>Vitamin A 11000 IJ; vitamin D3 1100 IJ; vitamin E 130 mg; vitamin C 110 mg; niacinamid 33 mg; D-pantenol 13,7 mg; vitamin B2 6,9 mg; vitamin B6 4,1 mg; vitamin B1 6,9 mg; biotin 0,33 mg; folna kiselina 0,33 mg; vitamin B12 0,06 mg; holin hlorid 610 mg; cink (cink oksid): 80 mg; mangan [mangan (II) oksid]: 19,20 mg; gvo\u017e\u0111e [gvo\u017e\u0111e (II) sulfat monohidrat]: 51,20 mg; bakar [bakar (II) sulfat pentahidrat]: 12 mg; jod (kalcijum jodat anhidrovani): 1,60 mg; selen (natrijum selenit): 0,29 mg; DL-metionin, tehni\u010dki \u010dist 600 mg.<\/p>\n<p>Antioksidanti: ekstrakti tokoferola iz biljnih ulja.<\/p>\n<p><strong>ANALITI\u010cKI SASTAV<br \/>\n<\/strong>Sirovi proteini 22%; sirova mast 10%; sirova vlakna 3%; sirovi pepeo 9%.<\/p>\n<p><strong>UPUTSTVO ZA HRANJENJE<\/strong><br \/>\nProizvod dati bez dodataka, prate\u0107i preporu\u010dene dnevne koli\u010dine navedene u tabeli.<\/p>\n<p>Preporu\u010dene dnevne koli\u010dine nazna\u010dene na pakovanju su okvirne i potrebno ih je prilagoditi, kako bi se postigla prava telesna te\u017eina. Predla\u017eemo da pratite te\u017einu Va\u0161eg ku\u0107nog ljubimca i po potrebi prilagodite obroke.<\/p>\n<p>Preporu\u010dene dnevne koli\u010dine mogu se menjati u zavisnosti od rase, okru\u017eenja, fizi\u010dke aktivnosti ili temperamenta i indeksa te\u017eine (stanja uhranjenosti) Va\u0161eg ku\u0107nog ljubimca. Preporu\u010dujemo hranjenje dva puta dnevno.<\/p>\n<p>Sve\u017ea i \u010dista voda mora da bude stalno dostupna.<\/p>\n<p>Pri prvom hranjenju novom hranom uvodite je postepeno. Zapo\u010dnite me\u0161anjem 25% nove hrane sa 75% stare. Polako povec\u0301avajte koli\u010dinu nove hrane proporcionalno tokom sledec\u0301ih 5\u20137 dana.<\/p>\n<p>Poslu\u017eiti hranu u suvom obliku uz dostupnu sve\u017eu vodu.<br \/>\nZbog zdravlja Va\u0161eg ljubimca redovno konsultujte veterinara.<\/p>\n<p>Proizvod \u010duvati na suvom, tamnom i hladnom mestu.<\/p>\n<p>Proizvo\u0111a\u010d: Kraftia, Srbija<br \/>\nZemlja porekla: Srbija<\/p>\n\n    <div class=\"xs_social_share_widget xs_share_url after_content \t\tmain_content  wslu-style-1 wslu-share-box-shaped wslu-fill-colored wslu-none wslu-share-horizontal wslu-theme-font-no wslu-main_content\">\n\n\t\t\n        <ul>\n\t\t\t        <\/ul>\n    <\/div> \n","protected":false},"excerpt":{"rendered":"<p>Recept bogat piletinom, sa pirin\u010dem. Kompletna hrana za odrasle pse srednjih i velikih rasa.<\/p>","protected":false},"featured_media":40774,"comment_status":"open","ping_status":"closed","template":"","meta":{"_acf_changed":false},"pwb-brand":[1268],"product_cat":[47,48,49],"product_tag":[],"class_list":{"0":"post-40709","1":"product","2":"type-product","3":"status-publish","4":"has-post-thumbnail","6":"pwb-brand-kraftia","7":"product_cat-psi","8":"product_cat-hrana-za-pse","9":"product_cat-granule-za-pse","11":"first","12":"instock","13":"taxable","14":"shipping-taxable","15":"purchasable","16":"product-type-variable","17":"has-default-attributes"},"acf":[],"brands":[{"id":1268,"name":"Kraftia","slug":"kraftia"}],"_links":{"self":[{"href":"https:\/\/pawz.rs\/en\/wp-json\/wp\/v2\/product\/40709","targetHints":{"allow":["GET"]}}],"collection":[{"href":"https:\/\/pawz.rs\/en\/wp-json\/wp\/v2\/product"}],"about":[{"href":"https:\/\/pawz.rs\/en\/wp-json\/wp\/v2\/types\/product"}],"replies":[{"embeddable":true,"href":"https:\/\/pawz.rs\/en\/wp-json\/wp\/v2\/comments?post=40709"}],"wp:featuredmedia":[{"embeddable":true,"href":"https:\/\/pawz.rs\/en\/wp-json\/wp\/v2\/media\/40774"}],"wp:attachment":[{"href":"https:\/\/pawz.rs\/en\/wp-json\/wp\/v2\/media?parent=40709"}],"wp:term":[{"taxonomy":"pwb-brand","embeddable":true,"href":"https:\/\/pawz.rs\/en\/wp-json\/wp\/v2\/pwb-brand?post=40709"},{"taxonomy":"product_cat","embeddable":true,"href":"https:\/\/pawz.rs\/en\/wp-json\/wp\/v2\/product_cat?post=40709"},{"taxonomy":"product_tag","embeddable":true,"href":"https:\/\/pawz.rs\/en\/wp-json\/wp\/v2\/product_tag?post=40709"}],"curies":[{"name":"wp","href":"https:\/\/api.w.org\/{rel}","templated":true}]}}