{"id":40954,"date":"2025-06-04T10:42:28","date_gmt":"2025-06-04T08:42:28","guid":{"rendered":"https:\/\/pawz.rs\/?post_type=product&#038;p=40954"},"modified":"2025-06-29T19:48:40","modified_gmt":"2025-06-29T17:48:40","slug":"versele-laga-prestige-premium-canary","status":"publish","type":"product","link":"https:\/\/pawz.rs\/en\/versele-laga-prestige-premium-canary\/","title":{"rendered":"Versele Laga Prestige Premium Canary"},"content":{"rendered":"<p><strong>Versele Laga Prestige Premium Canary<br \/>\n<\/strong><\/p>\n<div class=\"col-md-12 text-center\">\n<p>Oboga\u0107ena semenska me\u0161avina sa ekstrudiranim VAM peletima namenjena kanarincima<\/p>\n<ul>\n<li>Oboga\u0107ena semenska me\u0161avina koja pticama pru\u017ea optimalnu kondiciju. Sadr\u017ei vitamine, amino kiseline i minerale<\/li>\n<li>Florastimul- optimalno stanje digestivnog trakta i varenje<\/li>\n<li>Napravljena u saradnji sa vrhunskim evropskim odgajiva\u010dima. Koristi se kao osnovna hrana za ptice<\/li>\n<\/ul>\n<p><strong>Sastav<\/strong>: seme za kanarince 59,5%, seme uljane repice 11%, VAM peleti 8%, olju\u0161\u0107eni ovas 8%, seme lana 5%, seme velike crne uljane repice 2%, ljuska ostrige 2%, seme perile 2%, seme \u0161argarepe 1,5%, \u010dia 1%<\/p>\n<p><strong>Analytical composition:\u00a0<\/strong>proteini 17%, masti 13%, sirova vlakna 6%, sirovi pepeo 7%, kalcijum 1%, fosfor 0,50%, lizin 0,55%, metionin 0,35%, treonin 0,50%<\/p>\n<p><strong>Dodaci po kilogramu proizvoda: nutritivni dodaci:\u00a0<\/strong>Vitamin A 8800 IU, Vitamin D3 1600 IU, Vitamin E 20 mg, 3b103 (gvo\u017e\u0111e) 20 mg, 3b202 (jodid) 1.5 mg, 3b405 (bakar) 7 mg, 3b502 (mangan) 48 mg, 3b603 (cink) 45 mg;<strong>\u00a0tehnolo\u0161ki dodaci:\u00a0<\/strong>konzervansi i antioksidansi;\u00a0<strong>senzorni dodaci:\u00a0<\/strong>boje za hranu<\/p>\n<p><strong>Uputstvo za hranjenje:\u00a0<\/strong>Neka hrana bude uvek dostupna pticama u neograni\u010denim koli\u010dinama. Redovno je dopunjujte. Sve\u017ea pija\u0107a voda mora uvek biti dostupna pticama<\/p>\n<p>Dostupno u pakovanjima od 800g i 20kg<\/p>\n<p>Proizvo\u0111a\u010d: Versele-Laga<br \/>\nZemlja porekla: Belgija (EU)<\/p>\n<\/div>\n\n    <div class=\"xs_social_share_widget xs_share_url after_content \t\tmain_content  wslu-style-1 wslu-share-box-shaped wslu-fill-colored wslu-none wslu-share-horizontal wslu-theme-font-no wslu-main_content\">\n\n\t\t\n        <ul>\n\t\t\t        <\/ul>\n    <\/div>","protected":false},"excerpt":{"rendered":"<div class=\"col-md-12 text-center\">\n<p>Oboga\u0107ena semenska me\u0161avina sa ekstrudiranim VAM peletima namenjena kanarincima<\/p>\n<\/div>","protected":false},"featured_media":40957,"comment_status":"open","ping_status":"closed","template":"","meta":{"_acf_changed":false},"pwb-brand":[318],"product_cat":[1277,1119],"product_tag":[],"class_list":{"0":"post-40954","1":"product","2":"type-product","3":"status-publish","4":"has-post-thumbnail","6":"pwb-brand-versele-laga","7":"product_cat-hrana-za-ptice","8":"product_cat-ptice","10":"first","11":"instock","12":"taxable","13":"shipping-taxable","14":"purchasable","15":"product-type-variable","16":"has-default-attributes"},"acf":[],"brands":[{"id":318,"name":"Versele-Laga","slug":"versele-laga"}],"_links":{"self":[{"href":"https:\/\/pawz.rs\/en\/wp-json\/wp\/v2\/product\/40954","targetHints":{"allow":["GET"]}}],"collection":[{"href":"https:\/\/pawz.rs\/en\/wp-json\/wp\/v2\/product"}],"about":[{"href":"https:\/\/pawz.rs\/en\/wp-json\/wp\/v2\/types\/product"}],"replies":[{"embeddable":true,"href":"https:\/\/pawz.rs\/en\/wp-json\/wp\/v2\/comments?post=40954"}],"wp:featuredmedia":[{"embeddable":true,"href":"https:\/\/pawz.rs\/en\/wp-json\/wp\/v2\/media\/40957"}],"wp:attachment":[{"href":"https:\/\/pawz.rs\/en\/wp-json\/wp\/v2\/media?parent=40954"}],"wp:term":[{"taxonomy":"pwb-brand","embeddable":true,"href":"https:\/\/pawz.rs\/en\/wp-json\/wp\/v2\/pwb-brand?post=40954"},{"taxonomy":"product_cat","embeddable":true,"href":"https:\/\/pawz.rs\/en\/wp-json\/wp\/v2\/product_cat?post=40954"},{"taxonomy":"product_tag","embeddable":true,"href":"https:\/\/pawz.rs\/en\/wp-json\/wp\/v2\/product_tag?post=40954"}],"curies":[{"name":"wp","href":"https:\/\/api.w.org\/{rel}","templated":true}]}}