{"id":40962,"date":"2025-06-02T13:04:10","date_gmt":"2025-06-02T11:04:10","guid":{"rendered":"https:\/\/pawz.rs\/?post_type=product&#038;p=40962"},"modified":"2025-06-29T19:48:41","modified_gmt":"2025-06-29T17:48:41","slug":"versele-laga-prestige-premium-budgies","status":"publish","type":"product","link":"https:\/\/pawz.rs\/en\/versele-laga-prestige-premium-budgies\/","title":{"rendered":"Versele Laga Prestige Premium Budgies"},"content":{"rendered":"<p><strong>Versele Laga Prestige Premium Budgies<br \/>\n<\/strong><\/p>\n<div class=\"col-md-12 text-center\">\n<p>Oboga\u0107ena semenska me\u0161avina sa ekstrudiranim VAM peletima namenjena ishrani tigrica i ostalih malih papagaja<\/p>\n<\/div>\n<div class=\"col-md-12 text-center\">\n<div class=\"col-md-12 text-center\">\n<ul>\n<li>Oboga\u0107ena semenska me\u0161avina: vitamini, amino kiseline i minerali za optimalno stanje organizma<\/li>\n<li>Florastimul obezbe\u0111uje optimalno funkcionisanje intestinalne flore<\/li>\n<li>Napravljena u konsultaciji sa najboljim evropskim odgajiva\u010dima koji ovu hranu koriste kao osnovnu ishranu njihovih malih papagaja<\/li>\n<\/ul>\n<p><strong>Sastav:<\/strong>\u00a0\u017duta proso 19%, bela proso 13%, seme za kanarince 37%, VAM peleti 8%, japanska proso 7%, olju\u0161\u0107eni ovas 6%, \u017euti panikum 4%, crvena proso 2%, ljuske ostrige 2%, seme lana 1%,\u00a0 \u010dia 1%<\/p>\n<p><strong>Analytical composition:<\/strong>\u00a0Proteini 14%, masti 6%, sirova vlakna 6,5%, sirovi pepeo 6%, kalcijum 0,90%, fosfor 0,40%, lizin 0,35%, metionin 0,38%, treonin 0,40%<\/p>\n<p><strong>Dodaci po kilogramu proizvoda: Nutritivni dodaci:<\/strong>\u00a0Vitamin A 8800 IU, Vitamin D3 1600 IU, Vitamin E 20 mg, 3b103 (gvo\u017e\u0111e) 20 mg, 3b202 (jod) 1.5 mg, 3b405 (bakar) 7 mg, 3b502 (mangan) 48 mg, 3b603 (cink) 45 mg; T<strong>ehnolo\u0161ki dodaci:\u00a0<\/strong>Konzervansi, antioksidansi;<strong>\u00a0Senzorni dodaci:<\/strong>\u00a0Boje za hranu<\/p>\n<p><strong>Uputsvo za upotrebu:<\/strong><\/p>\n<p>Bez ograni\u010denja hranite ptice ovom hranom. Sve\u017ea pija\u0107a voda mora uvek biti dostupna pticama<\/p>\n<p>Dostupno u pakovanju od 800g i 20kg<\/p>\n<\/div>\n<p>Proizvo\u0111a\u010d: Versele-Laga<br \/>\nZemlja porekla: Belgija (EU)<\/p>\n<\/div>\n\n    <div class=\"xs_social_share_widget xs_share_url after_content \t\tmain_content  wslu-style-1 wslu-share-box-shaped wslu-fill-colored wslu-none wslu-share-horizontal wslu-theme-font-no wslu-main_content\">\n\n\t\t\n        <ul>\n\t\t\t        <\/ul>\n    <\/div>","protected":false},"excerpt":{"rendered":"<div class=\"col-md-12 text-center\">\n<div class=\"col-md-12 text-center\">\n<p>Oboga\u0107ena semenska me\u0161avina sa ekstrudiranim VAM peletima namenjena ishrani tigrica i ostalih malih papagaja<\/p>\n<\/div>\n<\/div>","protected":false},"featured_media":40969,"comment_status":"open","ping_status":"closed","template":"","meta":{"_acf_changed":false},"pwb-brand":[],"product_cat":[1277,1119],"product_tag":[],"class_list":{"0":"post-40962","1":"product","2":"type-product","3":"status-publish","4":"has-post-thumbnail","6":"product_cat-hrana-za-ptice","7":"product_cat-ptice","9":"first","10":"instock","11":"taxable","12":"shipping-taxable","13":"purchasable","14":"product-type-variable","15":"has-default-attributes"},"acf":[],"brands":[],"_links":{"self":[{"href":"https:\/\/pawz.rs\/en\/wp-json\/wp\/v2\/product\/40962","targetHints":{"allow":["GET"]}}],"collection":[{"href":"https:\/\/pawz.rs\/en\/wp-json\/wp\/v2\/product"}],"about":[{"href":"https:\/\/pawz.rs\/en\/wp-json\/wp\/v2\/types\/product"}],"replies":[{"embeddable":true,"href":"https:\/\/pawz.rs\/en\/wp-json\/wp\/v2\/comments?post=40962"}],"wp:featuredmedia":[{"embeddable":true,"href":"https:\/\/pawz.rs\/en\/wp-json\/wp\/v2\/media\/40969"}],"wp:attachment":[{"href":"https:\/\/pawz.rs\/en\/wp-json\/wp\/v2\/media?parent=40962"}],"wp:term":[{"taxonomy":"pwb-brand","embeddable":true,"href":"https:\/\/pawz.rs\/en\/wp-json\/wp\/v2\/pwb-brand?post=40962"},{"taxonomy":"product_cat","embeddable":true,"href":"https:\/\/pawz.rs\/en\/wp-json\/wp\/v2\/product_cat?post=40962"},{"taxonomy":"product_tag","embeddable":true,"href":"https:\/\/pawz.rs\/en\/wp-json\/wp\/v2\/product_tag?post=40962"}],"curies":[{"name":"wp","href":"https:\/\/api.w.org\/{rel}","templated":true}]}}