{"id":40972,"date":"2025-06-04T11:06:41","date_gmt":"2025-06-04T09:06:41","guid":{"rendered":"https:\/\/pawz.rs\/?post_type=product&#038;p=40972"},"modified":"2025-06-29T19:48:39","modified_gmt":"2025-06-29T17:48:39","slug":"versele-laga-prestige-premium-big-parakeet","status":"publish","type":"product","link":"https:\/\/pawz.rs\/en\/versele-laga-prestige-premium-big-parakeet\/","title":{"rendered":"Versele Laga Prestige Premium Big Parakeet"},"content":{"rendered":"<p><strong>Versele Laga Prestige Premium Big Parakeet<\/strong><\/p>\n<div class=\"col-md-12 text-center\">\n<p>Visoko kvalitetna semenska me\u0161avina namenjena ishrani srednjih papagaja<\/p>\n<ul>\n<li>Odr\u017eava organizam srednjih papagaja u optimalnoj kondiciji<\/li>\n<\/ul>\n<p><strong>Sastav:\u00a0<\/strong>\u00a0\u017duta proso 33,5%, olju\u0161teni ovas 13%, crveni proso 10%, \u0161afranika 8%, seme za kanarince 6%, olju\u0161teno seme suncokreta 6%, p\u0161enica 5%, seme velike crne uljane repice 4%, \u017euta proso 4%, seme lana 3%, mrvljeni pirina\u010d 3%, japanska proso 2%, olju\u0161\u0107eni kikiriki 1,5%, seme nigera 1%<\/p>\n<p><strong>Uputsvto za upotrebu:\u00a0<\/strong>Va\u0161e ptice \u0107e biti u vrhunskoj kondiciji ako hrani dodate jaj\u010danu hranu, vitamine i\/ili minerale ( na primer Orlux Gold Patee Large Parakeets and Parrots, Oropharma Omni-Vit or Orlux Clay Bloc Amazon River). Sve\u017ea pija\u0107a voda mora uvek biti dostupna pticama<\/p>\n<p>Dostupno u pakovanjima od 1kg i 2,5kg<\/p>\n<p>Proizvo\u0111a\u010d: Versele-Laga<br \/>\nZemlja porekla: Belgija (EU)<\/p>\n<\/div>\n\n    <div class=\"xs_social_share_widget xs_share_url after_content \t\tmain_content  wslu-style-1 wslu-share-box-shaped wslu-fill-colored wslu-none wslu-share-horizontal wslu-theme-font-no wslu-main_content\">\n\n\t\t\n        <ul>\n\t\t\t        <\/ul>\n    <\/div>","protected":false},"excerpt":{"rendered":"<p>Visoko kvalitetna semenska me\u0161avina namenjena ishrani srednjih papagaja<\/p>","protected":false},"featured_media":40974,"comment_status":"open","ping_status":"closed","template":"","meta":{"_acf_changed":false},"pwb-brand":[318],"product_cat":[1277,1119],"product_tag":[],"class_list":{"0":"post-40972","1":"product","2":"type-product","3":"status-publish","4":"has-post-thumbnail","6":"pwb-brand-versele-laga","7":"product_cat-hrana-za-ptice","8":"product_cat-ptice","10":"first","11":"instock","12":"taxable","13":"shipping-taxable","14":"purchasable","15":"product-type-variable","16":"has-default-attributes"},"acf":[],"brands":[{"id":318,"name":"Versele-Laga","slug":"versele-laga"}],"_links":{"self":[{"href":"https:\/\/pawz.rs\/en\/wp-json\/wp\/v2\/product\/40972","targetHints":{"allow":["GET"]}}],"collection":[{"href":"https:\/\/pawz.rs\/en\/wp-json\/wp\/v2\/product"}],"about":[{"href":"https:\/\/pawz.rs\/en\/wp-json\/wp\/v2\/types\/product"}],"replies":[{"embeddable":true,"href":"https:\/\/pawz.rs\/en\/wp-json\/wp\/v2\/comments?post=40972"}],"wp:featuredmedia":[{"embeddable":true,"href":"https:\/\/pawz.rs\/en\/wp-json\/wp\/v2\/media\/40974"}],"wp:attachment":[{"href":"https:\/\/pawz.rs\/en\/wp-json\/wp\/v2\/media?parent=40972"}],"wp:term":[{"taxonomy":"pwb-brand","embeddable":true,"href":"https:\/\/pawz.rs\/en\/wp-json\/wp\/v2\/pwb-brand?post=40972"},{"taxonomy":"product_cat","embeddable":true,"href":"https:\/\/pawz.rs\/en\/wp-json\/wp\/v2\/product_cat?post=40972"},{"taxonomy":"product_tag","embeddable":true,"href":"https:\/\/pawz.rs\/en\/wp-json\/wp\/v2\/product_tag?post=40972"}],"curies":[{"name":"wp","href":"https:\/\/api.w.org\/{rel}","templated":true}]}}