{"id":40998,"date":"2025-06-03T09:09:03","date_gmt":"2025-06-03T07:09:03","guid":{"rendered":"https:\/\/pawz.rs\/?post_type=product&#038;p=40998"},"modified":"2025-06-29T19:48:41","modified_gmt":"2025-06-29T17:48:41","slug":"versele-laga-prestige-premium-parrots","status":"publish","type":"product","link":"https:\/\/pawz.rs\/en\/versele-laga-prestige-premium-parrots\/","title":{"rendered":"Versele Laga Prestige Premium Parrots"},"content":{"rendered":"<p><strong>Versele Laga Prestige Premium Parrots<br \/>\n<\/strong><\/p>\n<div class=\"col-md-12 text-center\">\n<div class=\"col-md-12 text-center\">\n<p>Oboga\u0107ena semenska me\u0161avina sa ekstrudiranim VAM peletima bez ora\u0161astih plodova namenjena ishrani svih velikih papagaja<\/p>\n<\/div>\n<\/div>\n<div class=\"col-md-12 text-center\">\n<div class=\"col-md-12 text-center\">\n<ul>\n<li>Oboga\u0107ena semenska me\u0161avina: vitamini, amino kiseline i minerali za optimalno stanje organizma<\/li>\n<li>Florastimul obezbe\u0111uje optimalno fukcionisanje intestinalnog trakta i varenje<\/li>\n<li>Napravljena u konsultaciji sa najboljim evropskim odgajiva\u010dima koji ovu hranu koriste kao osnovnu ishranu svojih papagaja<\/li>\n<\/ul>\n<p><strong>Sastav:<\/strong>\u00a0Olju\u0161teno seme suncokreta 17%, \u0161afranika 14%, seme za kanarince 5%, heljda 9%, mrvljeni pirina\u010d 10%, \u0161iljati ovas 9%, maksi VAM peleti 8%, bele semenke suncokreta 6,5%, dari 3%, \u017euta proso 3%, gra\u0161ak 2%, olju\u0161\u0107eni ovas 2%, ljuske ostrige 2%, crvena proso 2%, plata kukuruz 2%, semenke bundeve 2%, kokice 1%, \u0161ipak 1%, ekspandirana p\u0161enica 1%, crvena paprika 0,5%<\/p>\n<p><strong>Analytical composition:<\/strong>\u00a0Proteini 13%, masti 15%, sirova vlakna 14,5%, sirovi pepeo 6%, kalcijum 0,90%, fosfor 0,40%, lizin 0,45%, metionin 0,30%, treonin 0,40%<\/p>\n<p><strong>Dodaci po kilogramu proizvoda: Nutritivni dodaci:<\/strong>\u00a0Vitamin A 8800 IU, Vitamin D3 1600 IU, Vitamin E 20 mg, 3b103 (gvo\u017e\u0111e) 20 mg, 3b202 (jod) 1.5 mg, 3b405 (bakar) 7 mg, 3b502 (mangan) 48 mg, 3b603 (cink) 45 mg;<\/p>\n<p><strong>Tehnolo\u0161ki dodaci:\u00a0<\/strong>Konzervansi, antioksidansi;<\/p>\n<p><strong>Senzorni dodaci:<\/strong>\u00a0Boje za hranu<\/p>\n<p><strong>Uputsvo za upotrebu:<\/strong><\/p>\n<p>Bez ograni\u010denja hranite ptice ovom hranom.<br \/>\nSve\u017ea pija\u0107a voda mora uvek biti dostupna pticama<\/p>\n<p>Dostupno u pakovanju od 2kg i 15kg<\/p>\n<\/div>\n<p>Proizvo\u0111a\u010d: Versele-Laga<br \/>\nZemlja porekla: Belgija (EU)<\/p>\n<\/div>\n\n    <div class=\"xs_social_share_widget xs_share_url after_content \t\tmain_content  wslu-style-1 wslu-share-box-shaped wslu-fill-colored wslu-none wslu-share-horizontal wslu-theme-font-no wslu-main_content\">\n\n\t\t\n        <ul>\n\t\t\t        <\/ul>\n    <\/div>","protected":false},"excerpt":{"rendered":"<div class=\"col-md-12 text-center\">\n<div class=\"col-md-12 text-center\">\n<div class=\"col-md-12 text-center\">\n<p>Oboga\u0107ena semenska me\u0161avina sa ekstrudiranim VAM peletima bez ora\u0161astih plodova namenjena ishrani svih velikih papagaja<\/p>\n<\/div>\n<\/div>\n<\/div>","protected":false},"featured_media":41002,"comment_status":"open","ping_status":"closed","template":"","meta":{"_acf_changed":false},"pwb-brand":[318],"product_cat":[1277,1119],"product_tag":[],"class_list":{"0":"post-40998","1":"product","2":"type-product","3":"status-publish","4":"has-post-thumbnail","6":"pwb-brand-versele-laga","7":"product_cat-hrana-za-ptice","8":"product_cat-ptice","10":"first","11":"instock","12":"taxable","13":"shipping-taxable","14":"purchasable","15":"product-type-variable","16":"has-default-attributes"},"acf":[],"brands":[{"id":318,"name":"Versele-Laga","slug":"versele-laga"}],"_links":{"self":[{"href":"https:\/\/pawz.rs\/en\/wp-json\/wp\/v2\/product\/40998","targetHints":{"allow":["GET"]}}],"collection":[{"href":"https:\/\/pawz.rs\/en\/wp-json\/wp\/v2\/product"}],"about":[{"href":"https:\/\/pawz.rs\/en\/wp-json\/wp\/v2\/types\/product"}],"replies":[{"embeddable":true,"href":"https:\/\/pawz.rs\/en\/wp-json\/wp\/v2\/comments?post=40998"}],"wp:featuredmedia":[{"embeddable":true,"href":"https:\/\/pawz.rs\/en\/wp-json\/wp\/v2\/media\/41002"}],"wp:attachment":[{"href":"https:\/\/pawz.rs\/en\/wp-json\/wp\/v2\/media?parent=40998"}],"wp:term":[{"taxonomy":"pwb-brand","embeddable":true,"href":"https:\/\/pawz.rs\/en\/wp-json\/wp\/v2\/pwb-brand?post=40998"},{"taxonomy":"product_cat","embeddable":true,"href":"https:\/\/pawz.rs\/en\/wp-json\/wp\/v2\/product_cat?post=40998"},{"taxonomy":"product_tag","embeddable":true,"href":"https:\/\/pawz.rs\/en\/wp-json\/wp\/v2\/product_tag?post=40998"}],"curies":[{"name":"wp","href":"https:\/\/api.w.org\/{rel}","templated":true}]}}