{"id":41028,"date":"2025-06-03T11:44:59","date_gmt":"2025-06-03T09:44:59","guid":{"rendered":"https:\/\/pawz.rs\/?post_type=product&#038;p=41028"},"modified":"2025-06-29T19:48:40","modified_gmt":"2025-06-29T17:48:40","slug":"versele-laga-prestige-premium-amazone-parrot-loro-parc","status":"publish","type":"product","link":"https:\/\/pawz.rs\/en\/versele-laga-prestige-premium-amazone-parrot-loro-parc\/","title":{"rendered":"Versele Laga Prestige Premium Amazone Parrot Loro Parc"},"content":{"rendered":"<p><strong>Versele Laga Prestige Premium Amazone Parrot Loro Parc<\/strong><\/p>\n<div class=\"col-md-12 text-center\">\n<div class=\"col-md-12 text-center\">\n<div class=\"col-md-12 text-center\">\n<p>Oboga\u0107ena semenska me\u0161avina sa ekstrudiranim VAM peletima namenjena ishrani velikih papagaja \u010dija je postojbina Ju\u017ena Amerika<\/p>\n<\/div>\n<\/div>\n<\/div>\n<div class=\"col-md-12 text-center\">\n<div class=\"col-md-12 text-center\">\n<ul>\n<li>Oboga\u0107ena semenska me\u0161avina: vitamini, amino kiseline i minerali za optimalno stanje organizma<\/li>\n<li>Idealna za ishranu papagaja \u010dija je postojbina Ju\u017ena Amerika: Amazonci, Pionusi, Kaikusi, Makkai, Aratingasi<\/li>\n<li>Napravljena u konsultaciji sa nau\u010dnim timom Loro Parque sa Tenerifa<\/li>\n<\/ul>\n<p><strong>Sastav:<\/strong>\u00a0Ovas, p\u0161enica, kukuruz, heljda, mrvljeni pirina\u010d, olju\u0161\u0107eno seme suncokreta, milo, dari, seme za kanarince, seme uljane repice, seme bundeve, bela proso, \u0161afranika, belo seme suncokreta, olji\u0161\u0107eni kikiriki, pinjole, \u017euta proso, ekspandirana p\u0161enica, kokice, \u0161ipak, crvena paprika, maksi VAM peleti, ljuske ostrige<\/p>\n<p><strong>Analytical composition:<\/strong>\u00a0Proteini 13%, masti 9%, sirova vlakna 10%, sirovi pepeo 6%, kalcijum 0,9%, fosfor 0,40%, lizin 0,40%, metionin 0,30%, treonin 0,40%<\/p>\n<p><strong>Dodaci po kilogramu proizvoda: Nutritivni dodaci:<\/strong>\u00a0Vitamin A 8800 IU, Vitamin D3 1600 IU, Vitamin E 20 mg, 3b103 (gvo\u017e\u0111e) 20 mg, 3b202 (jod) 1.5 mg, 3b405 (bakar) 7 mg, 3b502 (mangan) 48 mg, 3b603 (cink) 45 mg;<\/p>\n<p><strong>Tehnolo\u0161ki dodaci:\u00a0<\/strong>Konzervansi, antioksidansi;<\/p>\n<p>Senzorni dodaci:\u00a0Boje za hranu<\/p>\n<p><strong>Uputsvo za upotrebu:<\/strong><\/p>\n<p>Bez ograni\u010denja hranite ptice ovom hranom. Sve\u017ea pija\u0107a voda mora uvek biti dostupna pticama<\/p>\n<\/div>\n<p>Proizvo\u0111a\u010d: Versele-Laga<br \/>\nZemlja porekla: Belgija (EU)<\/p>\n<\/div>\n\n    <div class=\"xs_social_share_widget xs_share_url after_content \t\tmain_content  wslu-style-1 wslu-share-box-shaped wslu-fill-colored wslu-none wslu-share-horizontal wslu-theme-font-no wslu-main_content\">\n\n\t\t\n        <ul>\n\t\t\t        <\/ul>\n    <\/div>","protected":false},"excerpt":{"rendered":"<div class=\"col-md-12 text-center\">\n<div class=\"col-md-12 text-center\">\n<div class=\"col-md-12 text-center\">\n<div class=\"col-md-12 text-center\">\n<p>Oboga\u0107ena semenska me\u0161avina sa ekstrudiranim VAM peletima namenjena ishrani velikih papagaja \u010dija je postojbina Ju\u017ena Amerika<\/p>\n<\/div>\n<\/div>\n<\/div>\n<\/div>","protected":false},"featured_media":41033,"comment_status":"open","ping_status":"closed","template":"","meta":{"_acf_changed":false},"pwb-brand":[318],"product_cat":[1277,1119],"product_tag":[],"class_list":{"0":"post-41028","1":"product","2":"type-product","3":"status-publish","4":"has-post-thumbnail","6":"pwb-brand-versele-laga","7":"product_cat-hrana-za-ptice","8":"product_cat-ptice","10":"first","11":"instock","12":"taxable","13":"shipping-taxable","14":"purchasable","15":"product-type-variable","16":"has-default-attributes"},"acf":[],"brands":[{"id":318,"name":"Versele-Laga","slug":"versele-laga"}],"_links":{"self":[{"href":"https:\/\/pawz.rs\/en\/wp-json\/wp\/v2\/product\/41028","targetHints":{"allow":["GET"]}}],"collection":[{"href":"https:\/\/pawz.rs\/en\/wp-json\/wp\/v2\/product"}],"about":[{"href":"https:\/\/pawz.rs\/en\/wp-json\/wp\/v2\/types\/product"}],"replies":[{"embeddable":true,"href":"https:\/\/pawz.rs\/en\/wp-json\/wp\/v2\/comments?post=41028"}],"wp:featuredmedia":[{"embeddable":true,"href":"https:\/\/pawz.rs\/en\/wp-json\/wp\/v2\/media\/41033"}],"wp:attachment":[{"href":"https:\/\/pawz.rs\/en\/wp-json\/wp\/v2\/media?parent=41028"}],"wp:term":[{"taxonomy":"pwb-brand","embeddable":true,"href":"https:\/\/pawz.rs\/en\/wp-json\/wp\/v2\/pwb-brand?post=41028"},{"taxonomy":"product_cat","embeddable":true,"href":"https:\/\/pawz.rs\/en\/wp-json\/wp\/v2\/product_cat?post=41028"},{"taxonomy":"product_tag","embeddable":true,"href":"https:\/\/pawz.rs\/en\/wp-json\/wp\/v2\/product_tag?post=41028"}],"curies":[{"name":"wp","href":"https:\/\/api.w.org\/{rel}","templated":true}]}}