{"id":41035,"date":"2025-06-03T12:02:10","date_gmt":"2025-06-03T10:02:10","guid":{"rendered":"https:\/\/pawz.rs\/?post_type=product&#038;p=41035"},"modified":"2025-06-29T19:48:40","modified_gmt":"2025-06-29T17:48:40","slug":"versele-laga-prestige-premium-australian-parrot-loro-parque","status":"publish","type":"product","link":"https:\/\/pawz.rs\/en\/versele-laga-prestige-premium-australian-parrot-loro-parque\/","title":{"rendered":"Versele Laga Prestige Premium Australian Parrot Loro Parque"},"content":{"rendered":"<p><strong>Versele Laga Prestige Premium Australian Parrot Loro Parque<\/strong><\/p>\n<div class=\"col-md-12 text-center\">\n<div class=\"col-md-12 text-center\">\n<div class=\"col-md-12 text-center\">\n<div class=\"col-md-12 text-center\">\n<p>Oboga\u0107ena semenska me\u0161avina sa ekstrudiranim VAM peletima namenjena ishrani Kakadua<\/p>\n<\/div>\n<\/div>\n<\/div>\n<\/div>\n<div class=\"col-md-12 text-center\">\n<div class=\"col-md-12 text-center\">\n<ul>\n<li>Oboga\u0107ena semenska me\u0161avina: vitamini, amino kiseline i minerali za optimalno stanje organizma<\/li>\n<li>Visoko kvalitetno semenje kako prirodna ishrana Kakadua<\/li>\n<li>Napravljena u konsultaciji sa nau\u010dnim timom Loro Parque sa Tenerifa<\/li>\n<\/ul>\n<p><strong>Sastav:<\/strong>\u00a0Olju\u0161teno seme suncokreta, \u0161afranika, ovas, mrvljeni pirina\u010d, belo seme suncokreta, p\u0161enica, kukuruz, heljda, je\u010dam, olju\u0161\u0107eni kikiriki, seme bundeve, dari, pinjole, seme za kanarince, bela proso, milo, ekspandirana p\u0161enica, kokice, \u0161ipak, maksi VAM peleti, ljuske ostrige<\/p>\n<p><strong>Analytical composition:<\/strong>\u00a0Proteini 12,5%, masti 9%, sirova vlakna 10%, sirovi pepeo 5%, kalcijum 0,9%, fosfor 0,40%, lizin 0,40%, metionin 0,30%, treonin 0,35%<\/p>\n<p><strong>Dodaci po kilogramu proizvoda: Nutritivni dodaci:<\/strong>\u00a0Vitamin A 8800 IU, Vitamin D3 1600 IU, Vitamin E 20 mg, 3b103 (gvo\u017e\u0111e) 20 mg, 3b202 (jod) 1.5 mg, 3b405 (bakar) 7 mg, 3b502 (mangan) 48 mg, 3b603 (cink) 45 mg;<\/p>\n<p><strong>Tehnolo\u0161ki dodaci:\u00a0<\/strong>Konzervansi, antioksidansi;<strong><\/p>\n<p>Senzorni dodaci:<\/strong>\u00a0Boje za hranu<\/p>\n<p><strong>Uputstvo za upotrebu:<\/strong><\/p>\n<p>Bez ograni\u010denja hranite ptice ovom hranom. Sve\u017ea pija\u0107a voda mora uvek biti dostupna pticama<\/p>\n<p>Dostupno u pakovanju od 1kg i 15kg<\/p>\n<\/div>\n<p>Proizvo\u0111a\u010d: Versele-Laga<br \/>\nZemlja porekla: Belgija (EU)<\/p>\n<\/div>\n\n    <div class=\"xs_social_share_widget xs_share_url after_content \t\tmain_content  wslu-style-1 wslu-share-box-shaped wslu-fill-colored wslu-none wslu-share-horizontal wslu-theme-font-no wslu-main_content\">\n\n\t\t\n        <ul>\n\t\t\t        <\/ul>\n    <\/div>","protected":false},"excerpt":{"rendered":"<div class=\"col-md-12 text-center\">\n<div class=\"col-md-12 text-center\">\n<div class=\"col-md-12 text-center\">\n<div class=\"col-md-12 text-center\">\n<div class=\"col-md-12 text-center\">\n<p>Oboga\u0107ena semenska me\u0161avina sa ekstrudiranim VAM peletima namenjena ishrani Kakadua<\/p>\n<\/div>\n<\/div>\n<\/div>\n<\/div>\n<\/div>","protected":false},"featured_media":41041,"comment_status":"open","ping_status":"closed","template":"","meta":{"_acf_changed":false},"pwb-brand":[],"product_cat":[1277,1119],"product_tag":[],"class_list":{"0":"post-41035","1":"product","2":"type-product","3":"status-publish","4":"has-post-thumbnail","6":"product_cat-hrana-za-ptice","7":"product_cat-ptice","9":"first","10":"instock","11":"taxable","12":"shipping-taxable","13":"purchasable","14":"product-type-variable","15":"has-default-attributes"},"acf":[],"brands":[],"_links":{"self":[{"href":"https:\/\/pawz.rs\/en\/wp-json\/wp\/v2\/product\/41035","targetHints":{"allow":["GET"]}}],"collection":[{"href":"https:\/\/pawz.rs\/en\/wp-json\/wp\/v2\/product"}],"about":[{"href":"https:\/\/pawz.rs\/en\/wp-json\/wp\/v2\/types\/product"}],"replies":[{"embeddable":true,"href":"https:\/\/pawz.rs\/en\/wp-json\/wp\/v2\/comments?post=41035"}],"wp:featuredmedia":[{"embeddable":true,"href":"https:\/\/pawz.rs\/en\/wp-json\/wp\/v2\/media\/41041"}],"wp:attachment":[{"href":"https:\/\/pawz.rs\/en\/wp-json\/wp\/v2\/media?parent=41035"}],"wp:term":[{"taxonomy":"pwb-brand","embeddable":true,"href":"https:\/\/pawz.rs\/en\/wp-json\/wp\/v2\/pwb-brand?post=41035"},{"taxonomy":"product_cat","embeddable":true,"href":"https:\/\/pawz.rs\/en\/wp-json\/wp\/v2\/product_cat?post=41035"},{"taxonomy":"product_tag","embeddable":true,"href":"https:\/\/pawz.rs\/en\/wp-json\/wp\/v2\/product_tag?post=41035"}],"curies":[{"name":"wp","href":"https:\/\/api.w.org\/{rel}","templated":true}]}}