{"id":41075,"date":"2025-06-03T14:02:47","date_gmt":"2025-06-03T12:02:47","guid":{"rendered":"https:\/\/pawz.rs\/?post_type=product&#038;p=41075"},"modified":"2025-06-29T19:48:40","modified_gmt":"2025-06-29T17:48:40","slug":"versele-laga-prestige-parrots","status":"publish","type":"product","link":"https:\/\/pawz.rs\/en\/versele-laga-prestige-parrots\/","title":{"rendered":"Versele Laga Prestige Parrots"},"content":{"rendered":"<p><strong>Versele Laga Prestige Parrots<br \/>\n<\/strong><\/p>\n<div class=\"col-md-12 text-center\">\n<div class=\"col-md-12 text-center\">\n<div class=\"col-md-12 text-center\">\n<p>Visoko kvalitetna semenska me\u0161avina namenjena ishrani velikih papagaja<\/p>\n<\/div>\n<\/div>\n<\/div>\n<div class=\"col-md-12 text-center\">\n<div class=\"col-md-12 text-center\">\n<ul>\n<li>Klasi\u010dna me\u0161avina sa puno zrnevlja<\/li>\n<\/ul>\n<p><strong>Sastav:\u00a0<\/strong>olju\u0161teno seme suncokreta 25%, belo seme suncokreta 20%, plata kukuruz 8%, olju\u0161teni \u00a0kikiriki 7%, p\u0161enica 6%, heljda 5%, \u0161iljati ovas 5%, olju\u0161teni \u00a0ovas 5%, \u0161afranika 5%, neobra\u0111eni pirina\u010d 4%, milo 4%, ceo kikiriki 2%, pinjole 3%, kokice 1%, seme bundeve 1%<\/p>\n<p><strong>Uputstvo za hranjenje:\u00a0<\/strong>Va\u0161a ptica \u0107e biti u vrhunskoj kondiciji ako joj se uz osnovnu hranu dodaje i jaj\u010dana hrana, vitamini i minerali poput\u00a0\u00a0Orlux Gold Patee Large Parakeets and Parrots, Oropharma Omni-Vit or Orlux Clay Bloc Amazon River. Sve\u017ea pija\u0107a voda mora uvek biti dostupna pticama<\/p>\n<p>Dostupno u pakovanjima od 1kg, 3kg i 15kg<\/p>\n<\/div>\n<p>Proizvo\u0111a\u010d: Versele-Laga<br \/>\nZemlja porekla: Belgija (EU)<\/p>\n<\/div>\n\n    <div class=\"xs_social_share_widget xs_share_url after_content \t\tmain_content  wslu-style-1 wslu-share-box-shaped wslu-fill-colored wslu-none wslu-share-horizontal wslu-theme-font-no wslu-main_content\">\n\n\t\t\n        <ul>\n\t\t\t        <\/ul>\n    <\/div>","protected":false},"excerpt":{"rendered":"<div class=\"col-md-12 text-center\">\n<div class=\"col-md-12 text-center\">\n<div class=\"col-md-12 text-center\">\n<p>Visoko kvalitetna semenska me\u0161avina namenjena ishrani velikih papagaja<\/p>\n<\/div>\n<\/div>\n<\/div>","protected":false},"featured_media":41078,"comment_status":"open","ping_status":"closed","template":"","meta":{"_acf_changed":false},"pwb-brand":[318],"product_cat":[1277,1119],"product_tag":[],"class_list":{"0":"post-41075","1":"product","2":"type-product","3":"status-publish","4":"has-post-thumbnail","6":"pwb-brand-versele-laga","7":"product_cat-hrana-za-ptice","8":"product_cat-ptice","10":"first","11":"instock","12":"taxable","13":"shipping-taxable","14":"purchasable","15":"product-type-variable","16":"has-default-attributes"},"acf":[],"brands":[{"id":318,"name":"Versele-Laga","slug":"versele-laga"}],"_links":{"self":[{"href":"https:\/\/pawz.rs\/en\/wp-json\/wp\/v2\/product\/41075","targetHints":{"allow":["GET"]}}],"collection":[{"href":"https:\/\/pawz.rs\/en\/wp-json\/wp\/v2\/product"}],"about":[{"href":"https:\/\/pawz.rs\/en\/wp-json\/wp\/v2\/types\/product"}],"replies":[{"embeddable":true,"href":"https:\/\/pawz.rs\/en\/wp-json\/wp\/v2\/comments?post=41075"}],"wp:featuredmedia":[{"embeddable":true,"href":"https:\/\/pawz.rs\/en\/wp-json\/wp\/v2\/media\/41078"}],"wp:attachment":[{"href":"https:\/\/pawz.rs\/en\/wp-json\/wp\/v2\/media?parent=41075"}],"wp:term":[{"taxonomy":"pwb-brand","embeddable":true,"href":"https:\/\/pawz.rs\/en\/wp-json\/wp\/v2\/pwb-brand?post=41075"},{"taxonomy":"product_cat","embeddable":true,"href":"https:\/\/pawz.rs\/en\/wp-json\/wp\/v2\/product_cat?post=41075"},{"taxonomy":"product_tag","embeddable":true,"href":"https:\/\/pawz.rs\/en\/wp-json\/wp\/v2\/product_tag?post=41075"}],"curies":[{"name":"wp","href":"https:\/\/api.w.org\/{rel}","templated":true}]}}