{"id":41099,"date":"2025-06-04T10:41:02","date_gmt":"2025-06-04T08:41:02","guid":{"rendered":"https:\/\/pawz.rs\/?post_type=product&#038;p=41099"},"modified":"2025-06-29T19:48:39","modified_gmt":"2025-06-29T17:48:39","slug":"versele-laga-prestige-exotic-fruit-mix-600g","status":"publish","type":"product","link":"https:\/\/pawz.rs\/en\/versele-laga-prestige-exotic-fruit-mix-600g\/","title":{"rendered":"Versele Laga Prestige Exotic Fruit Mix &#8211; 600g"},"content":{"rendered":"<p><strong>Versele Laga Prestige Exotic Fruit Mix &#8211; 600g<\/strong><\/p>\n<p><strong>Minimalna kupovina 2 komada<\/strong><\/p>\n<div class=\"col-md-12 text-center\">\n<div class=\"col-md-12 text-center\">\n<p>Ukusan i zdrav miks semenja i vo\u0107a koji slu\u017ei kao poslastica za srednje i velike papagaje<\/p>\n<\/div>\n<ul>\n<li>Sadr\u017ei 35% komada vo\u0107a: papaje, ananasa i kajsije&#8230;.<\/li>\n<li>Miks sastavljen u saradnji sa nau\u010dnim timom Loro Parque sa Tenerifa<\/li>\n<li>Sa dodatim antioksidansima<\/li>\n<\/ul>\n<p><strong>Sastav:<\/strong>\u00a0semenje, vo\u0107e ( su\u0161ena banana, suvo gro\u017e\u0111e, \u0161ipak, papaja, kajsija, ananas minimum\u00a0 35% ), \u017eitarice, ora\u0161asti plodovi, povr\u0107e<\/p>\n<p><strong>Analytical composition:\u00a0<\/strong>proteini 11%, masti 19%, sirova vlakna 13%, sirovi pepeo 3%, kalcijum 0,10%, fosfor 0,30%<\/p>\n<p><strong>Dodaci po kilogramu proizvoda:<\/strong>\u00a0Vitamin A 8800 IU, Vitamin D3 1600 IU, Vitamin E 20 mg, 3b103 (gvo\u017e\u0111e) 20 mg, 3b202 (jodid) 1.5 mg, E4 (bakar) 7 mg, 3b502 (mangan) 48 mg, 3b603 (cink) 45 mg, E8 (selenijum) 0.15 mg<\/p>\n<p><strong>Uputstvo za hranjenje:\u00a0<\/strong>Bez ograni\u010denja dajte Va\u0161oj ptici ovaj miks uz osnovnu hranu.<br \/>\nSve\u017ea pija\u0107a voda mora uvek biti dostupna pticama<\/p>\n<p>Dostupno u pakovanju od 600g<\/p>\n<p>Proizvo\u0111a\u010d: Versele-Laga<br \/>\nZemlja porekla: Belgija (EU)<\/p>\n<\/div>\n\n    <div class=\"xs_social_share_widget xs_share_url after_content \t\tmain_content  wslu-style-1 wslu-share-box-shaped wslu-fill-colored wslu-none wslu-share-horizontal wslu-theme-font-no wslu-main_content\">\n\n\t\t\n        <ul>\n\t\t\t        <\/ul>\n    <\/div>","protected":false},"excerpt":{"rendered":"<div class=\"col-md-12 text-center\">\n<div class=\"col-md-12 text-center\">\n<p>Ukusan i zdrav miks semenja i vo\u0107a koji slu\u017ei kao poslastica za srednje i velike papagaje<\/p>\n<\/div>\n<p>&nbsp;<\/p>\n<\/div>","protected":false},"featured_media":41101,"comment_status":"open","ping_status":"closed","template":"","meta":{"_acf_changed":false},"pwb-brand":[318],"product_cat":[1278,1119],"product_tag":[],"class_list":{"0":"post-41099","1":"product","2":"type-product","3":"status-publish","4":"has-post-thumbnail","6":"pwb-brand-versele-laga","7":"product_cat-poslastice-za-ptice","8":"product_cat-ptice","10":"first","11":"instock","12":"taxable","13":"shipping-taxable","14":"purchasable","15":"product-type-simple"},"acf":[],"brands":[{"id":318,"name":"Versele-Laga","slug":"versele-laga"}],"_links":{"self":[{"href":"https:\/\/pawz.rs\/en\/wp-json\/wp\/v2\/product\/41099","targetHints":{"allow":["GET"]}}],"collection":[{"href":"https:\/\/pawz.rs\/en\/wp-json\/wp\/v2\/product"}],"about":[{"href":"https:\/\/pawz.rs\/en\/wp-json\/wp\/v2\/types\/product"}],"replies":[{"embeddable":true,"href":"https:\/\/pawz.rs\/en\/wp-json\/wp\/v2\/comments?post=41099"}],"wp:featuredmedia":[{"embeddable":true,"href":"https:\/\/pawz.rs\/en\/wp-json\/wp\/v2\/media\/41101"}],"wp:attachment":[{"href":"https:\/\/pawz.rs\/en\/wp-json\/wp\/v2\/media?parent=41099"}],"wp:term":[{"taxonomy":"pwb-brand","embeddable":true,"href":"https:\/\/pawz.rs\/en\/wp-json\/wp\/v2\/pwb-brand?post=41099"},{"taxonomy":"product_cat","embeddable":true,"href":"https:\/\/pawz.rs\/en\/wp-json\/wp\/v2\/product_cat?post=41099"},{"taxonomy":"product_tag","embeddable":true,"href":"https:\/\/pawz.rs\/en\/wp-json\/wp\/v2\/product_tag?post=41099"}],"curies":[{"name":"wp","href":"https:\/\/api.w.org\/{rel}","templated":true}]}}