{"id":41141,"date":"2025-06-04T16:00:05","date_gmt":"2025-06-04T14:00:05","guid":{"rendered":"https:\/\/pawz.rs\/?post_type=product&#038;p=41141"},"modified":"2026-05-04T19:43:44","modified_gmt":"2026-05-04T17:43:44","slug":"hills-hppd-a-d-konzerva-piletina-200g","status":"publish","type":"product","link":"https:\/\/pawz.rs\/en\/hills-hppd-a-d-konzerva-piletina-200g\/","title":{"rendered":"Hills Prescription Diet A\/D KONZERVA PILETINA 200g"},"content":{"rendered":"<p><strong>Hill&#8217;s PRESCRIPTION DIET a\/d Hrana za pse i ma\u010dke sa piletinom 200g<\/strong><\/p>\n<p><strong>Minimalna kupovina je transportno pakovanje od 12 komada<\/strong><\/p>\n<p>Kompletna dijetetska hrana za uvo\u0111enje u normalnu ishranu (oporavak) i za masnu jetru kod ma\u010daka. Ovo je visokokalori\u010dna hrana koja ima visoku koncentraciju esencijalnih hranljivih materija i lako svarljivih sastojaka.<\/p>\n<p>Stimuli\u0161e unos hrane kod kuc\u0301nih ljubimaca koji se oporavljaju od operacije, ozbiljne bolesti ili povrede<\/p>\n<p>Ma\u010dke i psi mogu do\u017eiveti zna\u010dajne promene u metabolizmu dok se oporavljaju od operacije, bolesti ili povrede. Dok su izlo\u017eeni ovim stresnim uslovima, kuc\u0301ni ljubimci su pod pravim izazovom da odr\u017ee svoju prirodnu odbranu, zbog \u010dega je jo\u0161 va\u017enije dati im pravu hranu da izdr\u017ee ove te\u0161ke okolnosti i oporave se.<\/p>\n<p>Hill&#8217;s nutricionisti i veterinari razvili su klini\u010dki dokazanu Prescription Diet i\/d hranu, specijalno formulisanu za pse i ma\u010dke koji se oporavljaju od operacije, bolesti ili povrede. Mo\u017eete biti sigurni da svom ljubimcu dajete najbolje.<\/p>\n<p>Kako ovaj proizvod poma\u017ee va\u0161em ljubimcu:<\/p>\n<ul>\n<li>Visoka gustina energije i kalorijska vrednost za zadovoljenje povec\u0301ane energetske potrebe tokom oporavka<\/li>\n<li>Izuzetan ukus podsti\u010de unos hrane<\/li>\n<li>Maksimalna fleksibilnost hranjenja: ru\u010dno, u \u010diniji, na ka\u0161iku, sondu ili \u0161pric &#8211; da bi se bolesnom ljubimcu obezbedili preko potrebni hranljivi sastojci<\/li>\n<li>Ja\u010da imuni sistem i prirodnu sposobnost le\u010denja i oporavka<\/li>\n<li>Povec\u0301ani nivoi vitamina B, kalijuma i cinka<\/li>\n<\/ul>\n<p>Kako ovaj proizvod funkcioni\u0161e:<\/p>\n<ul>\n<li>Visok nivo lako svarljivih proteina i masti podsti\u010de oporavak<\/li>\n<li>Glatka, meka, vla\u017ena i tiksotropna konzistencija (postaje manje viskozna kada se me\u0161a), sme\u0161a postaje skoro te\u010dna kada se me\u0161a, \u0161to pru\u017ea vi\u0161e moguc\u0301nosti hranjenja<\/li>\n<li>Klini\u010dki dokazani antioksidansi za podr\u0161ku imunolo\u0161koj funkciji i zarastanju<\/li>\n<\/ul>\n<p>Hill&#8217;s Prescription Diet a\/d je namenjena samo za povremenu ili dopunsku ishranu. Ne preporu\u010duje se za dugotrajno hranjenje (du\u017ee od 6 meseci). Koristite samo prema uputstvima veterinara.<\/p>\n<p>Da li je va\u0161 ljubimac iz bilo kog razloga nezadovoljan ovom hranom?<\/p>\n<p>100% GARANCIJA ZADOVOLJSTVA za kvalitet, doslednost i ukus ili povrat novca.<\/p>\n<p>\u010cuvati neotvorenu konzervu na temperaturi vi\u0161oj od 10 \u00b0C.<\/p>\n<p>Nakon otvaranja \u010duvati u fri\u017eideru.<br \/>\nNapravljeno u SAD.<\/p>\n\n    <div class=\"xs_social_share_widget xs_share_url after_content \t\tmain_content  wslu-style-1 wslu-share-box-shaped wslu-fill-colored wslu-none wslu-share-horizontal wslu-theme-font-no wslu-main_content\">\n\n\t\t\n        <ul>\n\t\t\t        <\/ul>\n    <\/div>","protected":false},"excerpt":{"rendered":"<p>Hill&#8217;s PRESCRIPTION DIET a\/d Hrana za pse i ma\u010dke sa piletinom od 200g<\/p>","protected":false},"featured_media":41142,"comment_status":"open","ping_status":"closed","template":"","meta":{"_acf_changed":false},"pwb-brand":[916],"product_cat":[48,47,705],"product_tag":[1543,1251],"class_list":{"0":"post-41141","1":"product","2":"type-product","3":"status-publish","4":"has-post-thumbnail","6":"pwb-brand-hills","7":"product_cat-hrana-za-pse","8":"product_cat-psi","9":"product_cat-veterinarske-dijete-za-pse","10":"product_tag-hillsvet","11":"product_tag-veterinarske-dijete","13":"first","14":"instock","15":"taxable","16":"shipping-taxable","17":"purchasable","18":"product-type-simple"},"acf":[],"brands":[{"id":916,"name":"Hills","slug":"hills"}],"_links":{"self":[{"href":"https:\/\/pawz.rs\/en\/wp-json\/wp\/v2\/product\/41141","targetHints":{"allow":["GET"]}}],"collection":[{"href":"https:\/\/pawz.rs\/en\/wp-json\/wp\/v2\/product"}],"about":[{"href":"https:\/\/pawz.rs\/en\/wp-json\/wp\/v2\/types\/product"}],"replies":[{"embeddable":true,"href":"https:\/\/pawz.rs\/en\/wp-json\/wp\/v2\/comments?post=41141"}],"wp:featuredmedia":[{"embeddable":true,"href":"https:\/\/pawz.rs\/en\/wp-json\/wp\/v2\/media\/41142"}],"wp:attachment":[{"href":"https:\/\/pawz.rs\/en\/wp-json\/wp\/v2\/media?parent=41141"}],"wp:term":[{"taxonomy":"pwb-brand","embeddable":true,"href":"https:\/\/pawz.rs\/en\/wp-json\/wp\/v2\/pwb-brand?post=41141"},{"taxonomy":"product_cat","embeddable":true,"href":"https:\/\/pawz.rs\/en\/wp-json\/wp\/v2\/product_cat?post=41141"},{"taxonomy":"product_tag","embeddable":true,"href":"https:\/\/pawz.rs\/en\/wp-json\/wp\/v2\/product_tag?post=41141"}],"curies":[{"name":"wp","href":"https:\/\/api.w.org\/{rel}","templated":true}]}}