{"id":41147,"date":"2025-06-04T16:00:05","date_gmt":"2025-06-04T14:00:05","guid":{"rendered":"https:\/\/pawz.rs\/?post_type=product&#038;p=41147"},"modified":"2026-05-04T19:43:44","modified_gmt":"2026-05-04T17:43:44","slug":"hills-prescription-diet-l-d-konzerva-370g","status":"publish","type":"product","link":"https:\/\/pawz.rs\/en\/hills-prescription-diet-l-d-konzerva-370g\/","title":{"rendered":"Hills Prescription Diet L\/D Konzerva 370g"},"content":{"rendered":"<p><strong>Hill&#8217;s Prescription Diet L\/D Konzerva 370gr<\/strong><\/p>\n<p><strong>Minimalna kupovina 6 komada<\/strong><\/p>\n<p>Prescription Diet\u2122 Canine l\/d\u2122 stvorena je posebno za nutritivno le\u010denje pasa s bolestima jetre koje uzrokuju smanjenu funkciju jetre.<\/p>\n<p><b>Klju\u010dne prednosti<\/b><\/p>\n<ul>\n<li>Poma\u017ee u le\u010denju pasa s bole\u0161\u0107u jetre.<\/li>\n<li>Visokosvarljive belan\u010devine, ugljenohidrati i masti.<\/li>\n<li>Ograni\u010dava proizvodnju metaboli\u010dkih toksina iz hranjivih stvari.<\/li>\n<li>Smanjuje optere\u0107enje jetre<\/li>\n<\/ul>\n<p>Da li je va\u0161 ljubimac iz bilo kog razloga nezadovoljan ovom hranom?<\/p>\n<p>100% GARANCIJA ZADOVOLJSTVA za kvalitet, doslednost i ukus ili povrat novca.<\/p>\n<p>\u010cuvati neotvorenu konzervu na temperaturi vi\u0161oj od 10 \u00b0C.<\/p>\n<p>Nakon otvaranja \u010duvati u fri\u017eideru.<br \/>\nNapravljeno u SAD.<\/p>\n\n    <div class=\"xs_social_share_widget xs_share_url after_content \t\tmain_content  wslu-style-1 wslu-share-box-shaped wslu-fill-colored wslu-none wslu-share-horizontal wslu-theme-font-no wslu-main_content\">\n\n\t\t\n        <ul>\n\t\t\t        <\/ul>\n    <\/div>","protected":false},"excerpt":{"rendered":"<p>Hill&#8217;s Prescription Diet L\/D Konzerva 370gr za pse sa problemima jetre<\/p>","protected":false},"featured_media":41148,"comment_status":"open","ping_status":"closed","template":"","meta":{"_acf_changed":false},"pwb-brand":[916],"product_cat":[48,47,705],"product_tag":[1543,1251],"class_list":{"0":"post-41147","1":"product","2":"type-product","3":"status-publish","4":"has-post-thumbnail","6":"pwb-brand-hills","7":"product_cat-hrana-za-pse","8":"product_cat-psi","9":"product_cat-veterinarske-dijete-za-pse","10":"product_tag-hillsvet","11":"product_tag-veterinarske-dijete","13":"first","14":"instock","15":"taxable","16":"shipping-taxable","17":"purchasable","18":"product-type-simple"},"acf":[],"brands":[{"id":916,"name":"Hills","slug":"hills"}],"_links":{"self":[{"href":"https:\/\/pawz.rs\/en\/wp-json\/wp\/v2\/product\/41147","targetHints":{"allow":["GET"]}}],"collection":[{"href":"https:\/\/pawz.rs\/en\/wp-json\/wp\/v2\/product"}],"about":[{"href":"https:\/\/pawz.rs\/en\/wp-json\/wp\/v2\/types\/product"}],"replies":[{"embeddable":true,"href":"https:\/\/pawz.rs\/en\/wp-json\/wp\/v2\/comments?post=41147"}],"wp:featuredmedia":[{"embeddable":true,"href":"https:\/\/pawz.rs\/en\/wp-json\/wp\/v2\/media\/41148"}],"wp:attachment":[{"href":"https:\/\/pawz.rs\/en\/wp-json\/wp\/v2\/media?parent=41147"}],"wp:term":[{"taxonomy":"pwb-brand","embeddable":true,"href":"https:\/\/pawz.rs\/en\/wp-json\/wp\/v2\/pwb-brand?post=41147"},{"taxonomy":"product_cat","embeddable":true,"href":"https:\/\/pawz.rs\/en\/wp-json\/wp\/v2\/product_cat?post=41147"},{"taxonomy":"product_tag","embeddable":true,"href":"https:\/\/pawz.rs\/en\/wp-json\/wp\/v2\/product_tag?post=41147"}],"curies":[{"name":"wp","href":"https:\/\/api.w.org\/{rel}","templated":true}]}}