{"id":41154,"date":"2025-06-04T16:00:05","date_gmt":"2025-06-04T14:00:05","guid":{"rendered":"https:\/\/pawz.rs\/?post_type=product&#038;p=41154"},"modified":"2026-05-04T19:43:46","modified_gmt":"2026-05-04T17:43:46","slug":"hills-prescription-diet-u-d-konzerva-370g","status":"publish","type":"product","link":"https:\/\/pawz.rs\/en\/hills-prescription-diet-u-d-konzerva-370g\/","title":{"rendered":"Hills Prescription Diet U\/D Konzerva 370g"},"content":{"rendered":"<p><strong>Hills Prescription Diet U\/D Konzerva 370g<\/strong><\/p>\n<p><strong>Minimalna kupovina 12 komada<\/strong><\/p>\n<p>Hills Prescription Diet U\/D URINARY CARE CANINE\u00a0je potpuna dijetetska hrana za pse kao potpora smanjenju nastanka oksalatnih kamenaca, smanjuje formiranje uratnih kamenaca, smanjuje formiranje cistinskih kamenaca, smanjena koli\u010dina bakra kao potpora jetri i bubrezima u slu\u010daju hroni\u010dne bubre\u017ene insuficijencije. Ova hrana sadr\u017ei nisku koli\u010dinu kalcijuma, fosfora i niski nivo vitamina D.<\/p>\n<p><strong>SASTOJCI:<\/strong><br \/>\n\u017eitarice, jaja i derivati jaja, ulja i masti, meso i derivati \u017eivotinjskog porkla,razli\u010diti \u0161e\u0107eri, minerali, derivati biljnog porekla, semenke.<\/p>\n<p><strong>Izvori belan\u010devina:<\/strong><br \/>\nkukuruzni skrob, dehidrirana jaja, svinjska jetrica.<\/p>\n<p><strong>Sastojci koji alkaliziraju urin:<\/strong><br \/>\nkalijumov citrat, mononatrijum fosfat.<\/p>\n<p><strong>ANALITI\u010cKI SASTAV:<\/strong><br \/>\nSirove belan\u010devine 3,9%, Sirove masti 7,7%, Esencijalne masne kiseline 1,56%, Sirova vlakna 0,46%, Sirovi pepeo 0,86%, Vlaga 70,9 %, Kalcijum 0,15%, Fosfor 0,09%, Natrijum 0,09%, Kalijum 0,12%,Hidroksiprolin 0,004%, Sumpor 0,07%, Magnezij 0,04%, po kg: Ukupno vit.D 558 mg, Ukupno bakar 1,4 mg<\/p>\n<p><strong>UPUTSTVO ZA HRANJENJE:<\/strong><br \/>\nHranite isklju\u010divo ovom hranom. Preporu\u010duje se zatra\u017eiti savet veterinara pre ili kod nastavka kori\u0161tenja. Hranite ta\u010dnom koli\u010dinom nazna\u010denom na pakovanju prema veli\u010dini Va\u0161eg psa. Prilagodite koli\u010dinu kako bi odr\u017eali optimalnu telesnu masu; ovu koli\u010dinu mo\u017eete podeliti u 2 ili vi\u0161e obroka dnevno.<\/p>\n<p><strong>Preporu\u010deno vreme upotrebe:<\/strong><br \/>\ninicijalno do 6 meseci, do\u017eivotno u slu\u010daju nepromenjivog nivoa mokra\u0107ne kiseline u metabolizmu; za smanjenje formiranja cistinskih kamenaca: minimalno 1 godinu. Sve\u017ea voda mora uvek biti dostupna.<\/p>\n<p>Posebno je prilago\u0111en nivo sumpornih aminokiselina, nizak nivo purina i ograni\u010denu niska koli\u010dina belan\u010devina visoke probavljivosti s niskim nivoem bakra i materija koje alkaliziraju mokra\u0107u.<\/p>\n<p>Nakon otvaranja \u010duvati u fri\u017eideru.<br \/>\nNapravljeno u SAD.<\/p>\n\n    <div class=\"xs_social_share_widget xs_share_url after_content \t\tmain_content  wslu-style-1 wslu-share-box-shaped wslu-fill-colored wslu-none wslu-share-horizontal wslu-theme-font-no wslu-main_content\">\n\n\t\t\n        <ul>\n\t\t\t        <\/ul>\n    <\/div>","protected":false},"excerpt":{"rendered":"<p>Hills Prescription Diet U\/D Konzerva za negu urinarnog trakta<\/p>","protected":false},"featured_media":41155,"comment_status":"open","ping_status":"closed","template":"","meta":{"_acf_changed":false},"pwb-brand":[916],"product_cat":[47,705],"product_tag":[1543,1251],"class_list":{"0":"post-41154","1":"product","2":"type-product","3":"status-publish","4":"has-post-thumbnail","6":"pwb-brand-hills","7":"product_cat-psi","8":"product_cat-veterinarske-dijete-za-pse","9":"product_tag-hillsvet","10":"product_tag-veterinarske-dijete","12":"first","13":"instock","14":"taxable","15":"shipping-taxable","16":"purchasable","17":"product-type-simple"},"acf":[],"brands":[{"id":916,"name":"Hills","slug":"hills"}],"_links":{"self":[{"href":"https:\/\/pawz.rs\/en\/wp-json\/wp\/v2\/product\/41154","targetHints":{"allow":["GET"]}}],"collection":[{"href":"https:\/\/pawz.rs\/en\/wp-json\/wp\/v2\/product"}],"about":[{"href":"https:\/\/pawz.rs\/en\/wp-json\/wp\/v2\/types\/product"}],"replies":[{"embeddable":true,"href":"https:\/\/pawz.rs\/en\/wp-json\/wp\/v2\/comments?post=41154"}],"wp:featuredmedia":[{"embeddable":true,"href":"https:\/\/pawz.rs\/en\/wp-json\/wp\/v2\/media\/41155"}],"wp:attachment":[{"href":"https:\/\/pawz.rs\/en\/wp-json\/wp\/v2\/media?parent=41154"}],"wp:term":[{"taxonomy":"pwb-brand","embeddable":true,"href":"https:\/\/pawz.rs\/en\/wp-json\/wp\/v2\/pwb-brand?post=41154"},{"taxonomy":"product_cat","embeddable":true,"href":"https:\/\/pawz.rs\/en\/wp-json\/wp\/v2\/product_cat?post=41154"},{"taxonomy":"product_tag","embeddable":true,"href":"https:\/\/pawz.rs\/en\/wp-json\/wp\/v2\/product_tag?post=41154"}],"curies":[{"name":"wp","href":"https:\/\/api.w.org\/{rel}","templated":true}]}}