{"id":41162,"date":"2025-06-04T16:00:05","date_gmt":"2025-06-04T14:00:05","guid":{"rendered":"https:\/\/pawz.rs\/?post_type=product&#038;p=41162"},"modified":"2026-05-04T19:43:47","modified_gmt":"2026-05-04T17:43:47","slug":"hills-prescription-diet-k-d-konzerva-350g","status":"publish","type":"product","link":"https:\/\/pawz.rs\/en\/hills-prescription-diet-k-d-konzerva-350g\/","title":{"rendered":"Hills Prescription Diet K\/D Konzerva 350g"},"content":{"rendered":"<p><strong>Hills Prescription Diet K\/D Konzerva 350g<br \/>\n<\/strong><\/p>\n<p align=\"LEFT\"><strong>Minimalna kupovina 12 komada<\/strong><\/p>\n<p align=\"LEFT\">Potpuna vla\u017ena dijetska hrana za podr\u0161ku funkciji bubrega u slu\u010daju hroni\u010dne ili akutne bubre\u017ene insuficijencije kod odraslih pasa. Sadr\u017ei nizak nivo fosfora i ograni\u010deni nivo visokokvalitetnih proteina.<\/p>\n<p><strong>Uputstva za hranjenje:<\/strong> Hranite samo ovom hranom. Preporu\u010duje se mi\u0161ljenje veterinara pre po\u010detka i \/ ili produ\u017eenja upotrebe.<br \/>\nPreporu\u010deno trajanje hranjenja: u po\u010detku do 6 meseci (2 do 4 nedelje u slu\u010daju akutne bubre\u017ene insuficijencije).<br \/>\nSve\u017ea voda treba uvek biti na raspolaganju.<\/p>\n<p align=\"LEFT\"><strong>Ingredients:<\/strong> meso i proizvodi \u017eivotinjskog porekla, proizvodi biljnog porekla, ulja i masti, razni \u0161ec\u0301eri, seme, minerali.<\/p>\n<p align=\"LEFT\"><strong>Izvori proteina<\/strong>: svinjska jetra, piletina.<\/p>\n<p align=\"LEFT\"><strong>Analytical composition:<\/strong> Sirovi protein 4,1%, sadr\u017eaj masti 6,6%, sirova vlakna 0,9%, esencijalne masne kiseline 1,7%, sirovi pepeo 1,5%, vlaga 74,4%, kalcijum 0,21% , Fosfor 0,07%, natrijum 0,06%, kalijum 0,23%, magnezijum 0,04%; Po kg: Vitamin A 18.891 IU, Vitamin D3 192 IU.<\/p>\n<p align=\"LEFT\">Dodaci (po kg) -Dijetetski suplementi: 3b103 (gvo\u017e\u0111e) 14,6 mg, 3b202 (jod) 0,5 mg, 3b405 (bakar) 1,3 mg, 3b503 (mangan) 3,2 mg, 3b603 (cink) 46 , 5 mg<\/p>\n<p align=\"LEFT\">\u010cuvati neotvorenu limenku na +10 \u00b0 C. Nakon otvaranja \u010duvati u fri\u017eideru.<br \/>\nProizvedeno u USA<\/p>\n\n    <div class=\"xs_social_share_widget xs_share_url after_content \t\tmain_content  wslu-style-1 wslu-share-box-shaped wslu-fill-colored wslu-none wslu-share-horizontal wslu-theme-font-no wslu-main_content\">\n\n\t\t\n        <ul>\n\t\t\t        <\/ul>\n    <\/div>","protected":false},"excerpt":{"rendered":"<p>Hills Prescription Diet K\/D Konzerva za podr\u0161ku funkcije bubrega kod pasa<\/p>","protected":false},"featured_media":41163,"comment_status":"open","ping_status":"closed","template":"","meta":{"_acf_changed":false},"pwb-brand":[916],"product_cat":[47,705],"product_tag":[1543,1251],"class_list":{"0":"post-41162","1":"product","2":"type-product","3":"status-publish","4":"has-post-thumbnail","6":"pwb-brand-hills","7":"product_cat-psi","8":"product_cat-veterinarske-dijete-za-pse","9":"product_tag-hillsvet","10":"product_tag-veterinarske-dijete","12":"first","13":"instock","14":"taxable","15":"shipping-taxable","16":"purchasable","17":"product-type-simple"},"acf":[],"brands":[{"id":916,"name":"Hills","slug":"hills"}],"_links":{"self":[{"href":"https:\/\/pawz.rs\/en\/wp-json\/wp\/v2\/product\/41162","targetHints":{"allow":["GET"]}}],"collection":[{"href":"https:\/\/pawz.rs\/en\/wp-json\/wp\/v2\/product"}],"about":[{"href":"https:\/\/pawz.rs\/en\/wp-json\/wp\/v2\/types\/product"}],"replies":[{"embeddable":true,"href":"https:\/\/pawz.rs\/en\/wp-json\/wp\/v2\/comments?post=41162"}],"wp:featuredmedia":[{"embeddable":true,"href":"https:\/\/pawz.rs\/en\/wp-json\/wp\/v2\/media\/41163"}],"wp:attachment":[{"href":"https:\/\/pawz.rs\/en\/wp-json\/wp\/v2\/media?parent=41162"}],"wp:term":[{"taxonomy":"pwb-brand","embeddable":true,"href":"https:\/\/pawz.rs\/en\/wp-json\/wp\/v2\/pwb-brand?post=41162"},{"taxonomy":"product_cat","embeddable":true,"href":"https:\/\/pawz.rs\/en\/wp-json\/wp\/v2\/product_cat?post=41162"},{"taxonomy":"product_tag","embeddable":true,"href":"https:\/\/pawz.rs\/en\/wp-json\/wp\/v2\/product_tag?post=41162"}],"curies":[{"name":"wp","href":"https:\/\/api.w.org\/{rel}","templated":true}]}}