{"id":41164,"date":"2025-06-04T16:00:53","date_gmt":"2025-06-04T14:00:53","guid":{"rendered":"https:\/\/pawz.rs\/?post_type=product&#038;p=41164"},"modified":"2026-05-04T19:44:27","modified_gmt":"2026-05-04T17:44:27","slug":"hills-hpdd-i-d-low-fat-konzerva-360g","status":"publish","type":"product","link":"https:\/\/pawz.rs\/en\/hills-hpdd-i-d-low-fat-konzerva-360g\/","title":{"rendered":"Hills HPDD I\/D LOW FAT KONZERVA 360g"},"content":{"rendered":"<p><strong>Hills HPDD I\/D LOW FAT KONZERVA 360g<\/strong><\/p>\n<p><strong>Minimalna kupovina je transportno pakovanje od 12 komada<\/strong><\/p>\n<p>Kompletna lako svarljiva dijetetska hrana za smanjenje poremec\u0301aja resorpcije u crevima, balansiranje hranljivih materija kod lo\u0161eg varenja i egzokrine insuficijencije pankreasa kod odraslih pasa. Ova hrana ima povec\u0301an nivo natrijuma i kalijuma i lako svarljive sastojke.<\/p>\n<p><strong>Hill&#8217;s PRESCRIPTION DIET i\/d Low Fat Hrana\u00a0<\/strong>za pse je odli\u010dnog ukusa, lako svarljiva hrana sa niskim sadr\u017eajem masti koja poma\u017ee u upravljanju slo\u017eenim poremec\u0301ajima koji reaguju na masti\u00a0(kao \u0161to su <strong>pankreatitis <\/strong>and <strong>hiperlipidemija<\/strong>)\u00a0kod pasa. Posebno je formulisan za pse kojima je potrebna lako svarljiva hrana sa niskim sadr\u017eajem masti i dokazano je da sni\u017eava serumske trigliceride kod kuc\u0301nih ljubimaca sa hipertrigliceridemijom (faktor rizika za pankreatitis). Sa revolucionarnom\u00a0<strong>Hill&#8217;s ActivBiome+ tehnologijom sastojaka<\/strong>,\u00a0za koju je klini\u010dki dokazano da brzo hrani crevni mikrobiom za zdravlje probavnog sistema i celog organizma.<\/p>\n<p><strong>Glavne indikacije:<\/strong><\/p>\n<ul>\n<li>Pankreatitis<\/li>\n<li>Hiperlipidemija<\/li>\n<li>Egzokrina insuficijencija pankreasa<\/li>\n<li>Enteropatija sa gubitkom proteina sa limfangiektazijom<\/li>\n<li>Ku\u0161ingov sindrom<\/li>\n<li>Dijabetes sa hiperlipidemijom ili pankreatitisom<\/li>\n<\/ul>\n<p><strong>Kako ovaj proizvod poma\u017ee va\u0161em ljubimcu:<\/strong><\/p>\n<ul>\n<li>Poma\u017ee u pobolj\u0161anju varenja i apsorpcije hranljivih materija<\/li>\n<li>Stimuli\u0161e aktivnost korisnih crevnih bakterija i pobolj\u0161ava kvalitet stolice<\/li>\n<li>Odr\u017eava zdrav imuni sistem<\/li>\n<\/ul>\n<p><strong>Kako ovaj proizvod funkcioni\u0161e:<\/strong><\/p>\n<ul>\n<li>Lako svarljiv sa niskim sadr\u017eajem masti<\/li>\n<li>Jedinstvena me\u0161avina prebiotika i \u0111umbira<\/li>\n<li>Obogac\u0301en klini\u010dki dokazanim antioksidansima i Omega-3<\/li>\n<\/ul>\n<p>Va\u017eno je da nastavite da hranite svog psa\u00a0<strong>PRESCRIPTION DIET i\/d Low Fat Digestive Care<\/strong>\u00a0da biste odr\u017eali zdravlje probave, \u010dak i nakon \u0161to se simptomi pobolj\u0161aju. Obratite se svom veterinaru za sve dodatne informacije o tome kako PRESCRIPTION DIET mo\u017ee pomoc\u0301i va\u0161em psu da nastavi da u\u017eiva u srec\u0301nom i aktivnom \u017eivotu.<\/p>\n<p>Da li je va\u0161 ljubimac iz bilo kog razloga nezadovoljan ovom hranom?<\/p>\n<p><strong>100% GARANCIJA ZADOVOLJSTVA <\/strong>za kvalitet, doslednost i ukus ili povrat novca.<\/p>\n<p>Napravljeno u SAD.<\/p>\n\n    <div class=\"xs_social_share_widget xs_share_url after_content \t\tmain_content  wslu-style-1 wslu-share-box-shaped wslu-fill-colored wslu-none wslu-share-horizontal wslu-theme-font-no wslu-main_content\">\n\n\t\t\n        <ul>\n\t\t\t        <\/ul>\n    <\/div>","protected":false},"excerpt":{"rendered":"<p>Hills HPDD I\/D LOW FAT KONZERVA 360g za pse<\/p>","protected":false},"featured_media":41165,"comment_status":"open","ping_status":"closed","template":"","meta":{"_acf_changed":false},"pwb-brand":[916],"product_cat":[705,48,47],"product_tag":[1543,1251],"class_list":{"0":"post-41164","1":"product","2":"type-product","3":"status-publish","4":"has-post-thumbnail","6":"pwb-brand-hills","7":"product_cat-veterinarske-dijete-za-pse","8":"product_cat-hrana-za-pse","9":"product_cat-psi","10":"product_tag-hillsvet","11":"product_tag-veterinarske-dijete","13":"first","14":"instock","15":"taxable","16":"shipping-taxable","17":"purchasable","18":"product-type-simple"},"acf":[],"brands":[{"id":916,"name":"Hills","slug":"hills"}],"_links":{"self":[{"href":"https:\/\/pawz.rs\/en\/wp-json\/wp\/v2\/product\/41164","targetHints":{"allow":["GET"]}}],"collection":[{"href":"https:\/\/pawz.rs\/en\/wp-json\/wp\/v2\/product"}],"about":[{"href":"https:\/\/pawz.rs\/en\/wp-json\/wp\/v2\/types\/product"}],"replies":[{"embeddable":true,"href":"https:\/\/pawz.rs\/en\/wp-json\/wp\/v2\/comments?post=41164"}],"wp:featuredmedia":[{"embeddable":true,"href":"https:\/\/pawz.rs\/en\/wp-json\/wp\/v2\/media\/41165"}],"wp:attachment":[{"href":"https:\/\/pawz.rs\/en\/wp-json\/wp\/v2\/media?parent=41164"}],"wp:term":[{"taxonomy":"pwb-brand","embeddable":true,"href":"https:\/\/pawz.rs\/en\/wp-json\/wp\/v2\/pwb-brand?post=41164"},{"taxonomy":"product_cat","embeddable":true,"href":"https:\/\/pawz.rs\/en\/wp-json\/wp\/v2\/product_cat?post=41164"},{"taxonomy":"product_tag","embeddable":true,"href":"https:\/\/pawz.rs\/en\/wp-json\/wp\/v2\/product_tag?post=41164"}],"curies":[{"name":"wp","href":"https:\/\/api.w.org\/{rel}","templated":true}]}}