{"id":41173,"date":"2025-06-04T16:01:03","date_gmt":"2025-06-04T14:01:03","guid":{"rendered":"https:\/\/pawz.rs\/?post_type=product&#038;p=41173"},"modified":"2026-05-04T19:44:31","modified_gmt":"2026-05-04T17:44:31","slug":"hills-hpdd-i-d-konzerva-360g","status":"publish","type":"product","link":"https:\/\/pawz.rs\/en\/hills-hpdd-i-d-konzerva-360g\/","title":{"rendered":"Hills HPDD I\/D Konzerva 360g"},"content":{"rendered":"<p><strong>Hills HPDD I\/D Konzerva 360g<\/strong><\/p>\n<p><strong>Minimalna kupovina je transportno pakovanje od 12 komada<\/strong><\/p>\n<p>Hill&#8217;s PRESCRIPTION DIET i\/d Hrana za Pse sa \u0106uretinom je lako svarljiva kompletna dijetetska hrana za ku\u0107ne ljubimce za <strong>spre\u010davanje poreme\u0107aja resorpcije u crevima<\/strong>, kompenzaciju poreme\u0107aja varenja i egzokrinu insuficijenciju gu\u0161tera\u010de (pankreasa) kod pasa. Ova hrana ima pove\u0107an nivo natrijuma i kalijuma i lako svarljive sastojke.<\/p>\n<p><strong>Hill&#8217;s PRESCRIPTION DIET i\/d<\/strong> hrana se mo\u017ee davati psima sa dugotrajnom potrebom za lako svarljivom hranom sa umerenim nivoom masti. Za optimalan oporavak od akutnih digestivnih poremec\u0301aja preporu\u010dujemo upotrebu ove namirnice najmanje 7 dana (1-2 nedelje za akutne slu\u010dajeve, 3-12 nedelja za maldigestiju ili dugotrajno ako je potrebno).<\/p>\n<p>Adekvatni nivoi hranljivih materija zadovoljavaju specifi\u010dne potrebe u ishrani \u0161tenaca i odraslih pasa. Sa revolucionarnom Hill&#8217;s <strong>ActivBiome+ tehnologijom sastojaka<\/strong>, za\u0161tic\u0301ena prebioti\u010dka me\u0161avina za koju je klini\u010dki dokazano da brzo hrani crevni mikrobiom za zdravlje probavnog sistema i celog organizma.<\/p>\n<p><strong>Glavne indikacije:<\/strong><\/p>\n<ul>\n<li>Akutni gastroenteritis (proliv ili povrac\u0301anje)<\/li>\n<li>Zatvor (sa smanjenom pokretljivo\u0161c\u0301u creva)<\/li>\n<li>Nadutost<\/li>\n<li>Gastritis (akutni ili hroni\u010dni)<\/li>\n<li>Gastrointestinalni poremec\u0301aji kod \u0161tenaca<\/li>\n<li>Poremec\u0301aji jednjaka<\/li>\n<li>Oporavak od gastrointestinalne operacije<\/li>\n<li>Rast &#8211; Cushingov sindrom<\/li>\n<li>Dijabetes, neuhranjenost<\/li>\n<li>Neoplazija, vec\u0301ina oblika<\/li>\n<\/ul>\n<p><strong>Kako ovaj proizvod poma\u017ee va\u0161em ljubimcu:<\/strong><\/p>\n<ul>\n<li>Veoma ukusna hrana koja zamenjuje izgubljene hranljive materije<\/li>\n<li>Deluje brzo na promovisanju zdrave stolice i poma\u017ee u pobolj\u0161anju varenja<\/li>\n<li>Poma\u017ee u obnavljanju energije i podr\u017eava zdrav imuni sistem<\/li>\n<\/ul>\n<p><strong>Kako ovaj proizvod funkcioni\u0161e:<\/strong><\/p>\n<ul>\n<li>Lako svarljiva formula koja obezbe\u0111uje lak\u0161u apsorpciju hranljivih materija<\/li>\n<li>Jedinstvena me\u0161avina prebiotika podsti\u010de rast korisnih bakterija<\/li>\n<li>Visok nivo elektrolita i vitamina B; Klini\u010dki dokazani antioksidansi.<\/li>\n<\/ul>\n<p><strong>Va\u017eno je da nastavite da hranite svog psa hranom za pse PRESCRIPTION DIET i\/d Digestive Care kako biste odr\u017eali zdravlje probave, \u010dak i nakon \u0161to se simptomi pobolj\u0161aju. <\/strong>Obratite se svom veterinaru za sve dodatne informacije o tome kako <strong>PRESCRIPTION DIET<\/strong> mo\u017ee pomoc\u0301i va\u0161em psu da nastavi da u\u017eiva u srec\u0301nom i aktivnom \u017eivotu.<\/p>\n<p>*Da li je va\u0161 ljubimac iz bilo kog razloga nezadovoljan ovom hranom?<\/p>\n<p><strong>100% GARANCIJA ZADOVOLJSTVA<\/strong> za kvalitet, doslednost i ukus ili povrat novca.<br \/>\n\u010cuvati neotvorenu konzervu na temperaturi vi\u0161oj od 10 \u00b0C.<br \/>\nNakon otvaranja \u010duvati u fri\u017eideru.<br \/>\nNapravljeno u SAD.<\/p>\n<p><strong>Uputstvo za hranjenje:<\/strong> Hranite samo ovom hranom. Preporu\u010duje se da se pre upotrebe zatra\u017ei savet veterinara. Tako\u0111e je pogodna za \u0161tence. Za upute o hranjenju \u0161tenaca obratite se svom veterinaru ili posetite hillspet.com. Preporuka o du\u017eini kori\u0161\u0107enja: po\u010detno do 12 nedelja, a do\u017eivotno u slu\u010daju hroni\u010dne insuficijencije gu\u0161tera\u010de (pankreasa). Voda mora da bude stalno dostupna.<\/p>\n<p>Neotvorenu konzervu \u010duvati na temperaturi vi\u0161oj od 10 \u00b0C.<\/p>\n<p>Nakon otvaranja \u010duvati u fri\u017eideru.<\/p>\n<p>Najbolje upotrebiti do kraja\/Lot broj: ozna\u010deno na ambala\u017ei.<\/p>\n<p>&nbsp;<\/p>\n\n    <div class=\"xs_social_share_widget xs_share_url after_content \t\tmain_content  wslu-style-1 wslu-share-box-shaped wslu-fill-colored wslu-none wslu-share-horizontal wslu-theme-font-no wslu-main_content\">\n\n\t\t\n        <ul>\n\t\t\t        <\/ul>\n    <\/div>","protected":false},"excerpt":{"rendered":"<p>Hills HPDD I\/D Konzerva 360g za pse<\/p>","protected":false},"featured_media":41174,"comment_status":"open","ping_status":"closed","template":"","meta":{"_acf_changed":false},"pwb-brand":[916],"product_cat":[47,705],"product_tag":[1543,1251],"class_list":{"0":"post-41173","1":"product","2":"type-product","3":"status-publish","4":"has-post-thumbnail","6":"pwb-brand-hills","7":"product_cat-psi","8":"product_cat-veterinarske-dijete-za-pse","9":"product_tag-hillsvet","10":"product_tag-veterinarske-dijete","12":"first","13":"instock","14":"taxable","15":"shipping-taxable","16":"purchasable","17":"product-type-simple"},"acf":[],"brands":[{"id":916,"name":"Hills","slug":"hills"}],"_links":{"self":[{"href":"https:\/\/pawz.rs\/en\/wp-json\/wp\/v2\/product\/41173","targetHints":{"allow":["GET"]}}],"collection":[{"href":"https:\/\/pawz.rs\/en\/wp-json\/wp\/v2\/product"}],"about":[{"href":"https:\/\/pawz.rs\/en\/wp-json\/wp\/v2\/types\/product"}],"replies":[{"embeddable":true,"href":"https:\/\/pawz.rs\/en\/wp-json\/wp\/v2\/comments?post=41173"}],"wp:featuredmedia":[{"embeddable":true,"href":"https:\/\/pawz.rs\/en\/wp-json\/wp\/v2\/media\/41174"}],"wp:attachment":[{"href":"https:\/\/pawz.rs\/en\/wp-json\/wp\/v2\/media?parent=41173"}],"wp:term":[{"taxonomy":"pwb-brand","embeddable":true,"href":"https:\/\/pawz.rs\/en\/wp-json\/wp\/v2\/pwb-brand?post=41173"},{"taxonomy":"product_cat","embeddable":true,"href":"https:\/\/pawz.rs\/en\/wp-json\/wp\/v2\/product_cat?post=41173"},{"taxonomy":"product_tag","embeddable":true,"href":"https:\/\/pawz.rs\/en\/wp-json\/wp\/v2\/product_tag?post=41173"}],"curies":[{"name":"wp","href":"https:\/\/api.w.org\/{rel}","templated":true}]}}