{"id":41199,"date":"2025-06-06T08:41:37","date_gmt":"2025-06-06T06:41:37","guid":{"rendered":"https:\/\/pawz.rs\/?post_type=product&#038;p=41199"},"modified":"2025-06-29T19:48:39","modified_gmt":"2025-06-29T17:48:39","slug":"versele-laga-prestige-canary-breeding-20kg","status":"publish","type":"product","link":"https:\/\/pawz.rs\/en\/versele-laga-prestige-canary-breeding-20kg\/","title":{"rendered":"Versele Laga Prestige Canary Breeding &#8211; 20kg"},"content":{"rendered":"<p><strong>Versele Laga Prestige Canary Breeding &#8211; 20kg<\/strong><\/p>\n<div class=\"col-md-12 text-center\">\n<div class=\"col-md-12 text-center\">\n<p>Visoko kvalitetna semenska me\u0161avima koja se koristi pri uzgoju kanarinaca<\/p>\n<\/div>\n<ul>\n<li>Visoko kvalitetna semenska me\u0161avina namenjena svim vrstama kanarinaca<\/li>\n<li>Sadr\u017ei 18% proteina \u010dime se u uzgoju dobija intenzivnija boja i tipski kanarinci<\/li>\n<\/ul>\n<p><strong>Sastav<\/strong>: seme za kanarince 41%, seme uljane repice 30%, seme lana 8%, seme nigera 7%, olju\u0161teni \u00a0ovas 6%, seme konoplje 4%, seme perile 2%, divlje semenje 2%<\/p>\n<p><strong>Analytical composition:\u00a0<\/strong>proteini 18.50%, masti 22.50%, sirova vlakna 7.50%, sirovi pepeo 4%, kalcijum 0.30%, fosfor 0.60%, lizin 0.70%, metionin 0.34%, treonin 0.62%<\/p>\n<p><strong>Uputstvo za hranjenje:\u00a0<\/strong>Va\u0161a ptica \u0107e biti u vrhunskoj kondiciji ako joj se uz osnovnu hranu dodaje i jaj\u010dana hrana, vitamini i minerali poput\u00a0\u00a0Orlux Gold Patee Canaries, Oropharma Omni-Vit or Orlux Clay Bloc Mini.<br \/>\nSve\u017ea pija\u0107a voda mora uvek biti dostupna pticama<\/p>\n<p>Dostupno u pakovanju od 20kg<\/p>\n<p>Proizvo\u0111a\u010d: Versele-Laga<br \/>\nZemlja porekla: Belgija (EU)<\/p>\n<\/div>\n\n    <div class=\"xs_social_share_widget xs_share_url after_content \t\tmain_content  wslu-style-1 wslu-share-box-shaped wslu-fill-colored wslu-none wslu-share-horizontal wslu-theme-font-no wslu-main_content\">\n\n\t\t\n        <ul>\n\t\t\t        <\/ul>\n    <\/div>","protected":false},"excerpt":{"rendered":"<p>Visoko kvalitetna semenska me\u0161avima koja se koristi pri uzgoju kanarinaca<\/p>","protected":false},"featured_media":41200,"comment_status":"open","ping_status":"closed","template":"","meta":{"_acf_changed":false},"pwb-brand":[318],"product_cat":[1277,1119],"product_tag":[],"class_list":{"0":"post-41199","1":"product","2":"type-product","3":"status-publish","4":"has-post-thumbnail","6":"pwb-brand-versele-laga","7":"product_cat-hrana-za-ptice","8":"product_cat-ptice","10":"first","11":"instock","12":"taxable","13":"shipping-taxable","14":"purchasable","15":"product-type-simple"},"acf":[],"brands":[{"id":318,"name":"Versele-Laga","slug":"versele-laga"}],"_links":{"self":[{"href":"https:\/\/pawz.rs\/en\/wp-json\/wp\/v2\/product\/41199","targetHints":{"allow":["GET"]}}],"collection":[{"href":"https:\/\/pawz.rs\/en\/wp-json\/wp\/v2\/product"}],"about":[{"href":"https:\/\/pawz.rs\/en\/wp-json\/wp\/v2\/types\/product"}],"replies":[{"embeddable":true,"href":"https:\/\/pawz.rs\/en\/wp-json\/wp\/v2\/comments?post=41199"}],"wp:featuredmedia":[{"embeddable":true,"href":"https:\/\/pawz.rs\/en\/wp-json\/wp\/v2\/media\/41200"}],"wp:attachment":[{"href":"https:\/\/pawz.rs\/en\/wp-json\/wp\/v2\/media?parent=41199"}],"wp:term":[{"taxonomy":"pwb-brand","embeddable":true,"href":"https:\/\/pawz.rs\/en\/wp-json\/wp\/v2\/pwb-brand?post=41199"},{"taxonomy":"product_cat","embeddable":true,"href":"https:\/\/pawz.rs\/en\/wp-json\/wp\/v2\/product_cat?post=41199"},{"taxonomy":"product_tag","embeddable":true,"href":"https:\/\/pawz.rs\/en\/wp-json\/wp\/v2\/product_tag?post=41199"}],"curies":[{"name":"wp","href":"https:\/\/api.w.org\/{rel}","templated":true}]}}