{"id":41222,"date":"2025-06-06T10:50:44","date_gmt":"2025-06-06T08:50:44","guid":{"rendered":"https:\/\/pawz.rs\/?post_type=product&#038;p=41222"},"modified":"2025-06-29T19:48:39","modified_gmt":"2025-06-29T17:48:39","slug":"versele-laga-2-sticks-canary-red-fruitmint-60g","status":"publish","type":"product","link":"https:\/\/pawz.rs\/en\/versele-laga-2-sticks-canary-red-fruitmint-60g\/","title":{"rendered":"Versele Laga 2 Sticks Canary Red Fruit&#038;Mint &#8211; 60g"},"content":{"rendered":"<p><strong>Versele Laga 2 Sticks Canary Red Fruit&amp;Mint &#8211; 60g<\/p>\n<p>Minimalna kupovina 3 komada<br \/>\n<\/strong><\/p>\n<div class=\"col-md-12 text-center\">\n<p>2 \u0160tapi\u0107a sa crvenim vo\u0107em i nanom namenjena kao poslastica za kanarince<\/p>\n<ul>\n<li>Primamljiva poslastica sa crvenim vo\u0107em uklju\u010duju\u0107i i jagodu, tre\u0161nju, aroniju i nanu<\/li>\n<li>Bez ve\u0161ta\u010dkih konzervanasa, boja i poja\u010diva\u010da ukusa<\/li>\n<li>Sa dodatim ljuskama ostrige<\/li>\n<\/ul>\n<p><strong>Sastav:<\/strong>\u00a0semenje, derivati biljnog porekla, vo\u0107e 6%(ljuspice: jagoda 2%, tre\u0161nja 2%, aronija 2% ),\u0161e\u0107eri (med 2,5%), minerali (ljuska ostrige 4%), \u017eitarice, ulja i masti, nana 0,5%<\/p>\n<p><strong>Uputstvo za upotrebu:\u00a0<\/strong>Bez ograni\u010denja dajte pticama ovu poslasticu uz glavnu hranu<\/p>\n<p><strong>Savet:<\/strong>\u00a0Kanarinci vole da im se \u0161tapi\u0107i postave horizontalno<\/p>\n<p>Dostupno u pakovanju od 2 \u0161tapi\u0107a- 60g<\/p>\n<p>Proizvo\u0111a\u010d: Versele Laga<br \/>\nZemlja porekla: Belgija (EU)<\/p>\n<\/div>\n\n    <div class=\"xs_social_share_widget xs_share_url after_content \t\tmain_content  wslu-style-1 wslu-share-box-shaped wslu-fill-colored wslu-none wslu-share-horizontal wslu-theme-font-no wslu-main_content\">\n\n\t\t\n        <ul>\n\t\t\t        <\/ul>\n    <\/div>","protected":false},"excerpt":{"rendered":"<p>2 \u0160tapi\u0107a sa crvenim vo\u0107em i nanom namenjena kao poslastica za kanarince<\/p>","protected":false},"featured_media":41223,"comment_status":"open","ping_status":"closed","template":"","meta":{"_acf_changed":false},"pwb-brand":[318],"product_cat":[1278,1119],"product_tag":[],"class_list":{"0":"post-41222","1":"product","2":"type-product","3":"status-publish","4":"has-post-thumbnail","6":"pwb-brand-versele-laga","7":"product_cat-poslastice-za-ptice","8":"product_cat-ptice","10":"first","11":"instock","12":"taxable","13":"shipping-taxable","14":"purchasable","15":"product-type-simple"},"acf":[],"brands":[{"id":318,"name":"Versele-Laga","slug":"versele-laga"}],"_links":{"self":[{"href":"https:\/\/pawz.rs\/en\/wp-json\/wp\/v2\/product\/41222","targetHints":{"allow":["GET"]}}],"collection":[{"href":"https:\/\/pawz.rs\/en\/wp-json\/wp\/v2\/product"}],"about":[{"href":"https:\/\/pawz.rs\/en\/wp-json\/wp\/v2\/types\/product"}],"replies":[{"embeddable":true,"href":"https:\/\/pawz.rs\/en\/wp-json\/wp\/v2\/comments?post=41222"}],"wp:featuredmedia":[{"embeddable":true,"href":"https:\/\/pawz.rs\/en\/wp-json\/wp\/v2\/media\/41223"}],"wp:attachment":[{"href":"https:\/\/pawz.rs\/en\/wp-json\/wp\/v2\/media?parent=41222"}],"wp:term":[{"taxonomy":"pwb-brand","embeddable":true,"href":"https:\/\/pawz.rs\/en\/wp-json\/wp\/v2\/pwb-brand?post=41222"},{"taxonomy":"product_cat","embeddable":true,"href":"https:\/\/pawz.rs\/en\/wp-json\/wp\/v2\/product_cat?post=41222"},{"taxonomy":"product_tag","embeddable":true,"href":"https:\/\/pawz.rs\/en\/wp-json\/wp\/v2\/product_tag?post=41222"}],"curies":[{"name":"wp","href":"https:\/\/api.w.org\/{rel}","templated":true}]}}