{"id":41226,"date":"2025-06-06T11:08:23","date_gmt":"2025-06-06T09:08:23","guid":{"rendered":"https:\/\/pawz.rs\/?post_type=product&#038;p=41226"},"modified":"2025-06-29T19:48:39","modified_gmt":"2025-06-29T17:48:39","slug":"versele-laga-3-sticks-canary-triple-varietu-90g","status":"publish","type":"product","link":"https:\/\/pawz.rs\/en\/versele-laga-3-sticks-canary-triple-varietu-90g\/","title":{"rendered":"Versele Laga 3 Sticks Canary Triple Varietu &#8211; 90g"},"content":{"rendered":"<p><strong>Versele Laga 3 Sticks Canary Triple Varietu &#8211; 90g<\/strong><\/p>\n<p><strong>Minimalna kupovina 3 komada<\/strong><\/p>\n<div class=\"col-md-12 text-center\">\n<div class=\"col-md-12 text-center\">\n<p>3 Pe\u010dena \u0161tapi\u0107a namenjena kao poslastica za kanarince<\/p>\n<\/div>\n<ul>\n<li>Super me\u0161avina semenja i cve\u0107e, me\u0161ano vo\u0107e i masla\u010dak, crveno vo\u0107e i nana<\/li>\n<li>Bez ve\u0161ta\u010dkih konzervanasa, boja i poja\u010diva\u010da ukusa<\/li>\n<li>Sa dodatim ljuskama ostrige<\/li>\n<\/ul>\n<p><strong>Sastav:\u00a0<\/strong>super me\u0161avina semenja i cve\u0107e: semenje ( kinoa 2,95%, \u010dia semenje ), nus produkti povr\u0107a, \u0161e\u0107er ( med 2,5% ), minerali (ljuske ostrige 4%), \u017eitarice, ulja i masti, cvet kukuruza 0,5%; me\u0161ano vo\u0107e i masla\u010dak: semenje, nus produkti povr\u0107a, vo\u0107e (ljuspice: jabuka 1,6%, breskva 1,6%, \u0161ljiva 1,2%, kajsija 0,8%, kru\u0161ka 0,8%, ), \u0161e\u0107er ( med 2,5% ), minerali (ljuske ostrige 4%), \u017eitarice, ulja i masti, povr\u0107e (list masla\u010dka 0.5%); crveno vo\u0107e i nana: semenje, nus produkti povr\u0107a, vo\u0107e 6% (ljuspice: jagoda 2%, vi\u0161nja 2%, aronija 2%), \u0161e\u0107er (med 2,5%), minerali (ljuske ostriga 4%), \u017eitarice, ulja i masti, nana 0,5%<\/p>\n<p><strong>Uputstvo za upotrebu:\u00a0<\/strong>Bez ograni\u010denja dajte pticama ovu poslasticu uz glavnu hranu<\/p>\n<p><strong>Savet:<\/strong>\u00a0Kanarinci vole da im se \u0161tapi\u0107i postave horizontalno<\/p>\n<p>Proizvo\u0111a\u010d: Versele Laga<br \/>\nZemlja porekla: Belgija (EU)<\/p>\n<\/div>\n\n    <div class=\"xs_social_share_widget xs_share_url after_content \t\tmain_content  wslu-style-1 wslu-share-box-shaped wslu-fill-colored wslu-none wslu-share-horizontal wslu-theme-font-no wslu-main_content\">\n\n\t\t\n        <ul>\n\t\t\t        <\/ul>\n    <\/div>","protected":false},"excerpt":{"rendered":"<p>3 Pe\u010dena \u0161tapi\u0107a namenjena kao poslastica za kanarince<\/p>","protected":false},"featured_media":41227,"comment_status":"open","ping_status":"closed","template":"","meta":{"_acf_changed":false},"pwb-brand":[318],"product_cat":[1278,1119],"product_tag":[],"class_list":{"0":"post-41226","1":"product","2":"type-product","3":"status-publish","4":"has-post-thumbnail","6":"pwb-brand-versele-laga","7":"product_cat-poslastice-za-ptice","8":"product_cat-ptice","10":"first","11":"instock","12":"taxable","13":"shipping-taxable","14":"purchasable","15":"product-type-simple"},"acf":[],"brands":[{"id":318,"name":"Versele-Laga","slug":"versele-laga"}],"_links":{"self":[{"href":"https:\/\/pawz.rs\/en\/wp-json\/wp\/v2\/product\/41226","targetHints":{"allow":["GET"]}}],"collection":[{"href":"https:\/\/pawz.rs\/en\/wp-json\/wp\/v2\/product"}],"about":[{"href":"https:\/\/pawz.rs\/en\/wp-json\/wp\/v2\/types\/product"}],"replies":[{"embeddable":true,"href":"https:\/\/pawz.rs\/en\/wp-json\/wp\/v2\/comments?post=41226"}],"wp:featuredmedia":[{"embeddable":true,"href":"https:\/\/pawz.rs\/en\/wp-json\/wp\/v2\/media\/41227"}],"wp:attachment":[{"href":"https:\/\/pawz.rs\/en\/wp-json\/wp\/v2\/media?parent=41226"}],"wp:term":[{"taxonomy":"pwb-brand","embeddable":true,"href":"https:\/\/pawz.rs\/en\/wp-json\/wp\/v2\/pwb-brand?post=41226"},{"taxonomy":"product_cat","embeddable":true,"href":"https:\/\/pawz.rs\/en\/wp-json\/wp\/v2\/product_cat?post=41226"},{"taxonomy":"product_tag","embeddable":true,"href":"https:\/\/pawz.rs\/en\/wp-json\/wp\/v2\/product_tag?post=41226"}],"curies":[{"name":"wp","href":"https:\/\/api.w.org\/{rel}","templated":true}]}}