{"id":41242,"date":"2025-06-06T11:54:12","date_gmt":"2025-06-06T09:54:12","guid":{"rendered":"https:\/\/pawz.rs\/?post_type=product&#038;p=41242"},"modified":"2025-06-29T19:48:39","modified_gmt":"2025-06-29T17:48:39","slug":"versele-laga-2-sticks-big-parakeets-nutsraisin-topping-140g","status":"publish","type":"product","link":"https:\/\/pawz.rs\/en\/versele-laga-2-sticks-big-parakeets-nutsraisin-topping-140g\/","title":{"rendered":"Versele Laga 2 Sticks Big Parakeets Nuts&#038;Raisin Topping &#8211; 140g"},"content":{"rendered":"<p><strong>Versele Laga 2 Sticks Big Parakeets Nuts&amp;Raisin Topping &#8211; 140g<\/strong><\/p>\n<p><strong>Minimalna kupovina 2 komada<\/strong><\/p>\n<div class=\"col-md-12 text-center\">\n<p>2 \u0160tapi\u0107a sa ora\u0161astim plodovima i suvim gro\u017e\u0111em namenjena kao poslastica za srednje papagaje<\/p>\n<ul>\n<li>Primamljiva poslastica za srednje papagaje sa le\u0161nicima, orasima i bamijom<\/li>\n<li>Bez ve\u0161ta\u010dkih konzervanasa, boja i poja\u010diva\u010da ukusa<\/li>\n<li>Sa dodatim ljuskama ostrige<\/li>\n<\/ul>\n<p><strong>Sastav:<\/strong>\u00a0derivati biljnog porekla, semenje, \u017eitarice, vo\u0107e (suvo gro\u017e\u0111e 6%), ora\u0161asti plodovi (le\u017enik 2%, orah 2%), minerali (ljuska ostrige 4%), ulja i masti<\/p>\n<p><strong>Uputstvo za upotrebu:\u00a0<\/strong>Bez ograni\u010denja dajte pticama ovu poslasticu uz glavnu hranu<\/p>\n<p>Dostupno u pakovanju od 2 \u0161tapi\u0107a- 140g<\/p>\n<p>Proizvo\u0111a\u010d: Versele Laga<br \/>\nZemlja porekla: Belgija (EU)<\/p>\n<\/div>\n\n    <div class=\"xs_social_share_widget xs_share_url after_content \t\tmain_content  wslu-style-1 wslu-share-box-shaped wslu-fill-colored wslu-none wslu-share-horizontal wslu-theme-font-no wslu-main_content\">\n\n\t\t\n        <ul>\n\t\t\t        <\/ul>\n    <\/div>","protected":false},"excerpt":{"rendered":"<p>2 \u0160tapi\u0107a sa ora\u0161astim plodovima i suvim gro\u017e\u0111em namenjena kao poslastica za srednje papagaje<\/p>","protected":false},"featured_media":41243,"comment_status":"open","ping_status":"closed","template":"","meta":{"_acf_changed":false},"pwb-brand":[318],"product_cat":[1278,1119],"product_tag":[],"class_list":{"0":"post-41242","1":"product","2":"type-product","3":"status-publish","4":"has-post-thumbnail","6":"pwb-brand-versele-laga","7":"product_cat-poslastice-za-ptice","8":"product_cat-ptice","10":"first","11":"instock","12":"taxable","13":"shipping-taxable","14":"purchasable","15":"product-type-simple"},"acf":[],"brands":[{"id":318,"name":"Versele-Laga","slug":"versele-laga"}],"_links":{"self":[{"href":"https:\/\/pawz.rs\/en\/wp-json\/wp\/v2\/product\/41242","targetHints":{"allow":["GET"]}}],"collection":[{"href":"https:\/\/pawz.rs\/en\/wp-json\/wp\/v2\/product"}],"about":[{"href":"https:\/\/pawz.rs\/en\/wp-json\/wp\/v2\/types\/product"}],"replies":[{"embeddable":true,"href":"https:\/\/pawz.rs\/en\/wp-json\/wp\/v2\/comments?post=41242"}],"wp:featuredmedia":[{"embeddable":true,"href":"https:\/\/pawz.rs\/en\/wp-json\/wp\/v2\/media\/41243"}],"wp:attachment":[{"href":"https:\/\/pawz.rs\/en\/wp-json\/wp\/v2\/media?parent=41242"}],"wp:term":[{"taxonomy":"pwb-brand","embeddable":true,"href":"https:\/\/pawz.rs\/en\/wp-json\/wp\/v2\/pwb-brand?post=41242"},{"taxonomy":"product_cat","embeddable":true,"href":"https:\/\/pawz.rs\/en\/wp-json\/wp\/v2\/product_cat?post=41242"},{"taxonomy":"product_tag","embeddable":true,"href":"https:\/\/pawz.rs\/en\/wp-json\/wp\/v2\/product_tag?post=41242"}],"curies":[{"name":"wp","href":"https:\/\/api.w.org\/{rel}","templated":true}]}}