{"id":41260,"date":"2025-06-07T10:14:34","date_gmt":"2025-06-07T08:14:34","guid":{"rendered":"https:\/\/pawz.rs\/?post_type=product&#038;p=41260"},"modified":"2025-06-29T19:48:39","modified_gmt":"2025-06-29T17:48:39","slug":"versele-laga-6-biscuits-fruit-70g","status":"publish","type":"product","link":"https:\/\/pawz.rs\/en\/versele-laga-6-biscuits-fruit-70g\/","title":{"rendered":"Versele Laga 6 Biscuits Fruit &#8211; 70g"},"content":{"rendered":"<p><strong>Versele Laga 6 Biscuits Fruit &#8211; 70g<\/strong><\/p>\n<p><strong>Minimalna kupovina 3 komada<\/strong><\/p>\n<div class=\"col-md-12 text-center\">\n<div class=\"col-md-12 text-center\">\n<div class=\"col-md-12 text-center\">\n<p>6 ukusnih keksi\u0107a sa vo\u0107em namenjenih kao poslastica za sve vrste ptica<\/p>\n<\/div>\n<p>Lagani keksi\u0107i sa jajima i vo\u0107em koji dodaju raznolikost svakodnevnoj ishrani ptica. Popravljaju kondiciju ptica, poma\u017eu vitalnost organizma i jako su ukusni.<\/p>\n<\/div>\n<ul>\n<li>Ukusna poslastica za sve vrste ptica<\/li>\n<li>Mekani i lagani keksi\u0107i sa jajima i vo\u0107em<\/li>\n<\/ul>\n<p><strong>Sastav:\u00a0<\/strong>Jaja i derivati jaja, \u0161e\u0107eri, \u017eitarice, derivati biljnog porekla, vo\u0107e 7%, ulja i masti, minerali, mleko i derivati mleka<\/p>\n<p><strong>Analytical composition:\u00a0<\/strong>Proteini 9,3%, masti 5,2%, sirova vlakna 0,2%, sirovi pepeo 2,6%<\/p>\n<p><strong>Uputstvo za upotrebu:<\/strong>\u00a0Davati pticama 1 do 4 keksi\u0107a nedeljno<\/p>\n<p>Dostupno u pakovanju od 70g<\/p>\n<p>Proizvo\u0111a\u010d: Versele Laga<br \/>\nZemlja porekla: Belgija (EU)<\/p>\n<\/div>\n\n    <div class=\"xs_social_share_widget xs_share_url after_content \t\tmain_content  wslu-style-1 wslu-share-box-shaped wslu-fill-colored wslu-none wslu-share-horizontal wslu-theme-font-no wslu-main_content\">\n\n\t\t\n        <ul>\n\t\t\t        <\/ul>\n    <\/div>","protected":false},"excerpt":{"rendered":"<div class=\"col-md-12 text-center\">\n<p>6 ukusnih keksi\u0107a sa vo\u0107em namenjenih kao poslastica za sve vrste ptica<\/p>\n<\/div>","protected":false},"featured_media":41261,"comment_status":"open","ping_status":"closed","template":"","meta":{"_acf_changed":false},"pwb-brand":[318],"product_cat":[1278,1119],"product_tag":[],"class_list":{"0":"post-41260","1":"product","2":"type-product","3":"status-publish","4":"has-post-thumbnail","6":"pwb-brand-versele-laga","7":"product_cat-poslastice-za-ptice","8":"product_cat-ptice","10":"first","11":"instock","12":"taxable","13":"shipping-taxable","14":"purchasable","15":"product-type-simple"},"acf":[],"brands":[{"id":318,"name":"Versele-Laga","slug":"versele-laga"}],"_links":{"self":[{"href":"https:\/\/pawz.rs\/en\/wp-json\/wp\/v2\/product\/41260","targetHints":{"allow":["GET"]}}],"collection":[{"href":"https:\/\/pawz.rs\/en\/wp-json\/wp\/v2\/product"}],"about":[{"href":"https:\/\/pawz.rs\/en\/wp-json\/wp\/v2\/types\/product"}],"replies":[{"embeddable":true,"href":"https:\/\/pawz.rs\/en\/wp-json\/wp\/v2\/comments?post=41260"}],"wp:featuredmedia":[{"embeddable":true,"href":"https:\/\/pawz.rs\/en\/wp-json\/wp\/v2\/media\/41261"}],"wp:attachment":[{"href":"https:\/\/pawz.rs\/en\/wp-json\/wp\/v2\/media?parent=41260"}],"wp:term":[{"taxonomy":"pwb-brand","embeddable":true,"href":"https:\/\/pawz.rs\/en\/wp-json\/wp\/v2\/pwb-brand?post=41260"},{"taxonomy":"product_cat","embeddable":true,"href":"https:\/\/pawz.rs\/en\/wp-json\/wp\/v2\/product_cat?post=41260"},{"taxonomy":"product_tag","embeddable":true,"href":"https:\/\/pawz.rs\/en\/wp-json\/wp\/v2\/product_tag?post=41260"}],"curies":[{"name":"wp","href":"https:\/\/api.w.org\/{rel}","templated":true}]}}