{"id":41262,"date":"2025-06-07T10:22:43","date_gmt":"2025-06-07T08:22:43","guid":{"rendered":"https:\/\/pawz.rs\/?post_type=product&#038;p=41262"},"modified":"2025-06-29T19:48:39","modified_gmt":"2025-06-29T17:48:39","slug":"versele-laga-gourmet-balls-with-insects-6x90g","status":"publish","type":"product","link":"https:\/\/pawz.rs\/en\/versele-laga-gourmet-balls-with-insects-6x90g\/","title":{"rendered":"Versele Laga Gourmet Balls With Insects 6x90g"},"content":{"rendered":"<p><strong>Versele Laga Gourmet Balls With Insects 6x90g<\/strong><\/p>\n<p><strong>Minimalna kupovina 2 komada<\/strong><\/p>\n<div class=\"col-md-12 text-center\">\n<div class=\"col-md-12 text-center\">\n<div class=\"col-md-12 text-center\">\n<div class=\"col-md-12 text-center\">\n<p>Poslastice sa insektima namenjene divljim pticama<\/p>\n<\/div>\n<\/div>\n<\/div>\n<ul>\n<li>Me\u0161avine \u010diste gove\u0111e masti, \u017eitarica i semenja oboga\u0107ena insektima<\/li>\n<li>Ne sadr\u017ei ve\u0161ta\u010dke boje kako bi hrana bila najpribli\u017enija onoj koju ptice jedu u prirodi<\/li>\n<li>Kugle nisu u mre\u017eici pa je pakovanje 100% podlo\u017eno recikla\u017ei<\/li>\n<\/ul>\n<p><strong>Sastav:\u00a0<\/strong>\u017eitarice, derivati biljnog porekla, ulja i masti, semenje, ekstrakti proteina pov\u0107a, insekti 4%<\/p>\n<p><strong>Analytical composition:\u00a0<\/strong>proteini 11%, masti 23,5%, sirovi pepeo 2%, sirova vlakna 3%<\/p>\n<p>Proizvo\u0111a\u010d: Versele Laga<br \/>\nZemlja porekla: Belgija (EU)<\/p>\n<\/div>\n\n    <div class=\"xs_social_share_widget xs_share_url after_content \t\tmain_content  wslu-style-1 wslu-share-box-shaped wslu-fill-colored wslu-none wslu-share-horizontal wslu-theme-font-no wslu-main_content\">\n\n\t\t\n        <ul>\n\t\t\t        <\/ul>\n    <\/div>","protected":false},"excerpt":{"rendered":"<div class=\"col-md-12 text-center\">\n<div class=\"col-md-12 text-center\">\n<p>Poslastice sa insektima namenjene divljim pticama<\/p>\n<\/div>\n<\/div>","protected":false},"featured_media":41263,"comment_status":"open","ping_status":"closed","template":"","meta":{"_acf_changed":false},"pwb-brand":[318],"product_cat":[1278,1119],"product_tag":[],"class_list":{"0":"post-41262","1":"product","2":"type-product","3":"status-publish","4":"has-post-thumbnail","6":"pwb-brand-versele-laga","7":"product_cat-poslastice-za-ptice","8":"product_cat-ptice","10":"first","11":"instock","12":"taxable","13":"shipping-taxable","14":"purchasable","15":"product-type-simple"},"acf":[],"brands":[{"id":318,"name":"Versele-Laga","slug":"versele-laga"}],"_links":{"self":[{"href":"https:\/\/pawz.rs\/en\/wp-json\/wp\/v2\/product\/41262","targetHints":{"allow":["GET"]}}],"collection":[{"href":"https:\/\/pawz.rs\/en\/wp-json\/wp\/v2\/product"}],"about":[{"href":"https:\/\/pawz.rs\/en\/wp-json\/wp\/v2\/types\/product"}],"replies":[{"embeddable":true,"href":"https:\/\/pawz.rs\/en\/wp-json\/wp\/v2\/comments?post=41262"}],"wp:featuredmedia":[{"embeddable":true,"href":"https:\/\/pawz.rs\/en\/wp-json\/wp\/v2\/media\/41263"}],"wp:attachment":[{"href":"https:\/\/pawz.rs\/en\/wp-json\/wp\/v2\/media?parent=41262"}],"wp:term":[{"taxonomy":"pwb-brand","embeddable":true,"href":"https:\/\/pawz.rs\/en\/wp-json\/wp\/v2\/pwb-brand?post=41262"},{"taxonomy":"product_cat","embeddable":true,"href":"https:\/\/pawz.rs\/en\/wp-json\/wp\/v2\/product_cat?post=41262"},{"taxonomy":"product_tag","embeddable":true,"href":"https:\/\/pawz.rs\/en\/wp-json\/wp\/v2\/product_tag?post=41262"}],"curies":[{"name":"wp","href":"https:\/\/api.w.org\/{rel}","templated":true}]}}