{"id":41268,"date":"2025-06-07T10:50:23","date_gmt":"2025-06-07T08:50:23","guid":{"rendered":"https:\/\/pawz.rs\/?post_type=product&#038;p=41268"},"modified":"2025-06-29T19:48:39","modified_gmt":"2025-06-29T17:48:39","slug":"versele-laga-menu-nature-suet-ball-6x90g","status":"publish","type":"product","link":"https:\/\/pawz.rs\/en\/versele-laga-menu-nature-suet-ball-6x90g\/","title":{"rendered":"Versele Laga Menu Nature Suet Ball &#8211; 6x90g"},"content":{"rendered":"<p><strong>Versele Laga Menu Nature Suet Ball &#8211; 6x90g<\/strong><\/p>\n<p><b>Minimalna kupovina 3 komada<\/b><\/p>\n<div class=\"col-md-12 text-center\">\n<div class=\"col-md-12 text-center\">\n<div class=\"col-md-12 text-center\">\n<div class=\"col-md-12 text-center\">\n<div class=\"col-md-12 text-center\">\n<p>Masna kugla &#8211; Idealna poslastica za hladne zimske dane<\/p>\n<\/div>\n<\/div>\n<\/div>\n<\/div>\n<ul>\n<li>Me\u0161avina \u010diste gove\u0111e masno\u0107e, \u017eitarica i semenja<\/li>\n<li>Ne sadr\u017ei semenje ambrozije kako bi se spre\u010dilo da ova parazitska biljka zauzme prostor u Va\u0161oj ba\u0161ti<\/li>\n<li>Idealna hrana za hladne zimske dane<\/li>\n<\/ul>\n<p><strong>Sastav:\u00a0<\/strong>Derivati biljnog porekla, ulja i masti, semenje, \u017eitarice, minerali<\/p>\n<p><strong>Analytical composition:\u00a0<\/strong>Proteini 9,5%, masti 24%,\u00a0sirovi pepeo 3,5%,\u00a0sirova vlakna 3%<\/p>\n<p><strong>Uputstvo za upotrebu:<\/strong><\/p>\n<p>Kugle treba da budu dostupne pticama u negorani\u010denim koli\u010dinama<\/p>\n<p>Proizvo\u0111a\u010d: Versele Laga<br \/>\nZemlja porekla: Belgija (EU)<\/p>\n<\/div>\n\n    <div class=\"xs_social_share_widget xs_share_url after_content \t\tmain_content  wslu-style-1 wslu-share-box-shaped wslu-fill-colored wslu-none wslu-share-horizontal wslu-theme-font-no wslu-main_content\">\n\n\t\t\n        <ul>\n\t\t\t        <\/ul>\n    <\/div>","protected":false},"excerpt":{"rendered":"<div class=\"col-md-12 text-center\">\n<div class=\"col-md-12 text-center\">\n<div class=\"col-md-12 text-center\">\n<p>Masna kugla &#8211; Idealna poslastica za hladne zimske dane<\/p>\n<\/div>\n<\/div>\n<\/div>","protected":false},"featured_media":41269,"comment_status":"open","ping_status":"closed","template":"","meta":{"_acf_changed":false},"pwb-brand":[318],"product_cat":[1278,1119],"product_tag":[],"class_list":{"0":"post-41268","1":"product","2":"type-product","3":"status-publish","4":"has-post-thumbnail","6":"pwb-brand-versele-laga","7":"product_cat-poslastice-za-ptice","8":"product_cat-ptice","10":"first","11":"instock","12":"taxable","13":"shipping-taxable","14":"purchasable","15":"product-type-simple"},"acf":[],"brands":[{"id":318,"name":"Versele-Laga","slug":"versele-laga"}],"_links":{"self":[{"href":"https:\/\/pawz.rs\/en\/wp-json\/wp\/v2\/product\/41268","targetHints":{"allow":["GET"]}}],"collection":[{"href":"https:\/\/pawz.rs\/en\/wp-json\/wp\/v2\/product"}],"about":[{"href":"https:\/\/pawz.rs\/en\/wp-json\/wp\/v2\/types\/product"}],"replies":[{"embeddable":true,"href":"https:\/\/pawz.rs\/en\/wp-json\/wp\/v2\/comments?post=41268"}],"wp:featuredmedia":[{"embeddable":true,"href":"https:\/\/pawz.rs\/en\/wp-json\/wp\/v2\/media\/41269"}],"wp:attachment":[{"href":"https:\/\/pawz.rs\/en\/wp-json\/wp\/v2\/media?parent=41268"}],"wp:term":[{"taxonomy":"pwb-brand","embeddable":true,"href":"https:\/\/pawz.rs\/en\/wp-json\/wp\/v2\/pwb-brand?post=41268"},{"taxonomy":"product_cat","embeddable":true,"href":"https:\/\/pawz.rs\/en\/wp-json\/wp\/v2\/product_cat?post=41268"},{"taxonomy":"product_tag","embeddable":true,"href":"https:\/\/pawz.rs\/en\/wp-json\/wp\/v2\/product_tag?post=41268"}],"curies":[{"name":"wp","href":"https:\/\/api.w.org\/{rel}","templated":true}]}}