{"id":41282,"date":"2025-06-08T11:31:36","date_gmt":"2025-06-08T09:31:36","guid":{"rendered":"https:\/\/pawz.rs\/?post_type=product&#038;p=41282"},"modified":"2025-06-29T19:47:46","modified_gmt":"2025-06-29T17:47:46","slug":"versele-laga-shellsand-marine-5kg","status":"publish","type":"product","link":"https:\/\/pawz.rs\/en\/versele-laga-shellsand-marine-5kg\/","title":{"rendered":"Versele Laga Shellsand Marine &#8211; 5kg"},"content":{"rendered":"<p><strong>Versele Laga Shellsand Marine &#8211; 5kg<\/strong><\/p>\n<p><b>Minimalna kupovina 3 komada<\/b><\/p>\n<div class=\"col-md-12 text-center\">\n<p>Pesak od belih \u0161koljki sa ljuskama ostriga<\/p>\n<ul>\n<li>Pesak belih \u0161koljki sa semenom anisa. Sterilisano na viskomi temperaturama<\/li>\n<li>Sadr\u017ei 50% ljuski ostriga, malih \u0161koljki i minerala<\/li>\n<li>Osve\u017eavaju\u0107i miris, ne proizvodi pra\u0161inu i ne \u0161teti \u017eivotnoj okolini<\/li>\n<\/ul>\n<p><strong>Uputstvo za upotrebu:<\/strong><\/p>\n<p>Radi optimalne higijene menjajte ovaj posip jednom ili dva puta nedeljno<br \/>\n\u010cuvati na suvom i hladnom mestu<\/p>\n<p>Dostupno u pakovanju od 5kg<\/p>\n<p>Proizvo\u0111a\u010d: Versele Laga<br \/>\nZemlja porekla: Belgija (EU)<\/p>\n<\/div>\n\n    <div class=\"xs_social_share_widget xs_share_url after_content \t\tmain_content  wslu-style-1 wslu-share-box-shaped wslu-fill-colored wslu-none wslu-share-horizontal wslu-theme-font-no wslu-main_content\">\n\n\t\t\n        <ul>\n\t\t\t        <\/ul>\n    <\/div>","protected":false},"excerpt":{"rendered":"<p>Pesak od belih \u0161koljki sa ljuskama ostriga<\/p>","protected":false},"featured_media":41283,"comment_status":"open","ping_status":"closed","template":"","meta":{"_acf_changed":false},"pwb-brand":[318],"product_cat":[1281,1119],"product_tag":[],"class_list":{"0":"post-41282","1":"product","2":"type-product","3":"status-publish","4":"has-post-thumbnail","6":"pwb-brand-versele-laga","7":"product_cat-oprema-higijena-za-ptice","8":"product_cat-ptice","10":"first","11":"instock","12":"taxable","13":"shipping-taxable","14":"purchasable","15":"product-type-simple"},"acf":[],"brands":[{"id":318,"name":"Versele-Laga","slug":"versele-laga"}],"_links":{"self":[{"href":"https:\/\/pawz.rs\/en\/wp-json\/wp\/v2\/product\/41282","targetHints":{"allow":["GET"]}}],"collection":[{"href":"https:\/\/pawz.rs\/en\/wp-json\/wp\/v2\/product"}],"about":[{"href":"https:\/\/pawz.rs\/en\/wp-json\/wp\/v2\/types\/product"}],"replies":[{"embeddable":true,"href":"https:\/\/pawz.rs\/en\/wp-json\/wp\/v2\/comments?post=41282"}],"wp:featuredmedia":[{"embeddable":true,"href":"https:\/\/pawz.rs\/en\/wp-json\/wp\/v2\/media\/41283"}],"wp:attachment":[{"href":"https:\/\/pawz.rs\/en\/wp-json\/wp\/v2\/media?parent=41282"}],"wp:term":[{"taxonomy":"pwb-brand","embeddable":true,"href":"https:\/\/pawz.rs\/en\/wp-json\/wp\/v2\/pwb-brand?post=41282"},{"taxonomy":"product_cat","embeddable":true,"href":"https:\/\/pawz.rs\/en\/wp-json\/wp\/v2\/product_cat?post=41282"},{"taxonomy":"product_tag","embeddable":true,"href":"https:\/\/pawz.rs\/en\/wp-json\/wp\/v2\/product_tag?post=41282"}],"curies":[{"name":"wp","href":"https:\/\/api.w.org\/{rel}","templated":true}]}}