{"id":41304,"date":"2025-06-08T11:14:50","date_gmt":"2025-06-08T09:14:50","guid":{"rendered":"https:\/\/pawz.rs\/?post_type=product&#038;p=41304"},"modified":"2025-06-29T19:47:46","modified_gmt":"2025-06-29T17:47:46","slug":"versele-laga-zuti-proso-millletspays-bar-klas-1kg","status":"publish","type":"product","link":"https:\/\/pawz.rs\/en\/versele-laga-zuti-proso-millletspays-bar-klas-1kg\/","title":{"rendered":"Versele Laga \u017duti Proso Millletspays Bar Klas &#8211; 1kg"},"content":{"rendered":"<p class=\"my-3 tamnozelena2\"><strong>Versele Laga \u017duti Proso Millletspays Bar Klas &#8211; 1kg<\/strong><\/p>\n<div class=\"col-md-12 text-center\">\n<p>Vrsta prosa koja se zbog svog visokog sadr\u017eaja ugljenih hidrata naj\u010de\u0161\u0107e koristi kao osnovni sastojak semenskih me\u0161avina za ishranu ptica.<\/p>\n<div id=\"opis\" class=\"collapse show\">\n<div class=\"row\">\n<div class=\"col-sm-12\">\n<ul>\n<li>Pogodno za ishranu tropskih zeba, tigrica i srednjih papagaja.<\/li>\n<\/ul>\n<\/div>\n<\/div>\n<\/div>\n<div id=\"info\" class=\"collapse show\">\n<div class=\"row\">\n<div class=\"col-sm-12\">Proizvo\u0111a\u010d: Versele Laga<br \/>\nZemlja porekla: Belgija (EU)<\/div>\n<\/div>\n<\/div>\n<\/div>\n\n    <div class=\"xs_social_share_widget xs_share_url after_content \t\tmain_content  wslu-style-1 wslu-share-box-shaped wslu-fill-colored wslu-none wslu-share-horizontal wslu-theme-font-no wslu-main_content\">\n\n\t\t\n        <ul>\n\t\t\t        <\/ul>\n    <\/div>","protected":false},"excerpt":{"rendered":"<p>Vrsta prosa koja se zbog svog visokog sadr\u017eaja ugljenih hidrata naj\u010de\u0161\u0107e koristi kao osnovni sastojak semenskih me\u0161avina za ishranu ptica.<\/p>","protected":false},"featured_media":41305,"comment_status":"open","ping_status":"closed","template":"","meta":{"_acf_changed":false},"pwb-brand":[318],"product_cat":[1277,1119],"product_tag":[],"class_list":{"0":"post-41304","1":"product","2":"type-product","3":"status-publish","4":"has-post-thumbnail","6":"pwb-brand-versele-laga","7":"product_cat-hrana-za-ptice","8":"product_cat-ptice","10":"first","11":"instock","12":"taxable","13":"shipping-taxable","14":"purchasable","15":"product-type-simple"},"acf":[],"brands":[{"id":318,"name":"Versele-Laga","slug":"versele-laga"}],"_links":{"self":[{"href":"https:\/\/pawz.rs\/en\/wp-json\/wp\/v2\/product\/41304","targetHints":{"allow":["GET"]}}],"collection":[{"href":"https:\/\/pawz.rs\/en\/wp-json\/wp\/v2\/product"}],"about":[{"href":"https:\/\/pawz.rs\/en\/wp-json\/wp\/v2\/types\/product"}],"replies":[{"embeddable":true,"href":"https:\/\/pawz.rs\/en\/wp-json\/wp\/v2\/comments?post=41304"}],"wp:featuredmedia":[{"embeddable":true,"href":"https:\/\/pawz.rs\/en\/wp-json\/wp\/v2\/media\/41305"}],"wp:attachment":[{"href":"https:\/\/pawz.rs\/en\/wp-json\/wp\/v2\/media?parent=41304"}],"wp:term":[{"taxonomy":"pwb-brand","embeddable":true,"href":"https:\/\/pawz.rs\/en\/wp-json\/wp\/v2\/pwb-brand?post=41304"},{"taxonomy":"product_cat","embeddable":true,"href":"https:\/\/pawz.rs\/en\/wp-json\/wp\/v2\/product_cat?post=41304"},{"taxonomy":"product_tag","embeddable":true,"href":"https:\/\/pawz.rs\/en\/wp-json\/wp\/v2\/product_tag?post=41304"}],"curies":[{"name":"wp","href":"https:\/\/api.w.org\/{rel}","templated":true}]}}