{"id":41327,"date":"2025-06-08T11:14:47","date_gmt":"2025-06-08T09:14:47","guid":{"rendered":"https:\/\/pawz.rs\/?post_type=product&#038;p=41327"},"modified":"2025-06-29T19:47:52","modified_gmt":"2025-06-29T17:47:52","slug":"versele-laga-nutribird-a21","status":"publish","type":"product","link":"https:\/\/pawz.rs\/en\/versele-laga-nutribird-a21\/","title":{"rendered":"Versele Laga NutriBird A21"},"content":{"rendered":"<p><strong>Versele Laga NutriBird A21<\/strong><\/p>\n<div class=\"col-md-12 text-center\">\n<div class=\"col-md-12 text-center\">\n<p>Hrana za ru\u010dno hranjenje svih vrsta ptica<\/p>\n<\/div>\n<p>Nau\u010dno odobrena hrana koja sadr\u017ei sve neophodne nutriente za Va\u0161e pti\u0107e. Osigurava optimalan razvoj pti\u0107a u zdrave mlade ptice.<\/p>\n<ul>\n<li>Sadr\u017ei stabilizatore crevne flore, prebiotike, digestivne enzime i organske kiseline koje poma\u017eu u varenju<\/li>\n<li>Preporu\u010dena od strane veterinara i kori\u0161\u0107ena \u0161irom sveta u ornitolo\u0161kom parkovima i od strane vrhunskih odgajiva\u010da ptica<\/li>\n<\/ul>\n<p><strong>Sastav:\u00a0<\/strong>pekarski proizvodi, ekstrakti proteina biljnog porekla, ulja i masti, derivati biljnog porekla, minerali, \u0161e\u0107eri, kvasci, organske kiseline, psilijum, MOS ( 1000 mg\/kg ), lecitin<\/p>\n<p><strong>Analytical composition:\u00a0<\/strong>proteini 21%, masti 9%, sirovi pepeo 8,5%, sirova vlakna 1,5%, lizin 1,25%, metionin 0,54%, triptofan 0,24%, treonin 0,70%, kalcijum 1.15%, fosfor 0,60%, natrijum 0,40%, magnezijum 0,14%<\/p>\n<p><strong>Dodaci po kilogramu proizvoda: nutritivni dodaci:\u00a0<\/strong>Vitamin A 7200 IU, 3a160a \u03b2-karoten 4.35 mg, Vitamin D3 1500 IU, Vitamin E 85 mg, Vitamin K3 3 mg, Vitamin B1 7.50 mg, Vitamin B2 16 mg, Kalcijum D-pantotenat 20 mg, Vitamin B6 6 mg, Vitamin B12 0.03 mg, Vitamin C 60 mg, Niacin 80 mg, Foli\u010dna kiselina 1.50 mg, Biotin 0,270 mg, Holin Hlorid 790 mg, 3b202 (jodid) 2 mg, E4 (bakar) 10 mg, 3b503 (mangan) 100 mg, 3b605 (cink) 100 mg, E8 (selenijum) 0.20 mg;<\/p>\n<p><strong>Tehnolo\u0161ki dodaci: <\/strong>Bacillus subtilis C-3102 (DSM 15544) 22.10^8 CFU, Endo-1,4-\u03b2-xylanase (EC 3.2.1.8) 3000 EPU<\/p>\n<p><strong>Uputstvo za upotrebu:\u00a0<\/strong>Po 1 hranjenju dajte ptici koli\u010dinu od \u00b1 10% njene telesne te\u017eine.<br \/>\nTokom prvog pripremanja hrana precizno odmerite koli\u010dinu hrane. Pogledati tabelu pripreme hrane<\/p>\n<p><strong>Priprema:<\/strong><\/p>\n<p>1.\u00a0 U \u010distoj posudi pome\u0161ajte Nutribird A21 sa vrelom vodom u srazmeri prikazanoj na tabeli. Po\u0161to voda sa \u010desme mo\u017ee sadr\u017eati opasne baterije preporuka je da se voda prethodno prokuva<\/p>\n<p>2.\u00a0 Energi\u010dno prome\u0161ajte smesu. Ostavite da stoji jedan minut. Ukoliko ste pripremili smesu na adekvatan na\u010din dobi\u0107ete smesu nalik ka\u0111i<\/p>\n<p>3.\u00a0 Ohladite smesu na 39 stepeni Celzijusa. Pre hranjenja ptica jo\u0161 jednom energi\u010dno prome\u0161ajte smesu kako se\u00a0 hrana i voda ne bi razvojile<\/p>\n<p>Va\u017ena napomena: Smesu treba pripremati sve\u017eu za svaki obrok te se preporu\u010duje pripremanje manjih koli\u010dina<\/p>\n<p>Dostupno u pakovanjima od 800g i 3kg<\/p>\n<p>Proizvo\u0111a\u010d: Versele Laga<br \/>\nZemlja porekla: Belgija (EU)<\/p>\n<\/div>\n\n    <div class=\"xs_social_share_widget xs_share_url after_content \t\tmain_content  wslu-style-1 wslu-share-box-shaped wslu-fill-colored wslu-none wslu-share-horizontal wslu-theme-font-no wslu-main_content\">\n\n\t\t\n        <ul>\n\t\t\t        <\/ul>\n    <\/div>","protected":false},"excerpt":{"rendered":"<div class=\"col-md-12 text-center\">\n<p>Hrana za ru\u010dno hranjenje svih vrsta ptica<\/p>\n<\/div>","protected":false},"featured_media":41330,"comment_status":"open","ping_status":"closed","template":"","meta":{"_acf_changed":false},"pwb-brand":[318],"product_cat":[1277,1119],"product_tag":[],"class_list":{"0":"post-41327","1":"product","2":"type-product","3":"status-publish","4":"has-post-thumbnail","6":"pwb-brand-versele-laga","7":"product_cat-hrana-za-ptice","8":"product_cat-ptice","10":"first","11":"instock","12":"taxable","13":"shipping-taxable","14":"purchasable","15":"product-type-variable","16":"has-default-attributes"},"acf":[],"brands":[{"id":318,"name":"Versele-Laga","slug":"versele-laga"}],"_links":{"self":[{"href":"https:\/\/pawz.rs\/en\/wp-json\/wp\/v2\/product\/41327","targetHints":{"allow":["GET"]}}],"collection":[{"href":"https:\/\/pawz.rs\/en\/wp-json\/wp\/v2\/product"}],"about":[{"href":"https:\/\/pawz.rs\/en\/wp-json\/wp\/v2\/types\/product"}],"replies":[{"embeddable":true,"href":"https:\/\/pawz.rs\/en\/wp-json\/wp\/v2\/comments?post=41327"}],"wp:featuredmedia":[{"embeddable":true,"href":"https:\/\/pawz.rs\/en\/wp-json\/wp\/v2\/media\/41330"}],"wp:attachment":[{"href":"https:\/\/pawz.rs\/en\/wp-json\/wp\/v2\/media?parent=41327"}],"wp:term":[{"taxonomy":"pwb-brand","embeddable":true,"href":"https:\/\/pawz.rs\/en\/wp-json\/wp\/v2\/pwb-brand?post=41327"},{"taxonomy":"product_cat","embeddable":true,"href":"https:\/\/pawz.rs\/en\/wp-json\/wp\/v2\/product_cat?post=41327"},{"taxonomy":"product_tag","embeddable":true,"href":"https:\/\/pawz.rs\/en\/wp-json\/wp\/v2\/product_tag?post=41327"}],"curies":[{"name":"wp","href":"https:\/\/api.w.org\/{rel}","templated":true}]}}