{"id":41332,"date":"2025-06-08T11:14:47","date_gmt":"2025-06-08T09:14:47","guid":{"rendered":"https:\/\/pawz.rs\/?post_type=product&#038;p=41332"},"modified":"2025-06-29T19:47:46","modified_gmt":"2025-06-29T17:47:46","slug":"versele-laga-nutribird-t-16-10kg","status":"publish","type":"product","link":"https:\/\/pawz.rs\/en\/versele-laga-nutribird-t-16-10kg\/","title":{"rendered":"Versele Laga NutriBird T 16 &#8211; 10kg"},"content":{"rendered":"<p><strong>Versele Laga NutriBird T 16 &#8211; 10kg<\/strong><\/p>\n<div class=\"col-md-12 text-center\">\n<p>Kompletna hrana namenjena ishrani tukana, tukarosa i vo\u0107nih golubica<\/p>\n<p>Nau\u010dno odobrena formula koja Va\u0161oj ptici pru\u017ea sve neophodne nutriente. Ukusna i ptice je rado jedu<\/p>\n<ul>\n<li>Sa vo\u0107em<\/li>\n<li>Sadr\u017ei Florastimul (\u010cuva crevnu floru i spre\u010dava pojavu problema u intestinalnom traktu)<\/li>\n<li>Problemi izazvani vi\u0161kom gvo\u017e\u0111a u krvi kod ptica koje jedu vo\u0107e i insekte su veoma \u010desti. Zbog toga ova hrana sadr\u017ei jako malu koli\u010dinu gvo\u017e\u0111a (maksimalno 85 ppm)<\/li>\n<li>Preporu\u010dena od strane veterinara. Koristi se \u0161irom sveta u ornitolo\u0161kim parkovima i od strane vrhunskih odgajiva\u010da ptica<\/li>\n<\/ul>\n<p><strong>Sastav:<\/strong>\u00a0 \u017eitarice, ulja i masti, derivati biljnog porekla, vo\u0107e ( 10% jabuka, brusnica i borovnica ), ekstarkti proteina biljnog porekla, semenje, minerali, \u0161e\u0107eri, kvasci, MOS, juka<\/p>\n<p><strong>Analytical composition:<\/strong>\u00a0proteini 16%, masti 7,5%, sirova vlakna 2,5%, sirovi pepeo 4%, kalcijum 0,80%, fosfor 0,60%, metionin 0,30%, lizin 0,80%, treonin 0,55%, triptofan 0,20%, cistin 0,30%<\/p>\n<p><strong>Dodaci po kilogramu proizvoda: nutritivni dodaci:<\/strong>\u00a0Vitamin A 8650 IU, \u03b2-karoten 5.20 mg, Vitamin D3 1800 IU, Vitamin E 100 mg, Vitamin K3 3.50 mg, Vitamin B1 8.50 mg, Vitamin B2 19 mg, Kalcijum D-pantotenat 24 mg, Vitamin B6 7 mg, Vitamin B12 0.04 mg, Vitamin C 60 mg, Niacin 95 mg, Foli\u010dna kiselina 1.80 mg, Biotin 0.31 mg, Holin hlorid 725 mg, Tani\u010dna kiselina 0.125%, 3b202 (jod) 2.50 mg, E4 (bakar) 12 mg, 3b503 (mangan) 120 mg, 3b605 (cink) 115 mg, E8 (selenijum) 0.24 mg;<\/p>\n<p><strong>Tehnolo\u0161ki dodaci:\u00a0<\/strong>antioksidansi, konzervansi;<\/p>\n<p><strong>Senzorni dodaci:<\/strong>\u00a0boje za hranu<\/p>\n<p><strong>Uputstvo za upotrebu:\u00a0<\/strong>Hranite ptice bez ograni\u010denja ovom hranom u kombinaciji sa sve\u017eim vo\u0107em i\/ili \u017eivim insektima.<br \/>\nUkoliko \u017eelite na kratko potpote u sve\u017eu vodu pre serviranja hrane pticama<\/p>\n<p>Dostupno u pakovanju od 10kg<\/p>\n<p>Proizvo\u0111a\u010d: Versele Laga<br \/>\nZemlja porekla: Belgija (EU)<\/p>\n<\/div>\n\n    <div class=\"xs_social_share_widget xs_share_url after_content \t\tmain_content  wslu-style-1 wslu-share-box-shaped wslu-fill-colored wslu-none wslu-share-horizontal wslu-theme-font-no wslu-main_content\">\n\n\t\t\n        <ul>\n\t\t\t        <\/ul>\n    <\/div>","protected":false},"excerpt":{"rendered":"<div class=\"col-md-12 text-center\">\n<p>Kompletna hrana namenjena ishrani tukana, tukarosa i vo\u0107nih golubica<\/p>\n<\/div>","protected":false},"featured_media":41333,"comment_status":"open","ping_status":"closed","template":"","meta":{"_acf_changed":false},"pwb-brand":[318],"product_cat":[1277,1119],"product_tag":[],"class_list":{"0":"post-41332","1":"product","2":"type-product","3":"status-publish","4":"has-post-thumbnail","6":"pwb-brand-versele-laga","7":"product_cat-hrana-za-ptice","8":"product_cat-ptice","10":"first","11":"instock","12":"taxable","13":"shipping-taxable","14":"purchasable","15":"product-type-simple"},"acf":[],"brands":[{"id":318,"name":"Versele-Laga","slug":"versele-laga"}],"_links":{"self":[{"href":"https:\/\/pawz.rs\/en\/wp-json\/wp\/v2\/product\/41332","targetHints":{"allow":["GET"]}}],"collection":[{"href":"https:\/\/pawz.rs\/en\/wp-json\/wp\/v2\/product"}],"about":[{"href":"https:\/\/pawz.rs\/en\/wp-json\/wp\/v2\/types\/product"}],"replies":[{"embeddable":true,"href":"https:\/\/pawz.rs\/en\/wp-json\/wp\/v2\/comments?post=41332"}],"wp:featuredmedia":[{"embeddable":true,"href":"https:\/\/pawz.rs\/en\/wp-json\/wp\/v2\/media\/41333"}],"wp:attachment":[{"href":"https:\/\/pawz.rs\/en\/wp-json\/wp\/v2\/media?parent=41332"}],"wp:term":[{"taxonomy":"pwb-brand","embeddable":true,"href":"https:\/\/pawz.rs\/en\/wp-json\/wp\/v2\/pwb-brand?post=41332"},{"taxonomy":"product_cat","embeddable":true,"href":"https:\/\/pawz.rs\/en\/wp-json\/wp\/v2\/product_cat?post=41332"},{"taxonomy":"product_tag","embeddable":true,"href":"https:\/\/pawz.rs\/en\/wp-json\/wp\/v2\/product_tag?post=41332"}],"curies":[{"name":"wp","href":"https:\/\/api.w.org\/{rel}","templated":true}]}}