{"id":41338,"date":"2025-06-08T11:14:45","date_gmt":"2025-06-08T09:14:45","guid":{"rendered":"https:\/\/pawz.rs\/?post_type=product&#038;p=41338"},"modified":"2025-12-11T10:49:40","modified_gmt":"2025-12-11T09:49:40","slug":"versele-laga-nutribird-b14","status":"publish","type":"product","link":"https:\/\/pawz.rs\/en\/versele-laga-nutribird-b14\/","title":{"rendered":"Versele Laga NutriBird B14"},"content":{"rendered":"<p><strong>Versele Laga NutriBird B14<\/strong><\/p>\n<div class=\"col-md-12 text-center\">\n<div class=\"col-md-12 text-center\">\n<div class=\"col-md-12 text-center\">\n<p>Ekstrudirani peleti namenjeni tigricama i ostalim malim papagajima<\/p>\n<\/div>\n<\/div>\n<ul>\n<li>Nau\u010dno odobrena me\u0161avina koja sadr\u017ei sve nutriente neophodne pticama.<\/li>\n<li>Bazirana na odabranim \u017eitaricama, vo\u0107u i prosu sa dodatim jodom<\/li>\n<li>Potpoma\u017ee intestinalnu floru i \u0161titi od poreme\u0107aja intestinalnog trakta<\/li>\n<li>Preporu\u010dena od strane veterinara i kori\u0161\u0107ena \u0161irom sveta u ornitolo\u0161kim parkovima i kod priznatih odgajiva\u010da ptica<\/li>\n<\/ul>\n<p><strong>Opti Digest<\/strong><\/p>\n<p>Sadr\u017ei prirodne minerale gline i prebiotike za za\u0161titu intestinalne flore i optimalno varenje<\/p>\n<p><strong>Opti Feather<\/strong><\/p>\n<p>Sadr\u017ei sve neophodne nutriente erje bilo zdravo i sjajno<\/p>\n<p><strong>Opti Calcium<\/strong><\/p>\n<p>Optimalan odnos kalcijuma i fosfora za jake kosti<\/p>\n<p><strong>Sastav:<\/strong>\u00a0Semenje (proso 40%), \u017eitarice, povr\u0107e, ekstrakti proteina iz povr\u0107a, derivati povr\u0107a, minerali, ulja i masti, vo\u0107e (jabuka5%*), \u0161e\u0107eri, alge 1%, MOS, juka<br \/>\n*Dehidrirano vo\u0107e i povr\u0107e<\/p>\n<p><strong>Analytical composition:\u00a0<\/strong>Proteini 14%, masti 8%, sirova vlakna 5%, sirovi pepeo 7,5%, kalcijum 0,9%, fosfor 0,6%, metionin 0,35%, lizin 0,75%, treonin 0,5%, triptofan 0,15%, cistin 0,25%<\/p>\n<p><strong>Dodaci po kg proizvioda:\u00a0<\/strong>vitamin A 8000 IU, \u03b2-karoten 4.8 mg, vitamin D3 1650 IU, vitamin E 90 mg, vitamin B1 8 mg, vitamin B2 17.5 mg, kalcijum-D-pantotenat 22 mg, vitamin B6 6.5 mg, vitamin B12 0.03 mg, vitamin C 55 mg, niacin 90 mg, folna kiselina 1.65 mg, biotin 0.29 mg, holin hlorid 770 mg, 3b202 (jod) 2.3 mg, 3b405 (bakar) 11 mg, 3b503 (mangan) 110 mg, 3b605 (cink) 105 mg, 3b802 (selenijum) 0.11 mg, 3b811 (organski selenijum) 0.11 mg<\/p>\n<p>Sadr\u017ei tokoferole, konzervanse, bentonit.<\/p>\n<p>Dostupno u pakovanjima od 800g i 3kg<\/p>\n<p>Proizvo\u0111a\u010d: Versele Laga<br \/>\nZemlja porekla: Belgija (EU)<\/p>\n<\/div>\n\n    <div class=\"xs_social_share_widget xs_share_url after_content \t\tmain_content  wslu-style-1 wslu-share-box-shaped wslu-fill-colored wslu-none wslu-share-horizontal wslu-theme-font-no wslu-main_content\">\n\n\t\t\n        <ul>\n\t\t\t        <\/ul>\n    <\/div>","protected":false},"excerpt":{"rendered":"<div class=\"col-md-12 text-center\">\n<div class=\"col-md-12 text-center\">\n<p>Ekstrudirani peleti namenjeni tigricama i ostalim malim papagajima<\/p>\n<\/div>\n<\/div>","protected":false},"featured_media":41341,"comment_status":"open","ping_status":"closed","template":"","meta":{"_acf_changed":false},"pwb-brand":[318],"product_cat":[1277,1119],"product_tag":[],"class_list":{"0":"post-41338","1":"product","2":"type-product","3":"status-publish","4":"has-post-thumbnail","6":"pwb-brand-versele-laga","7":"product_cat-hrana-za-ptice","8":"product_cat-ptice","10":"first","11":"instock","12":"taxable","13":"shipping-taxable","14":"purchasable","15":"product-type-variable","16":"has-default-attributes"},"acf":[],"brands":[{"id":318,"name":"Versele-Laga","slug":"versele-laga"}],"_links":{"self":[{"href":"https:\/\/pawz.rs\/en\/wp-json\/wp\/v2\/product\/41338","targetHints":{"allow":["GET"]}}],"collection":[{"href":"https:\/\/pawz.rs\/en\/wp-json\/wp\/v2\/product"}],"about":[{"href":"https:\/\/pawz.rs\/en\/wp-json\/wp\/v2\/types\/product"}],"replies":[{"embeddable":true,"href":"https:\/\/pawz.rs\/en\/wp-json\/wp\/v2\/comments?post=41338"}],"wp:featuredmedia":[{"embeddable":true,"href":"https:\/\/pawz.rs\/en\/wp-json\/wp\/v2\/media\/41341"}],"wp:attachment":[{"href":"https:\/\/pawz.rs\/en\/wp-json\/wp\/v2\/media?parent=41338"}],"wp:term":[{"taxonomy":"pwb-brand","embeddable":true,"href":"https:\/\/pawz.rs\/en\/wp-json\/wp\/v2\/pwb-brand?post=41338"},{"taxonomy":"product_cat","embeddable":true,"href":"https:\/\/pawz.rs\/en\/wp-json\/wp\/v2\/product_cat?post=41338"},{"taxonomy":"product_tag","embeddable":true,"href":"https:\/\/pawz.rs\/en\/wp-json\/wp\/v2\/product_tag?post=41338"}],"curies":[{"name":"wp","href":"https:\/\/api.w.org\/{rel}","templated":true}]}}