{"id":41349,"date":"2025-06-08T11:14:43","date_gmt":"2025-06-08T09:14:43","guid":{"rendered":"https:\/\/pawz.rs\/?post_type=product&#038;p=41349"},"modified":"2025-06-29T19:47:46","modified_gmt":"2025-06-29T17:47:46","slug":"versele-laga-nutribird-c19-3kg","status":"publish","type":"product","link":"https:\/\/pawz.rs\/en\/versele-laga-nutribird-c19-3kg\/","title":{"rendered":"Versele Laga NutriBird C19 &#8211; 3kg"},"content":{"rendered":"<p><strong>Versele Laga NutriBird C19 &#8211; 3kg<\/strong><\/p>\n<div class=\"col-md-12 text-center\">\n<div class=\"col-md-12 text-center\">\n<p>Ekstrudirani peleti kao podr\u0161ka parenju kanarinaca, tropskih i evropskih zeba<\/p>\n<\/div>\n<ul>\n<li>Nau\u010dno odobrena formula koja Va\u0161oj ptici pru\u017ea sve neophodne nutriente. Ukusna i ptice je rado jedu<\/li>\n<li>Na bazi odabranih \u017eitarica, vo\u0107a i 50% semena za kanarince<\/li>\n<li>\u0160titi intestinalnu floru i spre\u010dava probleme sa intestinalnim traktom zahvaljuju\u0107i prirodnoj glini<\/li>\n<li>Preporu\u010dena od strane veterinara. Koristi se \u0161irom sveta u ornitolo\u0161kim parkovima i od strane vrhunskih odgajiva\u010da ptica<\/li>\n<\/ul>\n<p><strong>Sastav:\u00a0<\/strong>semenje (50% semenja za kanarince, seme lana 5%), ekstrakt proteina biljnog porekla, povr\u0107e, derivati povr\u0107a, minerali, \u017eitarice, vo\u0107e (jabuke 5%*), \u0161e\u0107eri, MOS, juka<br \/>\n*Dehidrirano vo\u0107e i povr\u0107e &#8211; ekvivalent pre su\u0161enja<\/p>\n<p><strong>Analytical composition:<\/strong>\u00a0proteini 19%, masti 15%, sirova vlakna 5%, sirovi pepeo 9,5%, kalcijum 1,25%, fosfor 0,6%, metionin 0,4%, lizin 1,1%, treonin 0,6%, triptofan 0,2%, cistin 0,4%<\/p>\n<p><strong>Dodaci po kg proizvoda:\u00a0<\/strong>vitamin A 16500 IU, vitamin D3 1800 IU, vitamin E 100 mg, vitamin B1 8.5 mg, vitamin B2 19 mg, kalcijum-D-pantotenat 24 mg, vitamin B6 7 mg, vitamin B12 0.04 mg, vitamin C 60 mg, niacin 95 mg, folna kiselina 1.8 mg, biotin 0.31 mg, holin hlorid 840 mg, 3b202 (jod) 2.5 mg, 3b405 (bakar) 12 mg, 3b502 (mangan) 120 mg, 3b603 (cink) 115 mg, 3b802 (selenijum) 0.12 mg, 3b811 (organski selenijum) 0.12 mg<\/p>\n<p>Proizvo\u0111a\u010d: Versele Laga<br \/>\nZemlja porekla: Belgija (EU)<\/p>\n<\/div>\n\n    <div class=\"xs_social_share_widget xs_share_url after_content \t\tmain_content  wslu-style-1 wslu-share-box-shaped wslu-fill-colored wslu-none wslu-share-horizontal wslu-theme-font-no wslu-main_content\">\n\n\t\t\n        <ul>\n\t\t\t        <\/ul>\n    <\/div>","protected":false},"excerpt":{"rendered":"<div class=\"col-md-12 text-center\">\n<div class=\"col-md-12 text-center\">\n<p>Ekstrudirani peleti kao podr\u0161ka parenju kanarinaca, tropskih i evropskih zeba<\/p>\n<\/div>\n<\/div>","protected":false},"featured_media":41350,"comment_status":"open","ping_status":"closed","template":"","meta":{"_acf_changed":false},"pwb-brand":[318],"product_cat":[1277,1119],"product_tag":[],"class_list":{"0":"post-41349","1":"product","2":"type-product","3":"status-publish","4":"has-post-thumbnail","6":"pwb-brand-versele-laga","7":"product_cat-hrana-za-ptice","8":"product_cat-ptice","10":"first","11":"instock","12":"taxable","13":"shipping-taxable","14":"purchasable","15":"product-type-simple"},"acf":[],"brands":[{"id":318,"name":"Versele-Laga","slug":"versele-laga"}],"_links":{"self":[{"href":"https:\/\/pawz.rs\/en\/wp-json\/wp\/v2\/product\/41349","targetHints":{"allow":["GET"]}}],"collection":[{"href":"https:\/\/pawz.rs\/en\/wp-json\/wp\/v2\/product"}],"about":[{"href":"https:\/\/pawz.rs\/en\/wp-json\/wp\/v2\/types\/product"}],"replies":[{"embeddable":true,"href":"https:\/\/pawz.rs\/en\/wp-json\/wp\/v2\/comments?post=41349"}],"wp:featuredmedia":[{"embeddable":true,"href":"https:\/\/pawz.rs\/en\/wp-json\/wp\/v2\/media\/41350"}],"wp:attachment":[{"href":"https:\/\/pawz.rs\/en\/wp-json\/wp\/v2\/media?parent=41349"}],"wp:term":[{"taxonomy":"pwb-brand","embeddable":true,"href":"https:\/\/pawz.rs\/en\/wp-json\/wp\/v2\/pwb-brand?post=41349"},{"taxonomy":"product_cat","embeddable":true,"href":"https:\/\/pawz.rs\/en\/wp-json\/wp\/v2\/product_cat?post=41349"},{"taxonomy":"product_tag","embeddable":true,"href":"https:\/\/pawz.rs\/en\/wp-json\/wp\/v2\/product_tag?post=41349"}],"curies":[{"name":"wp","href":"https:\/\/api.w.org\/{rel}","templated":true}]}}