{"id":41353,"date":"2025-06-08T11:14:42","date_gmt":"2025-06-08T09:14:42","guid":{"rendered":"https:\/\/pawz.rs\/?post_type=product&#038;p=41353"},"modified":"2025-06-29T19:48:39","modified_gmt":"2025-06-29T17:48:39","slug":"versele-laga-nutribird-g14-tropical-1kg","status":"publish","type":"product","link":"https:\/\/pawz.rs\/en\/versele-laga-nutribird-g14-tropical-1kg\/","title":{"rendered":"Versele Laga NutriBird G14 Tropical- 1kg"},"content":{"rendered":"<p><strong>Versele Laga NutriBird G14 Tropical &#8211; 1kg<\/strong><\/p>\n<div class=\"col-md-12 text-center\">\n<div class=\"col-md-12 text-center\">\n<div class=\"col-md-12 text-center\">\n<p>Ekstrudirani peleti namenjeni ishrani srednjih papagaja<\/p>\n<\/div>\n<\/div>\n<ul>\n<li>Nau\u010dno odobrena formula koja Va\u0161oj ptici pru\u017ea sve neophodne nutriente. Ukusna i ptice je rado jedu<\/li>\n<li>Bazirana na odabranim \u017eitaricama, vo\u0107u i kikirikiju<\/li>\n<li>Pru\u017ea podr\u0161ku crevnoj flori i \u0161titi je od razli\u010ditih poreme\u0107aja<\/li>\n<li>Preporu\u010dena od strane veterinara i najpoznatijih odgajiva\u010da<\/li>\n<\/ul>\n<p><strong>Opti Digest<\/strong><\/p>\n<p>Sadr\u017ei minerale gline i prebiotike koji omogu\u0107avaju zdravu crevnu floru<\/p>\n<p><strong>Opti Feather<\/strong><\/p>\n<p>Sadr\u017ei sve neophodne nutriente koji pru\u017eaju bujno i zdravo perje<\/p>\n<p><strong>Opti Calcium<\/strong><\/p>\n<p>Sadr\u017ei optimalne koli\u010dine kalcijuma i fosfora kako bi kosti ptica bile jake<\/p>\n<p><strong>Sastav:<\/strong>\u00a0\u017eitarice, ora\u0161asti plodovi (olju\u0161\u0107eni kikiriki 10%), derivati biljnog porekla, povr\u0107e, semenje (5%), minerali, ulja i masti, vo\u0107e (jabuke 5%*), ekstrakti biljnih proteina, \u0161e\u0107eri, MOS, juka<br \/>\n*dehidrirano vo\u0107e i povr\u0107e &#8211; ekvivalent pre su\u0161enja<\/p>\n<p><strong>Analytical composition:<\/strong>\u00a0proteini 14%, masti 16%, sirova vlakna 2.5%, sirovi pepeo 7%, kalcijum 0.9%, fosfor 0.6%, metionin 0.35%, lizin 0.75%, treonin 0.45%, triptofan 0.15%, cistin 0.2%<\/p>\n<p><strong>Dodaci po kg proizvoda:<\/strong>\u00a0nutritivni dodaci: vitamin A 8000 IU, \u03b2-karoten 4.8 mg, vitamin D3 1650 IU, vitamin E 90 mg, vitamin B1 8 mg, vitamin B2 17.5 mg, kalcijum-D-pantotenat 22 mg, vitamin B6 6.5 mg, vitamin B12 0.03 mg, vitamin C 55 mg, niacin 90 mg, folna kiselina 1.65 mg, biotin 0.29 mg, holin hlorid 770 mg, 3b202 (jod) 2.3 mg, 3b405 (bakar) 11 mg, 3b503 (mangan) 110 mg, 3b605 (cink) 105 mg, 3b802 (selenijum) 0.11 mg, 3b811 (organski selenijum) 0.11 mg; Tehnolo\u0161ki dodaci: antioksidansi: tokoferoli, kozervansi, bentonit<\/p>\n<p><strong>Uputstvo za ishranu:<\/strong>\u00a0Davati pticama bez ograni\u010denja.<br \/>\nMo\u017eete primetiti blagu promenu u boji peleta ali to ni na koji na\u010din ne uti\u010de na njihov sastav i nutitivnu vrednost<\/p>\n<p>Proizvo\u0111a\u010d: Versele Laga<br \/>\nZemlja porekla: Belgija (EU)<\/p>\n<\/div>\n\n    <div class=\"xs_social_share_widget xs_share_url after_content \t\tmain_content  wslu-style-1 wslu-share-box-shaped wslu-fill-colored wslu-none wslu-share-horizontal wslu-theme-font-no wslu-main_content\">\n\n\t\t\n        <ul>\n\t\t\t        <\/ul>\n    <\/div>","protected":false},"excerpt":{"rendered":"<div class=\"col-md-12 text-center\">\n<div class=\"col-md-12 text-center\">\n<p>Ekstrudirani peleti namenjeni ishrani srednjih papagaja<\/p>\n<\/div>\n<\/div>","protected":false},"featured_media":41354,"comment_status":"open","ping_status":"closed","template":"","meta":{"_acf_changed":false},"pwb-brand":[318],"product_cat":[1277,1119],"product_tag":[],"class_list":{"0":"post-41353","1":"product","2":"type-product","3":"status-publish","4":"has-post-thumbnail","6":"pwb-brand-versele-laga","7":"product_cat-hrana-za-ptice","8":"product_cat-ptice","10":"first","11":"instock","12":"taxable","13":"shipping-taxable","14":"purchasable","15":"product-type-simple"},"acf":[],"brands":[{"id":318,"name":"Versele-Laga","slug":"versele-laga"}],"_links":{"self":[{"href":"https:\/\/pawz.rs\/en\/wp-json\/wp\/v2\/product\/41353","targetHints":{"allow":["GET"]}}],"collection":[{"href":"https:\/\/pawz.rs\/en\/wp-json\/wp\/v2\/product"}],"about":[{"href":"https:\/\/pawz.rs\/en\/wp-json\/wp\/v2\/types\/product"}],"replies":[{"embeddable":true,"href":"https:\/\/pawz.rs\/en\/wp-json\/wp\/v2\/comments?post=41353"}],"wp:featuredmedia":[{"embeddable":true,"href":"https:\/\/pawz.rs\/en\/wp-json\/wp\/v2\/media\/41354"}],"wp:attachment":[{"href":"https:\/\/pawz.rs\/en\/wp-json\/wp\/v2\/media?parent=41353"}],"wp:term":[{"taxonomy":"pwb-brand","embeddable":true,"href":"https:\/\/pawz.rs\/en\/wp-json\/wp\/v2\/pwb-brand?post=41353"},{"taxonomy":"product_cat","embeddable":true,"href":"https:\/\/pawz.rs\/en\/wp-json\/wp\/v2\/product_cat?post=41353"},{"taxonomy":"product_tag","embeddable":true,"href":"https:\/\/pawz.rs\/en\/wp-json\/wp\/v2\/product_tag?post=41353"}],"curies":[{"name":"wp","href":"https:\/\/api.w.org\/{rel}","templated":true}]}}