{"id":41357,"date":"2025-06-08T11:14:40","date_gmt":"2025-06-08T09:14:40","guid":{"rendered":"https:\/\/pawz.rs\/?post_type=product&#038;p=41357"},"modified":"2025-06-29T19:48:39","modified_gmt":"2025-06-29T17:48:39","slug":"versele-laga-nutribird-p15-tropical","status":"publish","type":"product","link":"https:\/\/pawz.rs\/en\/versele-laga-nutribird-p15-tropical\/","title":{"rendered":"Versele Laga NutriBird P15 Tropical"},"content":{"rendered":"<p><strong>Versele Laga NutriBird P15 Tropical<\/strong><\/p>\n<div class=\"col-md-12 text-center\">\n<div class=\"col-md-12 text-center\">\n<div class=\"col-md-12 text-center\">\n<div class=\"col-md-12 text-center\">\n<p>Kompletna vi\u0161ebojna\u00a0hrana namenjena ishrani velikih papagaja<\/p>\n<\/div>\n<\/div>\n<\/div>\n<ul>\n<li>Nau\u010dno odobrena formula koja Va\u0161oj ptici pru\u017ea sve neophodne nutriente. Ukusna i ptice je rado jedu<\/li>\n<li>Bazirana je na odabranom zrnevlju, vo\u0107u i kikirikiju.<\/li>\n<li>Sadr\u017ei Florastimul: \u010cuva crevnu floru i spre\u010dava pojavu problema u intestinalnom traktu<\/li>\n<li>Preporu\u010dena od strane veterinara. Koristi se \u0161irom sveta u ornitolo\u0161kim parkovima i od strane vrhunskih odgajiva\u010da ptica<\/li>\n<\/ul>\n<p><strong>Sastav:<\/strong>\u00a0Semenje, ora\u0161asti plodovi ( jezgro kikirikija 10% ), \u017eitarice, ulja i masti, derivati biljnog porekla, vo\u0107e 5%, povr\u0107e, minerali, \u0161e\u0107eri, glina, MOS, juka<\/p>\n<p><strong>Analytical composition:<\/strong>\u00a0proteini 15%, masti 16%, sirova vlakna 3%, sirovi pepeo 6%, kalcijum 0,90%, fosfor 0,30%, metionin 0,35%, lizin 0,80%, treonin 0,50%, triptofan 0,15%, cistin 0,25%<\/p>\n<p><strong>Dodaci po kilogramu proizvoda: nutritivni dodaci:<\/strong>\u00a0Vitamin A 8000 IU, \u03b2-carotene 4.80 mg, Vitamin D3 1650 IU, Vitamin E 95 mg, Vitamin K3 3 mg, Vitamin B1 8 mg, Vitamin B2 17.50 mg, Kalcijum D-pantotenat 22 mg, Vitamin B6 6.50 mg, Vitamin B12 0.03 mg, Vitamin C 55 mg, Niacin 90 mg, Foli\u010dna kiselina 1.65 mg, Biotin 0.29 mg, Holin hlorid 670 mg, 3b202 (jod) 2.30 mg, E4 (bakar) 11 mg, 3b503 (mangan) 110 mg, 3b605 (cink) 105 mg, E8 (selenijum) 0.22 mg;<\/p>\n<p><strong>Tehnolo\u0161ki dodaci:\u00a0<\/strong>antioksidansi, konzervansi<\/p>\n<p><strong>Uputstvo za upotrebu:\u00a0<\/strong>Hranite ptice bez ograni\u010denja ovom hranom<\/p>\n<p>Dostupno u pakovanju od 1kg i 10kg<\/p>\n<p>Proizvo\u0111a\u010d: Versele Laga<br \/>\nZemlja porekla: Belgija (EU)<\/p>\n<\/div>\n\n    <div class=\"xs_social_share_widget xs_share_url after_content \t\tmain_content  wslu-style-1 wslu-share-box-shaped wslu-fill-colored wslu-none wslu-share-horizontal wslu-theme-font-no wslu-main_content\">\n\n\t\t\n        <ul>\n\t\t\t        <\/ul>\n    <\/div>","protected":false},"excerpt":{"rendered":"<div class=\"col-md-12 text-center\">\n<div class=\"col-md-12 text-center\">\n<div class=\"col-md-12 text-center\">\n<p>Kompletna vi\u0161ebojna\u00a0hrana namenjena ishrani velikih papagaja<\/p>\n<\/div>\n<\/div>\n<\/div>","protected":false},"featured_media":41361,"comment_status":"open","ping_status":"closed","template":"","meta":{"_acf_changed":false},"pwb-brand":[318],"product_cat":[1277,1119],"product_tag":[],"class_list":{"0":"post-41357","1":"product","2":"type-product","3":"status-publish","4":"has-post-thumbnail","6":"pwb-brand-versele-laga","7":"product_cat-hrana-za-ptice","8":"product_cat-ptice","10":"first","11":"instock","12":"taxable","13":"shipping-taxable","14":"purchasable","15":"product-type-variable","16":"has-default-attributes"},"acf":[],"brands":[{"id":318,"name":"Versele-Laga","slug":"versele-laga"}],"_links":{"self":[{"href":"https:\/\/pawz.rs\/en\/wp-json\/wp\/v2\/product\/41357","targetHints":{"allow":["GET"]}}],"collection":[{"href":"https:\/\/pawz.rs\/en\/wp-json\/wp\/v2\/product"}],"about":[{"href":"https:\/\/pawz.rs\/en\/wp-json\/wp\/v2\/types\/product"}],"replies":[{"embeddable":true,"href":"https:\/\/pawz.rs\/en\/wp-json\/wp\/v2\/comments?post=41357"}],"wp:featuredmedia":[{"embeddable":true,"href":"https:\/\/pawz.rs\/en\/wp-json\/wp\/v2\/media\/41361"}],"wp:attachment":[{"href":"https:\/\/pawz.rs\/en\/wp-json\/wp\/v2\/media?parent=41357"}],"wp:term":[{"taxonomy":"pwb-brand","embeddable":true,"href":"https:\/\/pawz.rs\/en\/wp-json\/wp\/v2\/pwb-brand?post=41357"},{"taxonomy":"product_cat","embeddable":true,"href":"https:\/\/pawz.rs\/en\/wp-json\/wp\/v2\/product_cat?post=41357"},{"taxonomy":"product_tag","embeddable":true,"href":"https:\/\/pawz.rs\/en\/wp-json\/wp\/v2\/product_tag?post=41357"}],"curies":[{"name":"wp","href":"https:\/\/api.w.org\/{rel}","templated":true}]}}