{"id":41362,"date":"2025-06-08T11:14:39","date_gmt":"2025-06-08T09:14:39","guid":{"rendered":"https:\/\/pawz.rs\/?post_type=product&#038;p=41362"},"modified":"2025-06-29T19:48:39","modified_gmt":"2025-06-29T17:48:39","slug":"versele-laga-nutribird-uni-patee","status":"publish","type":"product","link":"https:\/\/pawz.rs\/en\/versele-laga-nutribird-uni-patee\/","title":{"rendered":"Versele Laga NutriBird Uni Patee"},"content":{"rendered":"<p><strong>Versele Laga NutriBird Uni Patee<\/strong><\/p>\n<div class=\"col-md-12 text-center\">\n<div class=\"col-md-12 text-center\">\n<div class=\"col-md-12 text-center\">\n<div class=\"col-md-12 text-center\">\n<p>Kompletna hrana namenjena pticama koje jedu vo\u0107e i insekte<\/p>\n<\/div>\n<\/div>\n<\/div>\n<ul>\n<li>Univerzalna hrana sa velikom nutritivnom vredno\u0161\u0107u i i apsorpcijom nutrienata<\/li>\n<li>Oboga\u0107ena sa 100% prirodnim medom<\/li>\n<li>Mo\u017ee se davati \u010dista ili pome\u0161ana sa vo\u0107em<\/li>\n<li>Mo\u017ee se koristiti kao dodatna hrana bogata nutrientinma za mnoge druge vrste ptica<\/li>\n<li>Mali sadr\u017eaj gvo\u017e\u0111a. Manji od\u00a0\u00a0(&lt;70 ppm)<\/li>\n<\/ul>\n<p><strong>Sastav:\u00a0<\/strong>pekarski proizvodi, ekstrakti proteina biljnog porekla, semenje, \u0161e\u0107eri, ulja i masti, minerali, med, vo\u0107e, meku\u0161ci i rakovi<\/p>\n<p><strong>Analytical composition:\u00a0<\/strong>proteini 15,5%, masti 16%, sirovi pepeo 6%, sirova vlakna 2%, lizin 0,70%, metionin 0,30%, triptofan 0,15%, treonin 0,50%, kalcijum 1.30%, fosfor 0,70%, cistin 0,30%<\/p>\n<p><strong>Dodaci po kilogramu proizvoda: nutritivni dodaci:\u00a0<\/strong>Vitamin A 8400 IU, \u03b2-carotene 4.65 mg, Vitamin D3 1000 IU, Vitamin E 185 mg, Vitamin K3 1.60 mg, Vitamin B1 3.85 mg, Vitamin B2 8.60 mg, Kalcijum D-pantotenat 10.50 mg, Vitamin B6 3.20 mg, Vitamin B12 0.02 mg, Niacin 35 mg, Vitamin C 40 mg, Holin hlorid 1200 mg, Foli\u010dna kiselina 0.65 mg, Biotin 0.11 mg, 3b202 (jod) 2 mg, E4 (bakar) 10 mg, 3b502 (mangan) 100 mg, 3b605 (cink) 97 mg, E8 (selenijum) 0.20 mg<\/p>\n<p><strong>Uputstvo za upotrebu:\u00a0\u00a0<\/strong>Spremna za upotrebu bez dodatne pripreme.<br \/>\nBez ograni\u0107enja hranite ptice ovom hranom tokom \u010ditave godine.<br \/>\nRedovno dopunjujte<\/p>\n<p><strong>Resource Center<\/strong>: Pticama koje jedu insekte u ovu hranu se mo\u017ee dodati Orlux Insect Patee<\/p>\n<p>Dostupno u pakovanjima od 1kg i 5kg<\/p>\n<p>Proizvo\u0111a\u010d: Versele Laga<br \/>\nZemlja porekla: Belgija (EU)<\/p>\n<\/div>\n\n    <div class=\"xs_social_share_widget xs_share_url after_content \t\tmain_content  wslu-style-1 wslu-share-box-shaped wslu-fill-colored wslu-none wslu-share-horizontal wslu-theme-font-no wslu-main_content\">\n\n\t\t\n        <ul>\n\t\t\t        <\/ul>\n    <\/div>","protected":false},"excerpt":{"rendered":"<div class=\"col-md-12 text-center\">\n<div class=\"col-md-12 text-center\">\n<p>Kompletna hrana namenjena pticama koje jedu vo\u0107e i insekte<\/p>\n<\/div>\n<\/div>","protected":false},"featured_media":41365,"comment_status":"open","ping_status":"closed","template":"","meta":{"_acf_changed":false},"pwb-brand":[318],"product_cat":[1277,1119],"product_tag":[],"class_list":{"0":"post-41362","1":"product","2":"type-product","3":"status-publish","4":"has-post-thumbnail","6":"pwb-brand-versele-laga","7":"product_cat-hrana-za-ptice","8":"product_cat-ptice","10":"first","11":"instock","12":"taxable","13":"shipping-taxable","14":"purchasable","15":"product-type-variable","16":"has-default-attributes"},"acf":[],"brands":[{"id":318,"name":"Versele-Laga","slug":"versele-laga"}],"_links":{"self":[{"href":"https:\/\/pawz.rs\/en\/wp-json\/wp\/v2\/product\/41362","targetHints":{"allow":["GET"]}}],"collection":[{"href":"https:\/\/pawz.rs\/en\/wp-json\/wp\/v2\/product"}],"about":[{"href":"https:\/\/pawz.rs\/en\/wp-json\/wp\/v2\/types\/product"}],"replies":[{"embeddable":true,"href":"https:\/\/pawz.rs\/en\/wp-json\/wp\/v2\/comments?post=41362"}],"wp:featuredmedia":[{"embeddable":true,"href":"https:\/\/pawz.rs\/en\/wp-json\/wp\/v2\/media\/41365"}],"wp:attachment":[{"href":"https:\/\/pawz.rs\/en\/wp-json\/wp\/v2\/media?parent=41362"}],"wp:term":[{"taxonomy":"pwb-brand","embeddable":true,"href":"https:\/\/pawz.rs\/en\/wp-json\/wp\/v2\/pwb-brand?post=41362"},{"taxonomy":"product_cat","embeddable":true,"href":"https:\/\/pawz.rs\/en\/wp-json\/wp\/v2\/product_cat?post=41362"},{"taxonomy":"product_tag","embeddable":true,"href":"https:\/\/pawz.rs\/en\/wp-json\/wp\/v2\/product_tag?post=41362"}],"curies":[{"name":"wp","href":"https:\/\/api.w.org\/{rel}","templated":true}]}}