{"id":41366,"date":"2025-06-08T11:14:38","date_gmt":"2025-06-08T09:14:38","guid":{"rendered":"https:\/\/pawz.rs\/?post_type=product&#038;p=41366"},"modified":"2025-06-29T19:48:39","modified_gmt":"2025-06-29T17:48:39","slug":"versele-laga-nutribird-insect-patee-1kg","status":"publish","type":"product","link":"https:\/\/pawz.rs\/en\/versele-laga-nutribird-insect-patee-1kg\/","title":{"rendered":"Versele Laga NutriBird Insect Patee &#8211; 1kg"},"content":{"rendered":"<p class=\"my-3 tamnozelena2\"><strong>Versele Laga NutriBird Insect Patee &#8211; 1kg <\/strong><\/p>\n<div class=\"col-md-12 text-center\">\n<p>Kompletna hrana namenjena pticama koje jedu insekte<\/p>\n<ul>\n<li>Izbalansirana hrana sa proteinima \u017eivotinjskog porekla i minimum 25% insekata<\/li>\n<li>Bogata proteinima \u017eivotinjskog porekla i su\u0161enim insektima: mravljim jajima, meksi\u010dke larve, su\u0161ene vodene muve i insekti \u0161koljke ( minimum 25% )<\/li>\n<li>Preporu\u010duje se kod uzoga Evropskih zeba<\/li>\n<li>Kod vrsta zeba koje pevaju dovodi do vrhunske kondicije za takmi\u010denja<\/li>\n<\/ul>\n<p><strong>Sastav:\u00a0<\/strong>pekarski proizvodi, insekti, ekstrakti proteina biljnog porekla, semenje, \u0161e\u0107eri, ulja i masti, minerali, med, vo\u0107e, derivati biljnog porekla, ljuskari i rakovi<\/p>\n<p><strong>Analytical composition:\u00a0<\/strong>proteini 23,5%, masti 17%, sirovi pepeo 10%, sirova vlakna 2%, lizin 1%, metionin 0,55%, triptofan 0,20%, treonin 0,80%, kalcijum 1.20%, fosfor 0,80%, cistin 0,35%<\/p>\n<p><strong>Dodaci po kilogramu proizvoda:\u00a0<\/strong>nutritivni dodaci: Vitamin A 9300 IU, \u03b2-karoten 5.00 mg, Vitamin D3 1125 IU, Vitamin E 205 mg, Vitamin K3 1.80 mg, Vitamin B1 4.30 mg, Vitamin B2 9.60 mg, Kalcijum D-pantotenat 12 mg, Vitamin B6 3.6 mg, Vitamin B12 0.02 mg, Niacin 39 mg, Vitamin C 45 mg, Holin hlorid 1200 mg, Foli\u010dna kiselina 0.72 mg, Biotin 0.12 mg, 3b202 (jod) 2 mg, E4 (bakar) 10 mg, 3b502 (mangan) 100 mg, 3b605 (cink) 97 mg, E8 (selenijum) 0.20 mg<\/p>\n<p><strong>Uputstvo za upotrebu:<\/strong>\u00a0 Spremna za upotrebu bez dodatne pripreme.<br \/>\nBez ograni\u0107enja hranite ptice ovom hranom tokom \u010ditave godine.<br \/>\nRedovno dopunjujte<\/p>\n<p><strong>Saveti:<br \/>\n<\/strong>Po \u017eelji dodajte \u017eive insekte.<br \/>\nIdealna dopunska hrana za mnoge druge vrste ptica<\/p>\n<div id=\"info\" class=\"collapse show\">\n<div class=\"row\">\n<div class=\"col-sm-12\">Proizvo\u0111a\u010d: Versele Laga<br \/>\nZemlja porekla: Belgija (EU)<\/div>\n<\/div>\n<\/div>\n<\/div>\n\n    <div class=\"xs_social_share_widget xs_share_url after_content \t\tmain_content  wslu-style-1 wslu-share-box-shaped wslu-fill-colored wslu-none wslu-share-horizontal wslu-theme-font-no wslu-main_content\">\n\n\t\t\n        <ul>\n\t\t\t        <\/ul>\n    <\/div>","protected":false},"excerpt":{"rendered":"<p>Kompletna hrana namenjena pticama koje jedu insekte<\/p>","protected":false},"featured_media":41367,"comment_status":"open","ping_status":"closed","template":"","meta":{"_acf_changed":false},"pwb-brand":[318],"product_cat":[1277,1119],"product_tag":[],"class_list":{"0":"post-41366","1":"product","2":"type-product","3":"status-publish","4":"has-post-thumbnail","6":"pwb-brand-versele-laga","7":"product_cat-hrana-za-ptice","8":"product_cat-ptice","10":"first","11":"instock","12":"taxable","13":"shipping-taxable","14":"purchasable","15":"product-type-simple"},"acf":[],"brands":[{"id":318,"name":"Versele-Laga","slug":"versele-laga"}],"_links":{"self":[{"href":"https:\/\/pawz.rs\/en\/wp-json\/wp\/v2\/product\/41366","targetHints":{"allow":["GET"]}}],"collection":[{"href":"https:\/\/pawz.rs\/en\/wp-json\/wp\/v2\/product"}],"about":[{"href":"https:\/\/pawz.rs\/en\/wp-json\/wp\/v2\/types\/product"}],"replies":[{"embeddable":true,"href":"https:\/\/pawz.rs\/en\/wp-json\/wp\/v2\/comments?post=41366"}],"wp:featuredmedia":[{"embeddable":true,"href":"https:\/\/pawz.rs\/en\/wp-json\/wp\/v2\/media\/41367"}],"wp:attachment":[{"href":"https:\/\/pawz.rs\/en\/wp-json\/wp\/v2\/media?parent=41366"}],"wp:term":[{"taxonomy":"pwb-brand","embeddable":true,"href":"https:\/\/pawz.rs\/en\/wp-json\/wp\/v2\/pwb-brand?post=41366"},{"taxonomy":"product_cat","embeddable":true,"href":"https:\/\/pawz.rs\/en\/wp-json\/wp\/v2\/product_cat?post=41366"},{"taxonomy":"product_tag","embeddable":true,"href":"https:\/\/pawz.rs\/en\/wp-json\/wp\/v2\/product_tag?post=41366"}],"curies":[{"name":"wp","href":"https:\/\/api.w.org\/{rel}","templated":true}]}}