{"id":41368,"date":"2025-06-08T11:14:37","date_gmt":"2025-06-08T09:14:37","guid":{"rendered":"https:\/\/pawz.rs\/?post_type=product&#038;p=41368"},"modified":"2025-06-29T19:48:39","modified_gmt":"2025-06-29T17:48:39","slug":"versele-laga-nutribird-handmix-500g","status":"publish","type":"product","link":"https:\/\/pawz.rs\/en\/versele-laga-nutribird-handmix-500g\/","title":{"rendered":"Versele Laga NutriBird Handmix &#8211; 500g"},"content":{"rendered":"<p class=\"my-3 tamnozelena2\"><strong>Versele Laga NutriBird Handmix &#8211; 500g<\/strong><\/p>\n<div class=\"col-md-12 text-center\">\n<div class=\"col-md-12 text-center\">\n<p>Hrana za ru\u010dno hranjenje svih vrsta ptica<\/p>\n<p>Hrana napravljena na nau\u010dnoj bazi \u0161to dovodi do optimalnog rasta i razvoja mladih ptica, br\u017eeg mitarenja i boljih performansi na izlo\u017ebama.<\/p>\n<\/div>\n<ul>\n<li>Dodati prebiotici laktobacili u ovoj hrani ja\u010daju prirodni imunitet organizma ptica<\/li>\n<li>Dodati enzimi su odgovorni za dobru probavu i optimalnu apsorpciju nutrienata<\/li>\n<li>Po\u010detna hrana za ptice koje je te\u0161ko odgajati, one na\u0111ene u prirodi.<\/li>\n<li>Ova hrana slu\u017ei kako bi se ptice pripitomile.<\/li>\n<li>Dopunska hrana za bolesne ptice, one koje zaostaju u razvoju u odnosu na ostale u gnezdu ili su napu\u0161tene od strane roditelja<\/li>\n<\/ul>\n<p><strong>Sastav<\/strong>: pekarski proizvodi, ekstrakti proteina biljnog porekla, ulja i masti, derivati biljnog porekla, minerali, \u0161e\u010deri, kvasci, organske kiseline, psilijum, MOS, lecitin<\/p>\n<p><strong>Analiti\u010dki sastav<\/strong>: Proteini 21%, masti 9%, sirova vlakna 1.5%, sirovi pepeo 8.5%, lizin 1.25%, Metionin 0.54%, treonin 0.70%, triptofan 0.24%, kalcijum 1.15%, fosfor 0.60%, natrijum 0.40%, magnezijum 0.14%<\/p>\n<p><strong>Dodaci po kilogramu proizvoda: nutritivni dodaci<\/strong>: Vitamin A 7200 IU, 3a160a \u03b2-karoten 4.35 mg, Vitamin D3 1500 IU, Vitamin E 85 mg, Vitamin K3 3 mg, Vitamin B1 7.50 mg, Vitamin B2 16 mg, Kalcijum D-pantotenat 20 mg, Vitamin B6 6 mg, Vitamin B12 0.03 mg, Vitamin C 60 mg, Niacin 80 mg, Foli\u010dna kiselina 1.50 mg, Biotin 0.28 mg, Holin hlorid 790 mg, 3b202 (jodid) 2 mg, E4 (bakar) 10 mg, 3b503 (mangan) 100 mg, 3b605 (cink) 95 mg, E8 (selenijum) 0.20 mg;<\/p>\n<p><strong>Tehnolo\u0161ki dodaci<\/strong>: Bacillus subtilis C-3102 (DSM 15544) 22.10^8 CFU, Endo-1,4-\u03b2-xylanase (EC 3.2.1.8) 3000 EPU<\/p>\n<p><strong>Uputstvo za upotrebu<\/strong>:<br \/>\nPome\u0161ati prah sa vodom sobne temperature i dobro prome\u0161ati dok se prah ne istopi.<br \/>\nHraniti ptice cev\u010dicom za hranjenje ili \u0161pricem.<br \/>\nOva hrana mo\u017ee da se koristi kao jedina hrana pti\u0107a koji se ru\u010dno hrane i kao dopunska hrana za pti\u0107e u gnezdu<\/p>\n<p>Dostupno u pakovanju od 500 g<\/p>\n<div id=\"info\" class=\"collapse show\">\n<div class=\"row\">\n<div class=\"col-sm-12\">Proizvo\u0111a\u010d: Versele Laga<br \/>\nZemlja porekla: Belgija (EU)<\/div>\n<\/div>\n<\/div>\n<\/div>\n\n    <div class=\"xs_social_share_widget xs_share_url after_content \t\tmain_content  wslu-style-1 wslu-share-box-shaped wslu-fill-colored wslu-none wslu-share-horizontal wslu-theme-font-no wslu-main_content\">\n\n\t\t\n        <ul>\n\t\t\t        <\/ul>\n    <\/div>","protected":false},"excerpt":{"rendered":"<div class=\"col-md-12 text-center\">\n<p>Hrana za ru\u010dno hranjenje svih vrsta ptica<\/p>\n<\/div>","protected":false},"featured_media":41369,"comment_status":"open","ping_status":"closed","template":"","meta":{"_acf_changed":false},"pwb-brand":[318],"product_cat":[1277,1119],"product_tag":[],"class_list":{"0":"post-41368","1":"product","2":"type-product","3":"status-publish","4":"has-post-thumbnail","6":"pwb-brand-versele-laga","7":"product_cat-hrana-za-ptice","8":"product_cat-ptice","10":"first","11":"instock","12":"taxable","13":"shipping-taxable","14":"purchasable","15":"product-type-simple"},"acf":[],"brands":[{"id":318,"name":"Versele-Laga","slug":"versele-laga"}],"_links":{"self":[{"href":"https:\/\/pawz.rs\/en\/wp-json\/wp\/v2\/product\/41368","targetHints":{"allow":["GET"]}}],"collection":[{"href":"https:\/\/pawz.rs\/en\/wp-json\/wp\/v2\/product"}],"about":[{"href":"https:\/\/pawz.rs\/en\/wp-json\/wp\/v2\/types\/product"}],"replies":[{"embeddable":true,"href":"https:\/\/pawz.rs\/en\/wp-json\/wp\/v2\/comments?post=41368"}],"wp:featuredmedia":[{"embeddable":true,"href":"https:\/\/pawz.rs\/en\/wp-json\/wp\/v2\/media\/41369"}],"wp:attachment":[{"href":"https:\/\/pawz.rs\/en\/wp-json\/wp\/v2\/media?parent=41368"}],"wp:term":[{"taxonomy":"pwb-brand","embeddable":true,"href":"https:\/\/pawz.rs\/en\/wp-json\/wp\/v2\/pwb-brand?post=41368"},{"taxonomy":"product_cat","embeddable":true,"href":"https:\/\/pawz.rs\/en\/wp-json\/wp\/v2\/product_cat?post=41368"},{"taxonomy":"product_tag","embeddable":true,"href":"https:\/\/pawz.rs\/en\/wp-json\/wp\/v2\/product_tag?post=41368"}],"curies":[{"name":"wp","href":"https:\/\/api.w.org\/{rel}","templated":true}]}}