{"id":41375,"date":"2025-06-07T17:00:26","date_gmt":"2025-06-07T15:00:26","guid":{"rendered":"https:\/\/pawz.rs\/?post_type=product&#038;p=41375"},"modified":"2025-06-29T19:48:39","modified_gmt":"2025-06-29T17:48:39","slug":"versele-laga-nutribird-tropical-fruit-patee","status":"publish","type":"product","link":"https:\/\/pawz.rs\/en\/versele-laga-nutribird-tropical-fruit-patee\/","title":{"rendered":"Versele Laga NutriBird Tropical Fruit Patee"},"content":{"rendered":"<p><strong>Versele Laga NutriBird Tropical Fruit Patee<\/strong><\/p>\n<div class=\"col-md-12 text-center\">\n<div class=\"col-md-12 text-center\">\n<div class=\"col-md-12 text-center\">\n<div class=\"col-md-12 text-center\">\n<div class=\"col-md-12 text-center\">\n<p>Kompletna hrana za ptice koje se hrane vo\u0107em<\/p>\n<\/div>\n<\/div>\n<\/div>\n<\/div>\n<ul>\n<li>Izbalansirana vo\u0107na pa\u0161teta koja sadr\u017ei sve neophodne nutriente<\/li>\n<li>25% su\u0161enog vo\u0107a: kajsije, ananas, papaja, jabuke, oskoru\u0161a, suvo gro\u017e\u0111e<\/li>\n<li>Mali udeo gvo\u017e\u0111a<\/li>\n<li>Sadr\u017ei Spirulinu<\/li>\n<li>Osigurava dobru apsorpciju. Idealna je da se u nju dodaju suplementi ili lekovi<\/li>\n<li>Nutrienti osiguravaju bujno perje<\/li>\n<li>Optimalan sadr\u017eaj kalcijuma i fosfora za zdrave kosti<\/li>\n<\/ul>\n<p><strong>Sastav:\u00a0<\/strong>pekarski proizvodi, vo\u0107e 20%, ekstrakt proteina povr\u0107a, ulja i masti, med, \u0161e\u0107eri, minerali, alge (spirulina), FOS, MOS<\/p>\n<p><strong>Analytical composition:\u00a0<\/strong>proteini 15%, masti 15%, sirova vlakna 2%, sirovi pepeo 5,5%, kalcijum 1,4%, fosfor 0,6%, metionin 0,25%, lizin 0,9%, treonin 0,55%, triptofan 0,15%, cistin 0,25%<\/p>\n<p><strong>Dodaci po kg proizvoda:\u00a0<\/strong>Vitamin A 8400 IU, Vitamin D3 1000 IU, \u03b2-karoten 4.65 mg, Vitamin E 185 mg, Vitamin B1 3.85 mg, Vitamin B2 8.6 mg, Kalcijum-D-pantotenat 10.5 mg, Vitamin B6 3.2 mg, Vitamin B12 0.02 mg, Vitamin C 40 mg, Niacin 35 mg, Folna kiselina\u00a0 0.65 mg, Biotin 0.11 mg, Holine hlorid 1200 mg, 3b202 (iodine) 2 mg, 3b405 (bakar) 10 mg, 3b503 (mangan) 100 mg, 3b605 (cink) 97 mg, 3b802 (selenijum) 0.2 mg<\/p>\n<p><strong>Uputstvo za hranjenje:<\/strong><br \/>\nDavati pticama bez ograni\u010denja<\/p>\n<p>Proizvo\u0111a\u010d: Versele Laga<br \/>\nZemlja porekla: Belgija (EU)<\/p>\n<\/div>\n\n    <div class=\"xs_social_share_widget xs_share_url after_content \t\tmain_content  wslu-style-1 wslu-share-box-shaped wslu-fill-colored wslu-none wslu-share-horizontal wslu-theme-font-no wslu-main_content\">\n\n\t\t\n        <ul>\n\t\t\t        <\/ul>\n    <\/div>","protected":false},"excerpt":{"rendered":"<div class=\"col-md-12 text-center\">\n<div class=\"col-md-12 text-center\">\n<div class=\"col-md-12 text-center\">\n<p>Kompletna hrana za ptice koje se hrane vo\u0107em<\/p>\n<\/div>\n<\/div>\n<\/div>","protected":false},"featured_media":41378,"comment_status":"open","ping_status":"closed","template":"","meta":{"_acf_changed":false},"pwb-brand":[318],"product_cat":[1277,1119],"product_tag":[],"class_list":{"0":"post-41375","1":"product","2":"type-product","3":"status-publish","4":"has-post-thumbnail","6":"pwb-brand-versele-laga","7":"product_cat-hrana-za-ptice","8":"product_cat-ptice","10":"first","11":"instock","12":"taxable","13":"shipping-taxable","14":"purchasable","15":"product-type-variable","16":"has-default-attributes"},"acf":[],"brands":[{"id":318,"name":"Versele-Laga","slug":"versele-laga"}],"_links":{"self":[{"href":"https:\/\/pawz.rs\/en\/wp-json\/wp\/v2\/product\/41375","targetHints":{"allow":["GET"]}}],"collection":[{"href":"https:\/\/pawz.rs\/en\/wp-json\/wp\/v2\/product"}],"about":[{"href":"https:\/\/pawz.rs\/en\/wp-json\/wp\/v2\/types\/product"}],"replies":[{"embeddable":true,"href":"https:\/\/pawz.rs\/en\/wp-json\/wp\/v2\/comments?post=41375"}],"wp:featuredmedia":[{"embeddable":true,"href":"https:\/\/pawz.rs\/en\/wp-json\/wp\/v2\/media\/41378"}],"wp:attachment":[{"href":"https:\/\/pawz.rs\/en\/wp-json\/wp\/v2\/media?parent=41375"}],"wp:term":[{"taxonomy":"pwb-brand","embeddable":true,"href":"https:\/\/pawz.rs\/en\/wp-json\/wp\/v2\/pwb-brand?post=41375"},{"taxonomy":"product_cat","embeddable":true,"href":"https:\/\/pawz.rs\/en\/wp-json\/wp\/v2\/product_cat?post=41375"},{"taxonomy":"product_tag","embeddable":true,"href":"https:\/\/pawz.rs\/en\/wp-json\/wp\/v2\/product_tag?post=41375"}],"curies":[{"name":"wp","href":"https:\/\/api.w.org\/{rel}","templated":true}]}}