{"id":41398,"date":"2025-06-09T16:53:26","date_gmt":"2025-06-09T14:53:26","guid":{"rendered":"https:\/\/pawz.rs\/?post_type=product&#038;p=41398"},"modified":"2026-02-01T13:14:31","modified_gmt":"2026-02-01T12:14:31","slug":"versele-laga-oropharma-canto-vit-liquid-30ml","status":"publish","type":"product","link":"https:\/\/pawz.rs\/en\/versele-laga-oropharma-canto-vit-liquid-30ml\/","title":{"rendered":"Versele Laga Oropharma Canto-Vit Liquid &#8211; 30ml"},"content":{"rendered":"<p><strong>Versele Laga Oropharma Canto-Vit Liquid &#8211; 30ml<\/strong><\/p>\n<div class=\"col-md-12 text-center\">\n<p>Multi-vitaminski dodatak ishrani sa dodatim vitaminom E\u00a0 koji potpoma\u017ee pevanje ptica peva\u010dica i plodnost<\/p>\n<p>Oropharma Canto-Vit Liquid je te\u010dna me\u0161avina vitamina i amino kiselina oboga\u0107ena dodatim vitaminom E.<\/p>\n<p>Posebno je formulisana kako bi potpomogla pevanje kod ptica peva\u010dica i plodnost. Vitamin E je biolo\u0161ki antioksidans: \u0161titi \u0107elijsku strukturu ptica i potpoma\u017ee plodnost tokom sezone parenja.<\/p>\n<p>Canto-Vit Liquid sa svojim jedinstveni sastavom osigurava savr\u0161en kvalitet pevanja kod kanarinaca i zeba i pobolj\u0161ava plodnost<\/p>\n<ul>\n<li>Osigurava savr\u0161en kvalitet pevanja kod kanarinaca i zeba<\/li>\n<li>Potpoma\u017ee plodnost i nagon za parenjem<\/li>\n<\/ul>\n<p><strong>Sastav:\u00a0<\/strong>Saharomicis\u00a0\u00a0cerevisiae, natrijum hlorid, amino kiseline, vitamini<\/p>\n<p><strong>Analytical composition:\u00a0<\/strong>L-alanin 1720 mg, L-arginin 1000 mg, L-cistein 100 mg, L-glutamin 1720 mg, L-histidin 140 mg, L-isoleucin 188 mg, L-leucin 528 mg, L-penilalanin 300 mg, L-prolin 2720 mg, L-serin 150 mg, L-tirosin 50 mg, L-valin 428 mg, Glicin 4000 mg, Asparagin 1040 mg, Ornitin 500 mg<\/p>\n<p><strong>Dodaci po kilogramu proizvoda: Nutritivni dodaci:<\/strong>\u00a0Vitamin A 1500000 UI, Vitamin D3 80000 UI, Vitamin E 15000 mg, Vitamin C 10000 mg, Vitamin K3 25 mg, Vitamin B1 250 mg, Vitamin B2 250 mg, Vitamin B6 150 mg, Vitamin B12 1 mg, Vitamin PP 200 mg, Biotin 3 mg, Holin hlorid 20000 mg, D-pantoteni\u010dna kiselina 500 mg, L-lizin 3000 mg, L-treonin 840 mg, L-triptofan 300 mg, DL-metionin 2000 mg;<\/p>\n<p><strong>Tehnolo\u0161ki dodaci:\u00a0<\/strong>Konzervansi<\/p>\n<p><strong>Uputstvo za upotrebu:<\/strong>\u00a02 do 3 puta nedeljno sipajte 15 kapi te\u010dnosti u 50 ml \u010diste pija\u0107e vode.<br \/>\nSvaki put pripremajte sve\u017eu koli\u010dinu.<\/p>\n<p>Zebama i ostalim pticama peva\u010dicama davati tri puta nedeljno tokom sezone takmi\u010denja<\/p>\n<p>Tokom pripreme za sezonu parenja (tri do \u010detiri nedelje), dok se ne izlegne prvo jaje davati svaki dan<\/p>\n<p>\u010cuvati na suvom i hladnom mestu<\/p>\n<p>Dostupno u pakovanju od 30ml<\/p>\n<p>Proizvo\u0111a\u010d: Versele Laga<br \/>\nZemlja porekla: Belgija (EU)<\/p>\n<\/div>\n\n    <div class=\"xs_social_share_widget xs_share_url after_content \t\tmain_content  wslu-style-1 wslu-share-box-shaped wslu-fill-colored wslu-none wslu-share-horizontal wslu-theme-font-no wslu-main_content\">\n\n\t\t\n        <ul>\n\t\t\t        <\/ul>\n    <\/div>","protected":false},"excerpt":{"rendered":"<div class=\"col-md-12 text-center\">\n<p>Multi-vitaminski dodatak ishrani sa dodatim vitaminom E\u00a0 koji potpoma\u017ee pevanje ptica peva\u010dica i plodnost<\/p>\n<\/div>","protected":false},"featured_media":41399,"comment_status":"open","ping_status":"closed","template":"","meta":{"_acf_changed":false},"pwb-brand":[318],"product_cat":[1280,1119],"product_tag":[],"class_list":{"0":"post-41398","1":"product","2":"type-product","3":"status-publish","4":"has-post-thumbnail","6":"pwb-brand-versele-laga","7":"product_cat-dodaci-ishrani-za-ptice","8":"product_cat-ptice","10":"first","11":"instock","12":"taxable","13":"shipping-taxable","14":"purchasable","15":"product-type-simple"},"acf":[],"brands":[{"id":318,"name":"Versele-Laga","slug":"versele-laga"}],"_links":{"self":[{"href":"https:\/\/pawz.rs\/en\/wp-json\/wp\/v2\/product\/41398","targetHints":{"allow":["GET"]}}],"collection":[{"href":"https:\/\/pawz.rs\/en\/wp-json\/wp\/v2\/product"}],"about":[{"href":"https:\/\/pawz.rs\/en\/wp-json\/wp\/v2\/types\/product"}],"replies":[{"embeddable":true,"href":"https:\/\/pawz.rs\/en\/wp-json\/wp\/v2\/comments?post=41398"}],"wp:featuredmedia":[{"embeddable":true,"href":"https:\/\/pawz.rs\/en\/wp-json\/wp\/v2\/media\/41399"}],"wp:attachment":[{"href":"https:\/\/pawz.rs\/en\/wp-json\/wp\/v2\/media?parent=41398"}],"wp:term":[{"taxonomy":"pwb-brand","embeddable":true,"href":"https:\/\/pawz.rs\/en\/wp-json\/wp\/v2\/pwb-brand?post=41398"},{"taxonomy":"product_cat","embeddable":true,"href":"https:\/\/pawz.rs\/en\/wp-json\/wp\/v2\/product_cat?post=41398"},{"taxonomy":"product_tag","embeddable":true,"href":"https:\/\/pawz.rs\/en\/wp-json\/wp\/v2\/product_tag?post=41398"}],"curies":[{"name":"wp","href":"https:\/\/api.w.org\/{rel}","templated":true}]}}