{"id":41402,"date":"2025-06-09T16:53:25","date_gmt":"2025-06-09T14:53:25","guid":{"rendered":"https:\/\/pawz.rs\/?post_type=product&#038;p=41402"},"modified":"2026-02-01T13:13:28","modified_gmt":"2026-02-01T12:13:28","slug":"versele-laga-oropharma-ferti-vit","status":"publish","type":"product","link":"https:\/\/pawz.rs\/en\/versele-laga-oropharma-ferti-vit\/","title":{"rendered":"Versele Laga Oropharma Ferti-Vit"},"content":{"rendered":"<p><strong>Versele Laga Oropharma Ferti-Vit<\/strong><\/p>\n<div class=\"col-md-12 text-center\">\n<div class=\"col-md-12 text-center\">\n<p>Multi-vitaminski dodatak ishrani ptica koji potpoma\u017ee plodnost i doprinosi vitalnosti ptica<\/p>\n<\/div>\n<p>Oropharma Ferti-Vit je dobro izbalansirana me\u0161avina vitamina, amino kiselina i elemenata u tragovima oboga\u0107ena vitaminom E.<\/p>\n<p>Koristi se tokom priprem za sezonu parenja, za pobolj\u0161avanje kvaliteta pevanja kanarinaca i zeba, u slu\u010dajevima poreme\u0107aja prodnosti i leganja jaja i u slu\u010dajevima smrti jaja.<\/p>\n<p>Ferti-Vit potpoma\u017ee parenje i plodnost. Tokom sezone parenja pticama je potreban optimalan miks vitamina, amino kiselina i i elemenata u tragovima.<\/p>\n<p>Esencijalni vitamin E, nazvan i vitaminom plodnosti je i jak antioksidans. Ferti-Vit ne potpoma\u017ee samo kod parenja ve\u0107 oja\u010dava imunitet i \u0161titi sr\u010dano i mi\u0161i\u0107no tkivo.<\/p>\n<ul>\n<li>Koristi se u sezoni parenja i kod poreme\u0107aja leganja jaja ili problema sa plodno\u0161\u0107u<\/li>\n<li>Potpoma\u017ee parenje i plodnost<\/li>\n<li>Oja\u010dava imunitet i \u0161titi od infekcija<\/li>\n<\/ul>\n<p><strong>Sastav<\/strong>: Glukoza, maltrodekstrin<\/p>\n<p><strong>Dodaci po kilogramu proizvoda: Nutritivni dodaci:<\/strong>\u00a0vitamin A 2750000 IU, vitamin D3 200000 IU, vitamin E 46000 mg, vitamin K3 600 mg, vitamin B1 800 mg, vitamin B2 3200 mg, Kalcijum D-pantotenat 2200 mg, vitamin B6 1200 mg, vitamin B12 5 mg, vitamin C 12000 mg, niacin 16000 mg, foli\u010dna kiselina 300 mg, biotin 30 mg, 3.2.3. L-lizin 18250 mg, 3c301 DL-metionin 27300 mg, E1 (gvo\u017e\u0111e) 2260 mg, E4 (bakar) 450 mg, E5 (mangan) 4500 mg, 3b605 (cink) 4000 mg, 3b202 (jod) 90 mg, 3b8.11 (selenijum) 18 mg;<\/p>\n<p><strong>Tehnolo\u0161ki dodaci:<\/strong>\u00a0Antioksidansi<\/p>\n<p><strong>Uputstvo za upotrebu:<\/strong><\/p>\n<p>1 merica ( oko 1 gram ) na 100 grama jaj\u010dane hrane ili 250 ml sve\u017ee pija\u0107e vode<\/p>\n<p>Tokom priprema za sezonu parenja (3 do 4 nedelje) dok se ne izlegne prvo jaje davati preparat svakoga dana<\/p>\n<p>Zebama i ostalim pticama koje se takmi\u010de\u00a0 davati tri puta nedeljno tokom sezone takmi\u010denja<\/p>\n<p>\u010cuvati na suvom i hladnom mestu<\/p>\n<p>Dostupno u pakovanjima od 25 g i 200 g<\/p>\n<p>Proizvo\u0111a\u010d: Versele Laga<br \/>\nZemlja porekla: Belgija (EU)<\/p>\n<\/div>\n\n    <div class=\"xs_social_share_widget xs_share_url after_content \t\tmain_content  wslu-style-1 wslu-share-box-shaped wslu-fill-colored wslu-none wslu-share-horizontal wslu-theme-font-no wslu-main_content\">\n\n\t\t\n        <ul>\n\t\t\t        <\/ul>\n    <\/div>","protected":false},"excerpt":{"rendered":"<div class=\"col-md-12 text-center\">\n<div class=\"col-md-12 text-center\">\n<p>Multi-vitaminski dodatak ishrani ptica koji potpoma\u017ee plodnost i doprinosi vitalnosti ptica<\/p>\n<\/div>\n<\/div>","protected":false},"featured_media":41405,"comment_status":"open","ping_status":"closed","template":"","meta":{"_acf_changed":false},"pwb-brand":[318],"product_cat":[1280,1119],"product_tag":[],"class_list":{"0":"post-41402","1":"product","2":"type-product","3":"status-publish","4":"has-post-thumbnail","6":"pwb-brand-versele-laga","7":"product_cat-dodaci-ishrani-za-ptice","8":"product_cat-ptice","10":"first","11":"instock","12":"taxable","13":"shipping-taxable","14":"purchasable","15":"product-type-variable","16":"has-default-attributes"},"acf":[],"brands":[{"id":318,"name":"Versele-Laga","slug":"versele-laga"}],"_links":{"self":[{"href":"https:\/\/pawz.rs\/en\/wp-json\/wp\/v2\/product\/41402","targetHints":{"allow":["GET"]}}],"collection":[{"href":"https:\/\/pawz.rs\/en\/wp-json\/wp\/v2\/product"}],"about":[{"href":"https:\/\/pawz.rs\/en\/wp-json\/wp\/v2\/types\/product"}],"replies":[{"embeddable":true,"href":"https:\/\/pawz.rs\/en\/wp-json\/wp\/v2\/comments?post=41402"}],"wp:featuredmedia":[{"embeddable":true,"href":"https:\/\/pawz.rs\/en\/wp-json\/wp\/v2\/media\/41405"}],"wp:attachment":[{"href":"https:\/\/pawz.rs\/en\/wp-json\/wp\/v2\/media?parent=41402"}],"wp:term":[{"taxonomy":"pwb-brand","embeddable":true,"href":"https:\/\/pawz.rs\/en\/wp-json\/wp\/v2\/pwb-brand?post=41402"},{"taxonomy":"product_cat","embeddable":true,"href":"https:\/\/pawz.rs\/en\/wp-json\/wp\/v2\/product_cat?post=41402"},{"taxonomy":"product_tag","embeddable":true,"href":"https:\/\/pawz.rs\/en\/wp-json\/wp\/v2\/product_tag?post=41402"}],"curies":[{"name":"wp","href":"https:\/\/api.w.org\/{rel}","templated":true}]}}