{"id":41406,"date":"2025-06-09T16:53:24","date_gmt":"2025-06-09T14:53:24","guid":{"rendered":"https:\/\/pawz.rs\/?post_type=product&#038;p=41406"},"modified":"2026-02-01T13:13:28","modified_gmt":"2026-02-01T12:13:28","slug":"versele-laga-oropharma-omni-vit-liquid-30ml","status":"publish","type":"product","link":"https:\/\/pawz.rs\/en\/versele-laga-oropharma-omni-vit-liquid-30ml\/","title":{"rendered":"Versele Laga Oropharma Omni-Vit Liquid- 30ml"},"content":{"rendered":"<p><strong>Versele Laga Oropharma Omni-Vit Liquid &#8211; 30ml<\/strong><\/p>\n<div class=\"col-md-12 text-center\">\n<div class=\"col-md-12 text-center\">\n<p>Multi-vitaminski dodatak ishrani koji poma\u017ee da organizam ptica bude u vrhunskoj kondiciji posebno tokom sezone parenja<\/p>\n<\/div>\n<p>Oropharma Omni-Vit Liquid je te\u010dna me\u0161avina vitamina i amino kiselina.<\/p>\n<p>Posebno je formulisana kako bi organizam ptica bio u vrhunskoj kondiciji posebno tokom sezone parenja.<\/p>\n<p>Ovaj dodatak ishrani deluje brzo i efikasno uklanjaju\u0107i posledice neadekvatne ishrane i osiguravaju\u0107i vrhunsko stanje organizma ptica.<\/p>\n<p>Tako\u0111e je vrlo efikasan u podizanju imuniteta \u010diji je pad posledica infekcija, slabljenja ili stresa.<\/p>\n<ul>\n<li>Vitaminski dodatak koji deluje brzo i efikasno<\/li>\n<li>Vrlo efikasan u podizanju imuniteta \u010diji je pad posledica infekcija, slabljenja ili stresa<\/li>\n<li>Dovodi organizam ptica u vhunsku kondiciju posebno tokom sezone parenja<\/li>\n<\/ul>\n<p><strong>Sastav:\u00a0<\/strong>Saharomicis\u00a0\u00a0cerevisiae, natrijum hlorid, amino kiseline, vitamini<\/p>\n<p><strong>Analytical composition:\u00a0<\/strong>L-alanin 1720 mg, L-arginin 1000 mg, L-cistein 100 mg, L-glutamin 1720 mg, L-histidin 140 mg, L-isoleucin 188 mg, L-leucin 528 mg, L-penilalanin 300 mg, L-prolin 2720 mg, L-serin 150 mg, L-tirosin 50 mg, L-valin 428 mg, Glicin 4000 mg, Asparagin 1040 mg, Ornitin 500 mg<\/p>\n<p><strong>Dodaci po kilogramu proizvoda: Nutritivni dodaci:<\/strong>\u00a0Vitamin A 1500000 UI, Vitamin D3 80000 UI, Vitamin E 15000 mg, Vitamin C 10000 mg, Vitamin K3 25 mg, Vitamin B1 250 mg, Vitamin B2 250 mg, Vitamin B6 150 mg, Vitamin B12 1 mg, Vitamin PP 200 mg, Biotin 3 mg, Holin hlorid 20000 mg, D-pantoteni\u010dna kiselina 500 mg, L-lizin 3000 mg, L-treonin 840 mg, L-triptofan 300 mg, DL-metionin 1500 mg;<\/p>\n<p><strong>Tehnolo\u0161ki dodaci:\u00a0<\/strong>Konzervansi<\/p>\n<p><strong>Uputstvo za upotrebu:<\/strong>\u00a02 do 3 puta nedeljno sipajte 15 kapi te\u010dnosti u 50 ml \u010diste pija\u0107e vode. Svaki put pripremajte sve\u017eu koli\u010dinu. \u010cuvati na suvom i hladnom mestu<\/p>\n<p>Dostupno u pakovanju od 30ml<\/p>\n<p>Proizvo\u0111a\u010d: Versele Laga<br \/>\nZemlja porekla: Belgija (EU)<\/p>\n<\/div>\n\n    <div class=\"xs_social_share_widget xs_share_url after_content \t\tmain_content  wslu-style-1 wslu-share-box-shaped wslu-fill-colored wslu-none wslu-share-horizontal wslu-theme-font-no wslu-main_content\">\n\n\t\t\n        <ul>\n\t\t\t        <\/ul>\n    <\/div>","protected":false},"excerpt":{"rendered":"<div class=\"col-md-12 text-center\">\n<div class=\"col-md-12 text-center\">\n<p>Multi-vitaminski dodatak ishrani koji poma\u017ee da organizam ptica bude u vrhunskoj kondiciji posebno tokom sezone parenja<\/p>\n<\/div>\n<\/div>","protected":false},"featured_media":41407,"comment_status":"open","ping_status":"closed","template":"","meta":{"_acf_changed":false},"pwb-brand":[318],"product_cat":[1280,1119],"product_tag":[],"class_list":{"0":"post-41406","1":"product","2":"type-product","3":"status-publish","4":"has-post-thumbnail","6":"pwb-brand-versele-laga","7":"product_cat-dodaci-ishrani-za-ptice","8":"product_cat-ptice","10":"first","11":"instock","12":"taxable","13":"shipping-taxable","14":"purchasable","15":"product-type-simple"},"acf":[],"brands":[{"id":318,"name":"Versele-Laga","slug":"versele-laga"}],"_links":{"self":[{"href":"https:\/\/pawz.rs\/en\/wp-json\/wp\/v2\/product\/41406","targetHints":{"allow":["GET"]}}],"collection":[{"href":"https:\/\/pawz.rs\/en\/wp-json\/wp\/v2\/product"}],"about":[{"href":"https:\/\/pawz.rs\/en\/wp-json\/wp\/v2\/types\/product"}],"replies":[{"embeddable":true,"href":"https:\/\/pawz.rs\/en\/wp-json\/wp\/v2\/comments?post=41406"}],"wp:featuredmedia":[{"embeddable":true,"href":"https:\/\/pawz.rs\/en\/wp-json\/wp\/v2\/media\/41407"}],"wp:attachment":[{"href":"https:\/\/pawz.rs\/en\/wp-json\/wp\/v2\/media?parent=41406"}],"wp:term":[{"taxonomy":"pwb-brand","embeddable":true,"href":"https:\/\/pawz.rs\/en\/wp-json\/wp\/v2\/pwb-brand?post=41406"},{"taxonomy":"product_cat","embeddable":true,"href":"https:\/\/pawz.rs\/en\/wp-json\/wp\/v2\/product_cat?post=41406"},{"taxonomy":"product_tag","embeddable":true,"href":"https:\/\/pawz.rs\/en\/wp-json\/wp\/v2\/product_tag?post=41406"}],"curies":[{"name":"wp","href":"https:\/\/api.w.org\/{rel}","templated":true}]}}