{"id":41408,"date":"2025-06-09T16:53:23","date_gmt":"2025-06-09T14:53:23","guid":{"rendered":"https:\/\/pawz.rs\/?post_type=product&#038;p=41408"},"modified":"2026-02-01T13:13:28","modified_gmt":"2026-02-01T12:13:28","slug":"versele-laga-oropharma-omni-vit","status":"publish","type":"product","link":"https:\/\/pawz.rs\/en\/versele-laga-oropharma-omni-vit\/","title":{"rendered":"Versele Laga Oropharma Omni-Vit"},"content":{"rendered":"<p><strong>Versele Laga Oropharma Omni-Vit<\/strong><\/p>\n<div class=\"col-md-12 text-center\">\n<div class=\"col-md-12 text-center\">\n<div class=\"col-md-12 text-center\">\n<p>Multi-vitaminski dodatak ishrani koji poma\u017ee da organizam ptica bude u vrhunskoj kondiciji posebno tokom sezone parenja<\/p>\n<\/div>\n<\/div>\n<p>Oropharma Omni-Vit\u00a0 je te\u010dna me\u0161avina vitamina, amino kiselina i elemenata u tragovima. Posebno je formulisana kako bi organizam ptica bio u vrhunskoj kondiciji posebno tokom sezone parenja.<\/p>\n<p>Ovaj dodatak ishrani deluje brzo i efikasno uklanjaju\u0107i posledice neadekvatne ishrane, osigurava vrhunsko stanje organizma ptica i doprinosi optimalnom razvoju pti\u0107a.<\/p>\n<p>Tako\u0111e je vrlo efikasan u podizanju imuniteta \u010diji je pad posledica infekcija, slabljenja ili stresa.<\/p>\n<ul>\n<li>Vitaminski dodatak koji deluje brzo i efikasno<\/li>\n<li>Vrlo efikasan u podizanju imuniteta \u010diji je pad posledica infekcija, slabljenja ili stresa<\/li>\n<li>Dovodi organizam ptica u vhunsku kondiciju posebno tokom sezone parenja<\/li>\n<\/ul>\n<p><strong>Sastav:\u00a0<\/strong>Glukoza, maltrodekstrin<\/p>\n<p><strong>Dodaci po kilogramu proizvoda: Nutritivni dodaci:<\/strong>\u00a0vitamin A 3025000 IU, vitamin D3 220000 IU, vitamin E 7700 mg, vitamin K3 660 mg, vitamin B1 880 mg, vitamin B2 3520 mg, kalcijum D-pantotenat 2420 mg, vitamin B6 1320 mg, vitamin B12 5.5 mg, vitamin C 13200 mg, niacin 17600 mg, foli\u010dna kiselina 330 mg, biotin 33 mg, 3.2.3. L-lizin 15000 mg, 3c301 DL-metionin 20000 mg, E1 (gvo\u017e\u0111e) 2500 mg, E4 (bakar) 500 mg, E5 (mangan) 4960 mg, 3b605 (cink) 4480 mg, 3b202 (jod) 100 mg, 3b8.11 (selenijum) 20 mg;<\/p>\n<p><strong>Tehnolo\u0161ki dodaci:\u00a0<\/strong>Antioksidansi<\/p>\n<p><strong>Uputstvo za upotrebu:<\/strong><\/p>\n<p>1. 1 ka\u0161ika (oko 1 gram) proizvoda se dodaje u 100 grama Orlux jaj\u010dane hrane ili 250 ml sve\u017ee pija\u0107e vode<\/p>\n<p>2. Tokom cele godine za odr\u017eavanje optimalne kondicije: davati jednom nedeljno<\/p>\n<p>2. Tokom sezone parenja davati dva puta nedeljno<\/p>\n<p>3. Kod oporavka od bolesti davati pet dana uzastopce<\/p>\n<p>4. Nakon vakcinacije davati 3 dana za redom<\/p>\n<p>\u010cuvati na suvom i hladnom mestu<\/p>\n<p>Dostupno u pakovanjima od 25 g i 200 g<\/p>\n<p>Proizvo\u0111a\u010d: Versele Laga<br \/>\nZemlja porekla: Belgija (EU)<\/p>\n<\/div>\n\n    <div class=\"xs_social_share_widget xs_share_url after_content \t\tmain_content  wslu-style-1 wslu-share-box-shaped wslu-fill-colored wslu-none wslu-share-horizontal wslu-theme-font-no wslu-main_content\">\n\n\t\t\n        <ul>\n\t\t\t        <\/ul>\n    <\/div>","protected":false},"excerpt":{"rendered":"<div class=\"col-md-12 text-center\">\n<div class=\"col-md-12 text-center\">\n<div class=\"col-md-12 text-center\">\n<p>Multi-vitaminski dodatak ishrani koji poma\u017ee da organizam ptica bude u vrhunskoj kondiciji posebno tokom sezone parenja<\/p>\n<\/div>\n<\/div>\n<\/div>","protected":false},"featured_media":41412,"comment_status":"open","ping_status":"closed","template":"","meta":{"_acf_changed":false},"pwb-brand":[318],"product_cat":[1280,1119],"product_tag":[],"class_list":{"0":"post-41408","1":"product","2":"type-product","3":"status-publish","4":"has-post-thumbnail","6":"pwb-brand-versele-laga","7":"product_cat-dodaci-ishrani-za-ptice","8":"product_cat-ptice","10":"first","11":"instock","12":"taxable","13":"shipping-taxable","14":"purchasable","15":"product-type-variable","16":"has-default-attributes"},"acf":[],"brands":[{"id":318,"name":"Versele-Laga","slug":"versele-laga"}],"_links":{"self":[{"href":"https:\/\/pawz.rs\/en\/wp-json\/wp\/v2\/product\/41408","targetHints":{"allow":["GET"]}}],"collection":[{"href":"https:\/\/pawz.rs\/en\/wp-json\/wp\/v2\/product"}],"about":[{"href":"https:\/\/pawz.rs\/en\/wp-json\/wp\/v2\/types\/product"}],"replies":[{"embeddable":true,"href":"https:\/\/pawz.rs\/en\/wp-json\/wp\/v2\/comments?post=41408"}],"wp:featuredmedia":[{"embeddable":true,"href":"https:\/\/pawz.rs\/en\/wp-json\/wp\/v2\/media\/41412"}],"wp:attachment":[{"href":"https:\/\/pawz.rs\/en\/wp-json\/wp\/v2\/media?parent=41408"}],"wp:term":[{"taxonomy":"pwb-brand","embeddable":true,"href":"https:\/\/pawz.rs\/en\/wp-json\/wp\/v2\/pwb-brand?post=41408"},{"taxonomy":"product_cat","embeddable":true,"href":"https:\/\/pawz.rs\/en\/wp-json\/wp\/v2\/product_cat?post=41408"},{"taxonomy":"product_tag","embeddable":true,"href":"https:\/\/pawz.rs\/en\/wp-json\/wp\/v2\/product_tag?post=41408"}],"curies":[{"name":"wp","href":"https:\/\/api.w.org\/{rel}","templated":true}]}}