{"id":41415,"date":"2025-06-09T16:53:22","date_gmt":"2025-06-09T14:53:22","guid":{"rendered":"https:\/\/pawz.rs\/?post_type=product&#038;p=41415"},"modified":"2026-02-01T13:13:29","modified_gmt":"2026-02-01T12:13:29","slug":"versele-laga-oropharma-muta-vit","status":"publish","type":"product","link":"https:\/\/pawz.rs\/en\/versele-laga-oropharma-muta-vit\/","title":{"rendered":"Versele Laga Oropharma Muta-Vit"},"content":{"rendered":"<p><strong>Versele Laga Oropharma Muta-Vit<\/strong><\/p>\n<div class=\"col-md-12 text-center\">\n<div class=\"col-md-12 text-center\">\n<div class=\"col-md-12 text-center\">\n<div class=\"col-md-12 text-center\">\n<p>Multi-vitaminski dodatak ishrani sa metioninom koji potpoma\u017ee mitarenje<\/p>\n<\/div>\n<\/div>\n<\/div>\n<p>Oropharma Muta-Vit je te\u010dna me\u0161avina vitamina, amino kiselina i elemenata u tragovima sa velikim sadr\u017eajem sulfurnih amino kiselina i biotina.<\/p>\n<p>Ovaj suplement potpoma\u017ee pravilan razvoj perja, \u0161titi jetru i osigurava optimalno funkcionisanje metabolizma. Muta-Vit poma\u017ee u spre\u010davanju preteranog mitarenja uzrokovanog stresom. Tokom mitarenja ptice su izlo\u017eene stresu.<\/p>\n<p>Tada je potrebno ubaciti suplemente u ishranu. Sulfurne amino kiseline u Muta-Vitu su esencijalne za proizvodnju keratina koji je gradivni materijal ko\u017ee i perja.<\/p>\n<p>Biotin osigurava dobar kvalitet keratina. Ovo dovodi do brzog i kvalitetnog mitarenja.<\/p>\n<ul>\n<li>Idealan u sezoni mitarenja: potpoma\u017ee zdravlje i gustinu perja<\/li>\n<li>Oja\u010dava perje<\/li>\n<li>Spre\u010dava gubitak perja usred stresa<\/li>\n<\/ul>\n<p><strong>Sastav:\u00a0<\/strong>Glukoza, metadekstrin<\/p>\n<p><strong>Dodaci po kilogramu proizvoda: Nutritivni dodaci:<\/strong>\u00a0vitamin A 2850000 IU, vitamin D3 200000 IU, vitamin E 20000 mg, vitamin K3 635 mg, vitamin B1 830 mg, vitamin B2 3350 mg, kalcijum D-pantotenat 2300 mg, vitamin B6 1250 mg, vitamin B12 5 mg, vitamin C 12550 mg, niacin 16750 mg, foli\u010dna kiselina 310 mg, biotin 225 mg, 3.2.3. L-lizin 19000 mg, 3c301 DL-metionin 28500 mg, E1 (gvo\u017e\u0111e) 2350 mg, E4 (bakar) 475 mg, E5 (mangan) 4700 mg, 3b605 (cink) 4250 mg, 3b202 (jod) 95 mg, 3b8.11 (selenijum) 19 mg;<\/p>\n<p><strong>Tehnolo\u0161ki dodaci:\u00a0<\/strong>Antioksidansi<\/p>\n<p><strong>Uputstvo za upotrebu:<\/strong><\/p>\n<p>1 merica ( oko 1 gram ) na 250 ml \u010diste pija\u0107e vode ili 100 g Orlux jaj\u010dane hrane<\/p>\n<p>Tokom mitarenja kako bi perje bilo gusto i sjajno davati tri puta nedeljno<\/p>\n<p>Tokom pripreme za sezonu izlo\u017ebi davati 4 dana uzastopce<\/p>\n<p>Nakon tretmana antibioticima ili drugim lekovima davati 5 dana uzastopce<\/p>\n<p>U slu\u010daju smanjenog apetita kod poreme\u0107aja metabolizma davati tokom cele nedelje<\/p>\n<p>\u010cuvati na suvom i hladnom mestu<\/p>\n<p>Dostupno u pakovanjima od 25 g i 200 g<\/p>\n<p>Proizvo\u0111a\u010d: Versele Laga<br \/>\nZemlja porekla: Belgija (EU)<\/p>\n<\/div>\n\n    <div class=\"xs_social_share_widget xs_share_url after_content \t\tmain_content  wslu-style-1 wslu-share-box-shaped wslu-fill-colored wslu-none wslu-share-horizontal wslu-theme-font-no wslu-main_content\">\n\n\t\t\n        <ul>\n\t\t\t        <\/ul>\n    <\/div>","protected":false},"excerpt":{"rendered":"<div class=\"col-md-12 text-center\">\n<div class=\"col-md-12 text-center\">\n<div class=\"col-md-12 text-center\">\n<div class=\"col-md-12 text-center\">\n<p>Multi-vitaminski dodatak ishrani sa metioninom koji potpoma\u017ee mitarenje<\/p>\n<\/div>\n<\/div>\n<\/div>\n<\/div>","protected":false},"featured_media":41418,"comment_status":"open","ping_status":"closed","template":"","meta":{"_acf_changed":false},"pwb-brand":[318],"product_cat":[1280,1119],"product_tag":[],"class_list":{"0":"post-41415","1":"product","2":"type-product","3":"status-publish","4":"has-post-thumbnail","6":"pwb-brand-versele-laga","7":"product_cat-dodaci-ishrani-za-ptice","8":"product_cat-ptice","10":"first","11":"instock","12":"taxable","13":"shipping-taxable","14":"purchasable","15":"product-type-variable","16":"has-default-attributes"},"acf":[],"brands":[{"id":318,"name":"Versele-Laga","slug":"versele-laga"}],"_links":{"self":[{"href":"https:\/\/pawz.rs\/en\/wp-json\/wp\/v2\/product\/41415","targetHints":{"allow":["GET"]}}],"collection":[{"href":"https:\/\/pawz.rs\/en\/wp-json\/wp\/v2\/product"}],"about":[{"href":"https:\/\/pawz.rs\/en\/wp-json\/wp\/v2\/types\/product"}],"replies":[{"embeddable":true,"href":"https:\/\/pawz.rs\/en\/wp-json\/wp\/v2\/comments?post=41415"}],"wp:featuredmedia":[{"embeddable":true,"href":"https:\/\/pawz.rs\/en\/wp-json\/wp\/v2\/media\/41418"}],"wp:attachment":[{"href":"https:\/\/pawz.rs\/en\/wp-json\/wp\/v2\/media?parent=41415"}],"wp:term":[{"taxonomy":"pwb-brand","embeddable":true,"href":"https:\/\/pawz.rs\/en\/wp-json\/wp\/v2\/pwb-brand?post=41415"},{"taxonomy":"product_cat","embeddable":true,"href":"https:\/\/pawz.rs\/en\/wp-json\/wp\/v2\/product_cat?post=41415"},{"taxonomy":"product_tag","embeddable":true,"href":"https:\/\/pawz.rs\/en\/wp-json\/wp\/v2\/product_tag?post=41415"}],"curies":[{"name":"wp","href":"https:\/\/api.w.org\/{rel}","templated":true}]}}