{"id":41419,"date":"2025-06-09T16:53:21","date_gmt":"2025-06-09T14:53:21","guid":{"rendered":"https:\/\/pawz.rs\/?post_type=product&#038;p=41419"},"modified":"2026-02-01T13:13:38","modified_gmt":"2026-02-01T12:13:38","slug":"versele-laga-oropharma-calci-lux","status":"publish","type":"product","link":"https:\/\/pawz.rs\/en\/versele-laga-oropharma-calci-lux\/","title":{"rendered":"Versele Laga Oropharma Calci-Lux"},"content":{"rendered":"<p><strong>Versele Laga Oropharma Calci-Lux<\/strong><\/p>\n<div class=\"col-md-12 text-center\">\n<div class=\"col-md-12 text-center\">\n<div class=\"col-md-12 text-center\">\n<div class=\"col-md-12 text-center\">\n<div class=\"col-md-12 text-center\">\n<p>Dodatak ishrani namenjen pticama sa kalcijumom. Rastvara se u vodi<\/p>\n<\/div>\n<\/div>\n<\/div>\n<\/div>\n<p>Oropharma Calci-Lux je visoko kvalitetni izvor kalcijuma koji se rastvara u vodi.<\/p>\n<p>Koristi se radi optimalnog formiranja ljuske jajeta, formiranja skeleta kod mladih ptica, tokom sezone parenja kako bi se spre\u010dilo spajanje jaja, u slu\u010dajevima deficiencije kalcijuma, i kod spazma mi\u0161i\u0107a uzrokovanih tim stanjem.<\/p>\n<ul>\n<li>Suplement sa kalcijumom koji potpoma\u017ee poptimalno formiranje ljuske jajeta<\/li>\n<li>Potpoma\u017ee\u00a0 formiranja skeleta kod mladih ptica<\/li>\n<li>koristi se kod\u00a0 deficiencije kalcijuma, i kod spazma mi\u0161i\u0107a uzrokovanih tim stanjem<\/li>\n<\/ul>\n<p><strong>Sastav:<\/strong>\u00a0Kalcijum laktat, dekstroza<\/p>\n<p><strong>Analytical composition:<\/strong>\u00a0kalcijum 7,25%<\/p>\n<p><strong>Uputstvo za upotrebu:<\/strong><\/p>\n<ol>\n<li>Preventivno kori\u0161\u0107enje za odrasle ptice van sezone parenja: jedna merica ( oko 4 grama ) na 250 ml sve\u017ee pija\u0107e vode ili u 100 grama Orlux jaj\u010dane hrane minimum 4 puta nedeljno<\/li>\n<li>Obezbe\u0111ivanje dovoljne koli\u010dine kalcijuma pre i tokom sezone parenja: 2 merice ( oko 8 grama ) na 250 ml sve\u017ee pija\u0107e vode ili u 100 grama Orlux jaj\u010dane hrane minimum 4 puta nedeljno<\/li>\n<li>Kod deficijencije kalcijuma; 3 merice ( oko 12 grama ) na 250 ml sve\u017ee pija\u0107e vode ili u 100 grama Orlux jaj\u010dane hrane minimum 4 puta nedeljno<\/li>\n<\/ol>\n<p><strong>Savet:\u00a0<\/strong>Kako bi se preparat pravilno rastvorio proremite ga 10-15 minuta pre davanja pticama.<\/p>\n<p>Pre upotrebe dobro prome\u0161ati rastvor. Kako bi se dobila bolja apsorpcija kalcijuma preporu\u010duje se dodavanje vitamina D3.<\/p>\n<p>Preporu\u010dujemo upotrebu Calci-Lux u kombinaciji sa\u00a0 Oropharma Omni-Vit<\/p>\n<p>Dostupno u pakovanjima od 150 g i 500 g<\/p>\n<p>Proizvo\u0111a\u010d: Versele Laga<br \/>\nZemlja porekla: Belgija (EU)<\/p>\n<\/div>\n\n    <div class=\"xs_social_share_widget xs_share_url after_content \t\tmain_content  wslu-style-1 wslu-share-box-shaped wslu-fill-colored wslu-none wslu-share-horizontal wslu-theme-font-no wslu-main_content\">\n\n\t\t\n        <ul>\n\t\t\t        <\/ul>\n    <\/div>","protected":false},"excerpt":{"rendered":"<div class=\"col-md-12 text-center\">\n<div class=\"col-md-12 text-center\">\n<div class=\"col-md-12 text-center\">\n<div class=\"col-md-12 text-center\">\n<div class=\"col-md-12 text-center\">\n<p>Dodatak ishrani namenjen pticama sa kalcijumom. Rastvara se u vodi<\/p>\n<\/div>\n<\/div>\n<\/div>\n<\/div>\n<\/div>","protected":false},"featured_media":41422,"comment_status":"open","ping_status":"closed","template":"","meta":{"_acf_changed":false},"pwb-brand":[318],"product_cat":[1280,1119],"product_tag":[],"class_list":{"0":"post-41419","1":"product","2":"type-product","3":"status-publish","4":"has-post-thumbnail","6":"pwb-brand-versele-laga","7":"product_cat-dodaci-ishrani-za-ptice","8":"product_cat-ptice","10":"first","11":"instock","12":"taxable","13":"shipping-taxable","14":"purchasable","15":"product-type-variable","16":"has-default-attributes"},"acf":[],"brands":[{"id":318,"name":"Versele-Laga","slug":"versele-laga"}],"_links":{"self":[{"href":"https:\/\/pawz.rs\/en\/wp-json\/wp\/v2\/product\/41419","targetHints":{"allow":["GET"]}}],"collection":[{"href":"https:\/\/pawz.rs\/en\/wp-json\/wp\/v2\/product"}],"about":[{"href":"https:\/\/pawz.rs\/en\/wp-json\/wp\/v2\/types\/product"}],"replies":[{"embeddable":true,"href":"https:\/\/pawz.rs\/en\/wp-json\/wp\/v2\/comments?post=41419"}],"wp:featuredmedia":[{"embeddable":true,"href":"https:\/\/pawz.rs\/en\/wp-json\/wp\/v2\/media\/41422"}],"wp:attachment":[{"href":"https:\/\/pawz.rs\/en\/wp-json\/wp\/v2\/media?parent=41419"}],"wp:term":[{"taxonomy":"pwb-brand","embeddable":true,"href":"https:\/\/pawz.rs\/en\/wp-json\/wp\/v2\/pwb-brand?post=41419"},{"taxonomy":"product_cat","embeddable":true,"href":"https:\/\/pawz.rs\/en\/wp-json\/wp\/v2\/product_cat?post=41419"},{"taxonomy":"product_tag","embeddable":true,"href":"https:\/\/pawz.rs\/en\/wp-json\/wp\/v2\/product_tag?post=41419"}],"curies":[{"name":"wp","href":"https:\/\/api.w.org\/{rel}","templated":true}]}}