{"id":41425,"date":"2025-06-09T16:53:20","date_gmt":"2025-06-09T14:53:20","guid":{"rendered":"https:\/\/pawz.rs\/?post_type=product&#038;p=41425"},"modified":"2025-06-29T19:47:46","modified_gmt":"2025-06-29T17:47:46","slug":"versele-laga-oropharma-oro-digest-150g","status":"publish","type":"product","link":"https:\/\/pawz.rs\/en\/versele-laga-oropharma-oro-digest-150g\/","title":{"rendered":"Versele Laga Oropharma Oro-Digest &#8211; 150g"},"content":{"rendered":"<p><strong>Versele Laga Oropharma Oro-Digest &#8211; 150g<\/strong><\/p>\n<div class=\"col-md-12 text-center\">\n<div class=\"col-md-12 text-center\">\n<div class=\"col-md-12 text-center\">\n<div class=\"col-md-12 text-center\">\n<p>Dijetetski suplement za ptice posebno formulisan da odr\u017eava crevnu floru ptica u optimalnoj kondiciji<\/p>\n<\/div>\n<\/div>\n<\/div>\n<p>Ovaj suplement spre\u010dava da se patogene bakterije lepe za zid creva, obezbe\u0111uje bolju konzistenciju izmeta, potpoma\u017ee higijenu gnezda i spre\u010dava da se perje oko kloake lepi jedno za drugo.<\/p>\n<p>Oro-Digest je probiotik koji spre\u010dava patogene bakterije da se lepe za zidove creva na taj na\u010din vra\u0107aju\u0107i normalnu funkciju intestinalnom traktu i dozvoljavaju\u0107i crevnoj flori da se oporavi.<\/p>\n<p>Tako\u0111e poma\u017ee da se zdrave bakterije u crevima normalno razvijaju.<\/p>\n<ul>\n<li>Koristi se u slu\u010dajevima intestinalnih problema i dijareje<\/li>\n<li>Potpoma\u017ee higijenu gnezda te se mo\u017ee koristititi i preventivno<\/li>\n<li>Kako bi se postigli najbolji rezultali preporu\u010duje se da se koristi u kombinaciji sa Oropharma Probi-Zyme<\/li>\n<\/ul>\n<p><strong>Sastav:<\/strong>\u00a0Vlakna jabuke i citrusnog vo\u0107a, dekstroza, natrijum hlorid, MOS, stabilizatori crevne flore<\/p>\n<p><strong>Uputstvo za upotrebu:<\/strong><\/p>\n<p>1 merica ( oko 4 grama ) na 100 grama Orlux jaj\u010dane hrane. Ne sme se me\u0161ati sa vodom ve\u0107 isklju\u010divo sa hranom<\/p>\n<p>U slu\u010dajevima pojave meke stolice ili dijareje davati 5 dana za redom<\/p>\n<p>Od izleganja pti\u0107a do prelaska na samostalno hranjenje<\/p>\n<p>U svim slu\u010dajevima kada su ptice pod bilo kakvim stesom. 4 dana za redom pre izlo\u017ebe<\/p>\n<p>\u010cuvati na suvom i hladnom mestu<\/p>\n<p>Dostupno u pakovanju od 150 g<\/p>\n<p>Proizvo\u0111a\u010d: Versele Laga<br \/>\nZemlja porekla: Belgija (EU)<\/p>\n<\/div>\n\n    <div class=\"xs_social_share_widget xs_share_url after_content \t\tmain_content  wslu-style-1 wslu-share-box-shaped wslu-fill-colored wslu-none wslu-share-horizontal wslu-theme-font-no wslu-main_content\">\n\n\t\t\n        <ul>\n\t\t\t        <\/ul>\n    <\/div>","protected":false},"excerpt":{"rendered":"<div class=\"col-md-12 text-center\">\n<div class=\"col-md-12 text-center\">\n<div class=\"col-md-12 text-center\">\n<div class=\"col-md-12 text-center\">\n<p>Dijetetski suplement za ptice posebno formulisan da odr\u017eava crevnu floru ptica u optimalnoj kondiciji<\/p>\n<\/div>\n<\/div>\n<\/div>\n<\/div>","protected":false},"featured_media":41426,"comment_status":"open","ping_status":"closed","template":"","meta":{"_acf_changed":false},"pwb-brand":[318],"product_cat":[1280,1119],"product_tag":[],"class_list":{"0":"post-41425","1":"product","2":"type-product","3":"status-publish","4":"has-post-thumbnail","6":"pwb-brand-versele-laga","7":"product_cat-dodaci-ishrani-za-ptice","8":"product_cat-ptice","10":"first","11":"instock","12":"taxable","13":"shipping-taxable","14":"purchasable","15":"product-type-simple"},"acf":[],"brands":[{"id":318,"name":"Versele-Laga","slug":"versele-laga"}],"_links":{"self":[{"href":"https:\/\/pawz.rs\/en\/wp-json\/wp\/v2\/product\/41425","targetHints":{"allow":["GET"]}}],"collection":[{"href":"https:\/\/pawz.rs\/en\/wp-json\/wp\/v2\/product"}],"about":[{"href":"https:\/\/pawz.rs\/en\/wp-json\/wp\/v2\/types\/product"}],"replies":[{"embeddable":true,"href":"https:\/\/pawz.rs\/en\/wp-json\/wp\/v2\/comments?post=41425"}],"wp:featuredmedia":[{"embeddable":true,"href":"https:\/\/pawz.rs\/en\/wp-json\/wp\/v2\/media\/41426"}],"wp:attachment":[{"href":"https:\/\/pawz.rs\/en\/wp-json\/wp\/v2\/media?parent=41425"}],"wp:term":[{"taxonomy":"pwb-brand","embeddable":true,"href":"https:\/\/pawz.rs\/en\/wp-json\/wp\/v2\/pwb-brand?post=41425"},{"taxonomy":"product_cat","embeddable":true,"href":"https:\/\/pawz.rs\/en\/wp-json\/wp\/v2\/product_cat?post=41425"},{"taxonomy":"product_tag","embeddable":true,"href":"https:\/\/pawz.rs\/en\/wp-json\/wp\/v2\/product_tag?post=41425"}],"curies":[{"name":"wp","href":"https:\/\/api.w.org\/{rel}","templated":true}]}}