{"id":41430,"date":"2025-06-09T16:53:19","date_gmt":"2025-06-09T14:53:19","guid":{"rendered":"https:\/\/pawz.rs\/?post_type=product&#038;p=41430"},"modified":"2026-02-01T13:13:37","modified_gmt":"2026-02-01T12:13:37","slug":"versele-laga-oropharma-proby-zyme-200g","status":"publish","type":"product","link":"https:\/\/pawz.rs\/en\/versele-laga-oropharma-proby-zyme-200g\/","title":{"rendered":"Versele Laga Oropharma Proby-Zyme &#8211; 200g"},"content":{"rendered":"<p><strong>Versele Laga Oropharma Proby-Zyme &#8211; 200g<\/strong><\/p>\n<div class=\"col-md-12 text-center\">\n<div class=\"col-md-12 text-center\">\n<div class=\"col-md-12 text-center\">\n<div class=\"col-md-12 text-center\">\n<div class=\"col-md-12 text-center\">\n<p>Dijetetski suplement za ptice koji je kombinacija probiotika i digestivnih enzima<\/p>\n<\/div>\n<\/div>\n<\/div>\n<\/div>\n<p>Ovaj suplement pobolj\u0161ava intestinalnu floru, osigurava bolje varenje hrane kod odraslih ptica i pti\u0107a tek jedan dan starih.<\/p>\n<p>Proby-Zyme sadr\u017ei probiotike.<\/p>\n<p>To su dobre bakterije prisutne u crevima ptica. Pored njih sadr\u017ei i enzime koji osiguravaju optimalno varenje hrane.<\/p>\n<p>Kombinacija probiotika i enzima obezbe\u0111uje optimalno funkcionisanje digestivnog trakta. Ovo je jedan od retkih proizvoda koji sadr\u017ei garantovano veliku koncentraciju dobrih bakterija.<\/p>\n<ul>\n<li>Obezbe\u0111uje optimalnu intestinalnu floru a samim tim i bolje varenje<\/li>\n<li>Neophodan nakon le\u010denja ptica antibioticima<\/li>\n<li>Kako bi se postigli najbolji rezultali preporu\u010duje se da se koristi u kombinaciji sa Oropharma Oro-Digest<\/li>\n<\/ul>\n<p><strong>Sastav:<\/strong>\u00a0Kalcijum karbonat, p\u0161eni\u010dni obrok, stabilizatori crevne flore, enzimi<\/p>\n<p><strong>Uputstvo za upotrebu:<\/strong><\/p>\n<p>1 merica (oko 1 gram) na 100 grama Orlux jaj\u010dane hrane. Davati 5 dana uzastopce.<\/p>\n<p>Ne sme se me\u0161ati sa vodom ve\u0107 isklju\u010divo sa hranom<\/p>\n<p>U svim slu\u010dajevima kada su ptice pod bilo kakvim stesom.<\/p>\n<p>4 dana za redom pre izlo\u017ebe<\/p>\n<p>\u010cuvati na suvom i hladnom mestu<\/p>\n<p>Dostupno u pakovanju od 200 g<\/p>\n<p>Proizvo\u0111a\u010d: Versele Laga<br \/>\nZemlja porekla: Belgija (EU)<\/p>\n<\/div>\n\n    <div class=\"xs_social_share_widget xs_share_url after_content \t\tmain_content  wslu-style-1 wslu-share-box-shaped wslu-fill-colored wslu-none wslu-share-horizontal wslu-theme-font-no wslu-main_content\">\n\n\t\t\n        <ul>\n\t\t\t        <\/ul>\n    <\/div>","protected":false},"excerpt":{"rendered":"<div class=\"col-md-12 text-center\">\n<div class=\"col-md-12 text-center\">\n<div class=\"col-md-12 text-center\">\n<div class=\"col-md-12 text-center\">\n<div class=\"col-md-12 text-center\">\n<p>Dijetetski suplement za ptice koji je kombinacija probiotika i digestivnih enzima<\/p>\n<\/div>\n<\/div>\n<\/div>\n<\/div>\n<\/div>","protected":false},"featured_media":41431,"comment_status":"open","ping_status":"closed","template":"","meta":{"_acf_changed":false},"pwb-brand":[318],"product_cat":[1280,1119],"product_tag":[],"class_list":{"0":"post-41430","1":"product","2":"type-product","3":"status-publish","4":"has-post-thumbnail","6":"pwb-brand-versele-laga","7":"product_cat-dodaci-ishrani-za-ptice","8":"product_cat-ptice","10":"first","11":"instock","12":"taxable","13":"shipping-taxable","14":"purchasable","15":"product-type-simple"},"acf":[],"brands":[{"id":318,"name":"Versele-Laga","slug":"versele-laga"}],"_links":{"self":[{"href":"https:\/\/pawz.rs\/en\/wp-json\/wp\/v2\/product\/41430","targetHints":{"allow":["GET"]}}],"collection":[{"href":"https:\/\/pawz.rs\/en\/wp-json\/wp\/v2\/product"}],"about":[{"href":"https:\/\/pawz.rs\/en\/wp-json\/wp\/v2\/types\/product"}],"replies":[{"embeddable":true,"href":"https:\/\/pawz.rs\/en\/wp-json\/wp\/v2\/comments?post=41430"}],"wp:featuredmedia":[{"embeddable":true,"href":"https:\/\/pawz.rs\/en\/wp-json\/wp\/v2\/media\/41431"}],"wp:attachment":[{"href":"https:\/\/pawz.rs\/en\/wp-json\/wp\/v2\/media?parent=41430"}],"wp:term":[{"taxonomy":"pwb-brand","embeddable":true,"href":"https:\/\/pawz.rs\/en\/wp-json\/wp\/v2\/pwb-brand?post=41430"},{"taxonomy":"product_cat","embeddable":true,"href":"https:\/\/pawz.rs\/en\/wp-json\/wp\/v2\/product_cat?post=41430"},{"taxonomy":"product_tag","embeddable":true,"href":"https:\/\/pawz.rs\/en\/wp-json\/wp\/v2\/product_tag?post=41430"}],"curies":[{"name":"wp","href":"https:\/\/api.w.org\/{rel}","templated":true}]}}