{"id":41437,"date":"2025-06-09T16:53:17","date_gmt":"2025-06-09T14:53:17","guid":{"rendered":"https:\/\/pawz.rs\/?post_type=product&#038;p=41437"},"modified":"2026-02-01T13:14:31","modified_gmt":"2026-02-01T12:14:31","slug":"versele-laga-oropharma-yel-lux-20g","status":"publish","type":"product","link":"https:\/\/pawz.rs\/en\/versele-laga-oropharma-yel-lux-20g\/","title":{"rendered":"Versele Laga Oropharma Yel-Lux &#8211; 20g"},"content":{"rendered":"<p><strong>Versele Laga Oropharma Yel-Lux &#8211; 20g<\/strong><\/p>\n<div class=\"col-md-12 text-center\">\n<div class=\"col-md-12 text-center\">\n<div class=\"col-md-12 text-center\">\n<div class=\"col-md-12 text-center\">\n<div class=\"col-md-12 text-center\">\n<div class=\"col-md-12 text-center\">\n<p>Dodatak ishrani za ptice na bazi luteina<\/p>\n<\/div>\n<\/div>\n<\/div>\n<\/div>\n<\/div>\n<p>Oropharma Yel-Lux je dodatak ishrani za ptice baziran na luteinu koji stimuli\u0161e i intenzivira \u017eutu boju perja.<\/p>\n<p>Kada se Yel-Lux doda ishrani lutein se transportuje do korena perja i time daje intnezivniju \u017eutu boju.<\/p>\n<p>Tako formirano perje ostaje iste boje do izrastanja novog perja.<\/p>\n<p>Yel-Lux se ne rastvara u vodi pa mora biti dodat osnovnoj hrani za ptice<\/p>\n<p>Osigurava da boja perja kanarinaca bude prelepa, intenzivna i sve\u017ea<\/p>\n<p><strong>Sastav:\u00a0<\/strong>Tagetes erecta L., Kalcijum laktat, Dekstroza, Boje za hranu<\/p>\n<p><strong>Tehnolo\u0161ki dodaci:<\/strong>\u00a0Antioksidansi;<\/p>\n<p><strong>Senzorni dodaci:\u00a0<\/strong>Lutein 8000 mg<\/p>\n<p><strong>Uputstvo za upotrebu:<\/strong><\/p>\n<p>1 kafena ka\u0161i\u010dica (oko 1 gram) Yel-Lux na 100 grama Orlux jaj\u010dane hrane. Yel-Lux mora biti pome\u0161an sa hranom.<\/p>\n<p>Nikako sa pija\u0107om vodom<\/p>\n<p>Tokom sezone parenja davati svakog dana. Po\u010deti dve nedelje pre izleganja prvog jajeta<\/p>\n<p>Tokom perioda mitarenja davati svaki dan tokom sezone izlo\u017ebi<\/p>\n<p>Izlo\u017ebenim pticama davati svakoga dana<\/p>\n<p>\u010cuvati na suvom i hladnom mestu<\/p>\n<p><strong>Savet:\u00a0<\/strong><\/p>\n<p>Ukoliko krvna linija ptica ima prirodno inteunzivnu \u017eutu boju perja ili ukoliko je hrana kojom se ptice hrane ve\u0107 bogata ksantopil pigmentima (uljana repica, \u017eumance&#8230;) dovoljno je davati samo pola doze od druge nedelje \u017eivota (1 gram na 200 grama jaj\u010dane hrane)<\/p>\n<p>Dostupno u pakovanju od 20 g<\/p>\n<p>Proizvo\u0111a\u010d: Versele Laga<br \/>\nZemlja porekla: Belgija (EU)<\/p>\n<\/div>\n\n    <div class=\"xs_social_share_widget xs_share_url after_content \t\tmain_content  wslu-style-1 wslu-share-box-shaped wslu-fill-colored wslu-none wslu-share-horizontal wslu-theme-font-no wslu-main_content\">\n\n\t\t\n        <ul>\n\t\t\t        <\/ul>\n    <\/div>","protected":false},"excerpt":{"rendered":"<div class=\"col-md-12 text-center\">\n<div class=\"col-md-12 text-center\">\n<div class=\"col-md-12 text-center\">\n<div class=\"col-md-12 text-center\">\n<div class=\"col-md-12 text-center\">\n<div class=\"col-md-12 text-center\">\n<p>Dodatak ishrani za ptice na bazi luteina<\/p>\n<\/div>\n<\/div>\n<\/div>\n<\/div>\n<\/div>\n<\/div>","protected":false},"featured_media":41438,"comment_status":"open","ping_status":"closed","template":"","meta":{"_acf_changed":false},"pwb-brand":[318],"product_cat":[1280,1119],"product_tag":[],"class_list":{"0":"post-41437","1":"product","2":"type-product","3":"status-publish","4":"has-post-thumbnail","6":"pwb-brand-versele-laga","7":"product_cat-dodaci-ishrani-za-ptice","8":"product_cat-ptice","10":"first","11":"instock","12":"taxable","13":"shipping-taxable","14":"purchasable","15":"product-type-simple"},"acf":[],"brands":[{"id":318,"name":"Versele-Laga","slug":"versele-laga"}],"_links":{"self":[{"href":"https:\/\/pawz.rs\/en\/wp-json\/wp\/v2\/product\/41437","targetHints":{"allow":["GET"]}}],"collection":[{"href":"https:\/\/pawz.rs\/en\/wp-json\/wp\/v2\/product"}],"about":[{"href":"https:\/\/pawz.rs\/en\/wp-json\/wp\/v2\/types\/product"}],"replies":[{"embeddable":true,"href":"https:\/\/pawz.rs\/en\/wp-json\/wp\/v2\/comments?post=41437"}],"wp:featuredmedia":[{"embeddable":true,"href":"https:\/\/pawz.rs\/en\/wp-json\/wp\/v2\/media\/41438"}],"wp:attachment":[{"href":"https:\/\/pawz.rs\/en\/wp-json\/wp\/v2\/media?parent=41437"}],"wp:term":[{"taxonomy":"pwb-brand","embeddable":true,"href":"https:\/\/pawz.rs\/en\/wp-json\/wp\/v2\/pwb-brand?post=41437"},{"taxonomy":"product_cat","embeddable":true,"href":"https:\/\/pawz.rs\/en\/wp-json\/wp\/v2\/product_cat?post=41437"},{"taxonomy":"product_tag","embeddable":true,"href":"https:\/\/pawz.rs\/en\/wp-json\/wp\/v2\/product_tag?post=41437"}],"curies":[{"name":"wp","href":"https:\/\/api.w.org\/{rel}","templated":true}]}}