{"id":41439,"date":"2025-06-09T16:53:16","date_gmt":"2025-06-09T14:53:16","guid":{"rendered":"https:\/\/pawz.rs\/?post_type=product&#038;p=41439"},"modified":"2026-02-01T13:13:38","modified_gmt":"2026-02-01T12:13:38","slug":"versele-laga-oropharma-oro-bath-300g","status":"publish","type":"product","link":"https:\/\/pawz.rs\/en\/versele-laga-oropharma-oro-bath-300g\/","title":{"rendered":"Versele Laga Oropharma Oro-Bath &#8211; 300g"},"content":{"rendered":"<p><strong>Versele Laga Oropharma Oro-Bath &#8211; 300g<\/strong><\/p>\n<div class=\"col-md-12 text-center\">\n<div class=\"col-md-12 text-center\">\n<div class=\"col-md-12 text-center\">\n<div class=\"col-md-12 text-center\">\n<div class=\"col-md-12 text-center\">\n<div class=\"col-md-12 text-center\">\n<p>Posebno formulisane soli za kupanje ptica<\/p>\n<\/div>\n<\/div>\n<\/div>\n<\/div>\n<\/div>\n<p>Oro-Bath je tako formulisan da \u010dini perje fleksibilnijim, spre\u010dava pojavu ljuspica na nogama i ko\u017ei ptica a perje \u010dini gustim i sjajnim.<\/p>\n<p>Opu\u0161ta mi\u0161i\u0107e i \u010disti ko\u017eu i perje.<\/p>\n<p>Op\u0161te je poznato da ptice vole da se kupaju \u0161to im je tako\u0111e i neophodno kako bi perje ostalo sjajno i gusto.<\/p>\n<p>Pored toga \u0161to Oro-Bath \u010dini perje fleksibilnijim on tako\u0111e poja\u010dava njegovu otpornost na vodu.<\/p>\n<ul>\n<li>Tretman za ko\u017eu i perje<\/li>\n<li>Opu\u0161ta mi\u0161i\u0107e i ne\u017eno \u010disti ko\u017eu i perje<\/li>\n<li>Prevencija protivn grinja<\/li>\n<\/ul>\n<p><strong>Sastav:\u00a0<\/strong>Natrijum hlorid, natrijum bikarbonat, ulje srebrne \u0161i\u0161arke, CI 45350<\/p>\n<p><strong>Uputstvo za upotrebu:<\/strong><\/p>\n<p>1 merica (oko 1 gram) na 250 ml mlake vode za kupanje ili vode u prskalici.<\/p>\n<p>Rastvor se mo\u017ee staviti u kadicu za kupanje ili se ptice mogu prskati prskalicom.<\/p>\n<p>Tokom zime kupati ptice 1 puta nedeljno<\/p>\n<p>Tokom sezone izlo\u017ebi 1 puta pre izlaska na izlo\u017ebu, 1 puta posle vra\u0107anja sa izlo\u017ebe i izme\u0111u izlo\u017ebi svakih 2 do 3 dana<\/p>\n<p>Ostatak vremena 2 puta nedeljno<\/p>\n<p>Ukoliko se Oro-Bath dodaje u vodu za kupanje, treba je skloniti nakon nekoliko sati<\/p>\n<p>Dostupno u pakovanju od 300 g<\/p>\n<p>Proizvo\u0111a\u010d: Versele Laga<br \/>\nZemlja porekla: Belgija (EU)<\/p>\n<\/div>\n\n    <div class=\"xs_social_share_widget xs_share_url after_content \t\tmain_content  wslu-style-1 wslu-share-box-shaped wslu-fill-colored wslu-none wslu-share-horizontal wslu-theme-font-no wslu-main_content\">\n\n\t\t\n        <ul>\n\t\t\t        <\/ul>\n    <\/div>","protected":false},"excerpt":{"rendered":"<div class=\"col-md-12 text-center\">\n<div class=\"col-md-12 text-center\">\n<div class=\"col-md-12 text-center\">\n<div class=\"col-md-12 text-center\">\n<div class=\"col-md-12 text-center\">\n<div class=\"col-md-12 text-center\">\n<p>Posebno formulisane soli za kupanje ptica<\/p>\n<\/div>\n<\/div>\n<\/div>\n<\/div>\n<\/div>\n<\/div>","protected":false},"featured_media":41440,"comment_status":"open","ping_status":"closed","template":"","meta":{"_acf_changed":false},"pwb-brand":[318],"product_cat":[1281,1119],"product_tag":[],"class_list":{"0":"post-41439","1":"product","2":"type-product","3":"status-publish","4":"has-post-thumbnail","6":"pwb-brand-versele-laga","7":"product_cat-oprema-higijena-za-ptice","8":"product_cat-ptice","10":"first","11":"instock","12":"taxable","13":"shipping-taxable","14":"purchasable","15":"product-type-simple"},"acf":[],"brands":[{"id":318,"name":"Versele-Laga","slug":"versele-laga"}],"_links":{"self":[{"href":"https:\/\/pawz.rs\/en\/wp-json\/wp\/v2\/product\/41439","targetHints":{"allow":["GET"]}}],"collection":[{"href":"https:\/\/pawz.rs\/en\/wp-json\/wp\/v2\/product"}],"about":[{"href":"https:\/\/pawz.rs\/en\/wp-json\/wp\/v2\/types\/product"}],"replies":[{"embeddable":true,"href":"https:\/\/pawz.rs\/en\/wp-json\/wp\/v2\/comments?post=41439"}],"wp:featuredmedia":[{"embeddable":true,"href":"https:\/\/pawz.rs\/en\/wp-json\/wp\/v2\/media\/41440"}],"wp:attachment":[{"href":"https:\/\/pawz.rs\/en\/wp-json\/wp\/v2\/media?parent=41439"}],"wp:term":[{"taxonomy":"pwb-brand","embeddable":true,"href":"https:\/\/pawz.rs\/en\/wp-json\/wp\/v2\/pwb-brand?post=41439"},{"taxonomy":"product_cat","embeddable":true,"href":"https:\/\/pawz.rs\/en\/wp-json\/wp\/v2\/product_cat?post=41439"},{"taxonomy":"product_tag","embeddable":true,"href":"https:\/\/pawz.rs\/en\/wp-json\/wp\/v2\/product_tag?post=41439"}],"curies":[{"name":"wp","href":"https:\/\/api.w.org\/{rel}","templated":true}]}}