{"id":41441,"date":"2025-06-09T20:21:11","date_gmt":"2025-06-09T18:21:11","guid":{"rendered":"https:\/\/pawz.rs\/?post_type=product&#038;p=41441"},"modified":"2026-02-01T13:13:38","modified_gmt":"2026-02-01T12:13:38","slug":"versele-laga-oropharma-no-pick-100ml","status":"publish","type":"product","link":"https:\/\/pawz.rs\/en\/versele-laga-oropharma-no-pick-100ml\/","title":{"rendered":"Versele Laga Oropharma No-Pick &#8211; 100ml"},"content":{"rendered":"<p><strong>Versele Laga Oropharma No-Pick &#8211; 100ml<\/strong><\/p>\n<div class=\"col-md-12 text-center\">\n<div class=\"col-md-12 text-center\">\n<div class=\"col-md-12 text-center\">\n<div class=\"col-md-12 text-center\">\n<p>Oropharma No-Pick je sprej gorkog ukusa koji spre\u010dava \u010dupanje perja<\/p>\n<\/div>\n<\/div>\n<\/div>\n<p style=\"font-weight: 400\">Ovaj sprej spre\u010dava odrasle ptice da \u010dupaju perje pti\u0107a.<\/p>\n<p style=\"font-weight: 400\">Tako\u0111e spre\u010dava ptice da \u010dupaju sopstveno perje i nanose sebi povrede.<\/p>\n<ul>\n<li style=\"font-weight: 400\">Spre\u010dava \u010dupanje perja zbog svog vrlo gorkog ukusa<\/li>\n<li style=\"font-weight: 400\">Spre\u010dava odrasle ptice da \u010dupaju perje pti\u0107a<\/li>\n<li style=\"font-weight: 400\">Poma\u017ee u slu\u010dajevima kada ptice \u010dupaju sopstveno perje<\/li>\n<\/ul>\n<p style=\"font-weight: 400\"><b><strong>Sastav:<\/strong><\/b>\u00a0Voda, Denatonijumbenzoat, Benzalkonium hloride, Benzil Alkohol, Metilhloroizotiazolinon, Metilizotiazolion<\/p>\n<p style=\"font-weight: 400\"><b><strong>Uputstvo za upotrebu:<\/strong><\/b><\/p>\n<p style=\"font-weight: 400\">Prskajte ptice ovim sprejom jednom dnevno.<\/p>\n<p style=\"font-weight: 400\">Nikako ne prskajte kljun i o\u010di.<\/p>\n<p style=\"font-weight: 400\">Dr\u017eati van doma\u0161aja dece<\/p>\n<p>Dostupno u pakovanju od 100ml<\/p>\n<p>Proizvo\u0111a\u010d: Versele Laga<br \/>\nZemlja porekla: Belgija (EU)<\/p>\n<\/div>\n\n    <div class=\"xs_social_share_widget xs_share_url after_content \t\tmain_content  wslu-style-1 wslu-share-box-shaped wslu-fill-colored wslu-none wslu-share-horizontal wslu-theme-font-no wslu-main_content\">\n\n\t\t\n        <ul>\n\t\t\t        <\/ul>\n    <\/div>","protected":false},"excerpt":{"rendered":"<div class=\"col-md-12 text-center\">\n<div class=\"col-md-12 text-center\">\n<div class=\"col-md-12 text-center\">\n<p>Oropharma No-Pick je sprej gorkog ukusa koji spre\u010dava \u010dupanje perja<\/p>\n<\/div>\n<\/div>\n<\/div>","protected":false},"featured_media":41442,"comment_status":"open","ping_status":"closed","template":"","meta":{"_acf_changed":false},"pwb-brand":[318],"product_cat":[1281,1119],"product_tag":[],"class_list":{"0":"post-41441","1":"product","2":"type-product","3":"status-publish","4":"has-post-thumbnail","6":"pwb-brand-versele-laga","7":"product_cat-oprema-higijena-za-ptice","8":"product_cat-ptice","10":"first","11":"instock","12":"taxable","13":"shipping-taxable","14":"purchasable","15":"product-type-simple"},"acf":[],"brands":[{"id":318,"name":"Versele-Laga","slug":"versele-laga"}],"_links":{"self":[{"href":"https:\/\/pawz.rs\/en\/wp-json\/wp\/v2\/product\/41441","targetHints":{"allow":["GET"]}}],"collection":[{"href":"https:\/\/pawz.rs\/en\/wp-json\/wp\/v2\/product"}],"about":[{"href":"https:\/\/pawz.rs\/en\/wp-json\/wp\/v2\/types\/product"}],"replies":[{"embeddable":true,"href":"https:\/\/pawz.rs\/en\/wp-json\/wp\/v2\/comments?post=41441"}],"wp:featuredmedia":[{"embeddable":true,"href":"https:\/\/pawz.rs\/en\/wp-json\/wp\/v2\/media\/41442"}],"wp:attachment":[{"href":"https:\/\/pawz.rs\/en\/wp-json\/wp\/v2\/media?parent=41441"}],"wp:term":[{"taxonomy":"pwb-brand","embeddable":true,"href":"https:\/\/pawz.rs\/en\/wp-json\/wp\/v2\/pwb-brand?post=41441"},{"taxonomy":"product_cat","embeddable":true,"href":"https:\/\/pawz.rs\/en\/wp-json\/wp\/v2\/product_cat?post=41441"},{"taxonomy":"product_tag","embeddable":true,"href":"https:\/\/pawz.rs\/en\/wp-json\/wp\/v2\/product_tag?post=41441"}],"curies":[{"name":"wp","href":"https:\/\/api.w.org\/{rel}","templated":true}]}}